{"id":960,"date":"2019-04-03T17:13:21","date_gmt":"2019-04-03T15:13:21","guid":{"rendered":"http:\/\/lagirardiere-vendee.fr\/?page_id=960"},"modified":"2022-09-29T17:46:55","modified_gmt":"2022-09-29T15:46:55","slug":"mentions-legales-domaine-de-la-girardiere-vendee","status":"publish","type":"page","link":"https:\/\/lagirardiere-vendee.fr\/index.php\/mentions-legales-domaine-de-la-girardiere-vendee\/","title":{"rendered":"Mentions l\u00e9gales"},"content":{"rendered":"<p><strong>Domaine de La Girardi\u00e8re<\/strong><\/p>\n<p>SAS au capital social de 10 000 \u20ac<\/p>\n<p>Si\u00e8ge social: La Girardi\u00e8re &#8211; 85 310 LE TABLIER<\/p>\n<p>Contact: C\u00e9line DALBERA-LANDOAS &#8211; T\u00e9l: 06 83 86 81 47 &#8211; E-mail: contact@lagirardiere-vendee.fr<\/p>\n<p>SIREN: 528132285<\/p>\n<p>SIRET: 52813228500024<\/p>\n<p>TVA intracommunautaire: FR31 528132285<\/p>\n<p>Responsable de la cr\u00e9ation et de la publication du site internet: C\u00e9line DALBERA-LANDOAS<\/p>\n<p>H\u00e9bergeur du site internet: OVH &#8211; 2 rue Kellermann &#8211; BP 80157 &#8211; 59 053 ROUBAIX Cedex 1 &#8211; FRANCE<\/p>\n<p><strong>Protection des donn\u00e9es personnelles:<\/strong> les donn\u00e9es \u00ab\u00a0Nom\u00a0\u00bb et \u00ab\u00a0Email\u00a0\u00bb fournies dans le formulaire de contact ne font l&rsquo;objet d&rsquo;aucun traitement (pas de fichier, en particulier) et sont utilis\u00e9es uniquement pour pouvoir r\u00e9pondre \u00e0 la personne qui nous \u00e9crit.<\/p>\n<p><strong>Propri\u00e9t\u00e9 intellectuelle:<\/strong> le pr\u00e9sent site internet et l&rsquo;ensemble des \u00e9l\u00e9ments qui le composent (logo, photos, textes,&#8230;) sont la propri\u00e9t\u00e9 exclusive de la SAS Domaine de La Girardi\u00e8re repr\u00e9sent\u00e9e par sa Pr\u00e9sidente, C\u00e9line Dalbera-Landoas. Ils ne peuvent \u00eatre exploit\u00e9s, pour quelque utilisation que ce soit, sans autorisation.<\/p>\n<p>Les trois Meubl\u00e9s de Tourisme de La Girardi\u00e8re sont class\u00e9s <strong>3 \u00e9toiles<\/strong>:<\/p>\n<p><img loading=\"lazy\" decoding=\"async\" class=\"alignnone wp-image-2123 size-medium\" src=\"https:\/\/lagirardiere-vendee.fr\/wp-content\/uploads\/2022\/09\/Classement-3-etoiles-Logis-des-Ponnes-212x300.jpg\" alt=\"\" width=\"212\" height=\"300\" srcset=\"https:\/\/lagirardiere-vendee.fr\/wp-content\/uploads\/2022\/09\/Classement-3-etoiles-Logis-des-Ponnes-212x300.jpg 212w, https:\/\/lagirardiere-vendee.fr\/wp-content\/uploads\/2022\/09\/Classement-3-etoiles-Logis-des-Ponnes-724x1024.jpg 724w, https:\/\/lagirardiere-vendee.fr\/wp-content\/uploads\/2022\/09\/Classement-3-etoiles-Logis-des-Ponnes-768x1086.jpg 768w, https:\/\/lagirardiere-vendee.fr\/wp-content\/uploads\/2022\/09\/Classement-3-etoiles-Logis-des-Ponnes-1086x1536.jpg 1086w, https:\/\/lagirardiere-vendee.fr\/wp-content\/uploads\/2022\/09\/Classement-3-etoiles-Logis-des-Ponnes-1448x2048.jpg 1448w, https:\/\/lagirardiere-vendee.fr\/wp-content\/uploads\/2022\/09\/Classement-3-etoiles-Logis-des-Ponnes-scaled.jpg 1810w\" sizes=\"auto, (max-width: 212px) 100vw, 212px\" \/><img loading=\"lazy\" decoding=\"async\" class=\"alignnone wp-image-2122 size-medium\" src=\"https:\/\/lagirardiere-vendee.fr\/wp-content\/uploads\/2022\/09\/Classement-3-etoiles-Logis-de-lEcuyer-212x300.jpg\" alt=\"\" width=\"212\" height=\"300\" srcset=\"https:\/\/lagirardiere-vendee.fr\/wp-content\/uploads\/2022\/09\/Classement-3-etoiles-Logis-de-lEcuyer-212x300.jpg 212w, https:\/\/lagirardiere-vendee.fr\/wp-content\/uploads\/2022\/09\/Classement-3-etoiles-Logis-de-lEcuyer-724x1024.jpg 724w, https:\/\/lagirardiere-vendee.fr\/wp-content\/uploads\/2022\/09\/Classement-3-etoiles-Logis-de-lEcuyer-768x1086.jpg 768w, https:\/\/lagirardiere-vendee.fr\/wp-content\/uploads\/2022\/09\/Classement-3-etoiles-Logis-de-lEcuyer-1086x1536.jpg 1086w, https:\/\/lagirardiere-vendee.fr\/wp-content\/uploads\/2022\/09\/Classement-3-etoiles-Logis-de-lEcuyer-1448x2048.jpg 1448w, https:\/\/lagirardiere-vendee.fr\/wp-content\/uploads\/2022\/09\/Classement-3-etoiles-Logis-de-lEcuyer-scaled.jpg 1810w\" sizes=\"auto, (max-width: 212px) 100vw, 212px\" \/><img loading=\"lazy\" decoding=\"async\" class=\"alignnone wp-image-2121 size-medium\" src=\"https:\/\/lagirardiere-vendee.fr\/wp-content\/uploads\/2022\/09\/Classement-3-etoiles-Orangerie-212x300.jpg\" alt=\"\" width=\"212\" height=\"300\" srcset=\"https:\/\/lagirardiere-vendee.fr\/wp-content\/uploads\/2022\/09\/Classement-3-etoiles-Orangerie-212x300.jpg 212w, https:\/\/lagirardiere-vendee.fr\/wp-content\/uploads\/2022\/09\/Classement-3-etoiles-Orangerie-724x1024.jpg 724w, https:\/\/lagirardiere-vendee.fr\/wp-content\/uploads\/2022\/09\/Classement-3-etoiles-Orangerie-768x1086.jpg 768w, https:\/\/lagirardiere-vendee.fr\/wp-content\/uploads\/2022\/09\/Classement-3-etoiles-Orangerie-1086x1536.jpg 1086w, https:\/\/lagirardiere-vendee.fr\/wp-content\/uploads\/2022\/09\/Classement-3-etoiles-Orangerie-1448x2048.jpg 1448w, https:\/\/lagirardiere-vendee.fr\/wp-content\/uploads\/2022\/09\/Classement-3-etoiles-Orangerie-scaled.jpg 1811w\" sizes=\"auto, (max-width: 212px) 100vw, 212px\" \/><\/p>\n","protected":false},"excerpt":{"rendered":"<p>Domaine de La Girardi\u00e8re SAS au capital social de 10 000 \u20ac Si\u00e8ge social: La Girardi\u00e8re &#8211; 85 310 LE TABLIER Contact: C\u00e9line DALBERA-LANDOAS &#8211; T\u00e9l: 06 83 86 81 47 &#8211; E-mail: contact@lagirardiere-vendee.fr SIREN: 528132285 SIRET: 52813228500024&#8230;<\/p>\n","protected":false},"author":1,"featured_media":0,"parent":0,"menu_order":0,"comment_status":"closed","ping_status":"closed","template":"","meta":{"jetpack_post_was_ever_published":false,"footnotes":""},"class_list":["post-960","page","type-page","status-publish","hentry"],"yoast_head":"<!-- This site is optimized with the Yoast SEO plugin v27.4 - https:\/\/yoast.com\/product\/yoast-seo-wordpress\/ -->\n<title>Mentions l\u00e9gales | Domaine de La Girardi\u00e8re<\/title>\n<meta name=\"description\" content=\"Mentions l\u00e9gales du site internet de la SAS Domaine de La Girardi\u00e8re, en Vend\u00e9e. Protection des donn\u00e9es personnelles\" \/>\n<meta name=\"robots\" content=\"index, follow, max-snippet:-1, max-image-preview:large, max-video-preview:-1\" \/>\n<link rel=\"canonical\" href=\"https:\/\/lagirardiere-vendee.fr\/index.php\/mentions-legales-domaine-de-la-girardiere-vendee\/\" \/>\n<meta property=\"og:locale\" content=\"fr_FR\" \/>\n<meta property=\"og:type\" content=\"article\" \/>\n<meta property=\"og:title\" content=\"Mentions l\u00e9gales | Domaine de La Girardi\u00e8re\" \/>\n<meta property=\"og:description\" content=\"Mentions l\u00e9gales du site internet de la SAS Domaine de La Girardi\u00e8re, en Vend\u00e9e. Protection des donn\u00e9es personnelles\" \/>\n<meta property=\"og:url\" content=\"https:\/\/lagirardiere-vendee.fr\/index.php\/mentions-legales-domaine-de-la-girardiere-vendee\/\" \/>\n<meta property=\"og:site_name\" content=\"Domaine de La Girardi\u00e8re\" \/>\n<meta property=\"article:publisher\" content=\"https:\/\/www.facebook.com\/domainedelagirardiereenvendee\" \/>\n<meta property=\"article:modified_time\" content=\"2022-09-29T15:46:55+00:00\" \/>\n<meta property=\"og:image\" content=\"http:\/\/lagirardiere-vendee.fr\/wp-content\/uploads\/2022\/09\/Classement-3-etoiles-Logis-des-Ponnes-212x300.jpg\" \/>\n<meta name=\"twitter:card\" content=\"summary_large_image\" \/>\n<meta name=\"twitter:label1\" content=\"Dur\u00e9e de lecture estim\u00e9e\" \/>\n\t<meta name=\"twitter:data1\" content=\"2 minutes\" \/>\n<script type=\"application\/ld+json\" class=\"yoast-schema-graph\">{\"@context\":\"https:\\\/\\\/schema.org\",\"@graph\":[{\"@type\":\"WebPage\",\"@id\":\"https:\\\/\\\/lagirardiere-vendee.fr\\\/index.php\\\/mentions-legales-domaine-de-la-girardiere-vendee\\\/\",\"url\":\"https:\\\/\\\/lagirardiere-vendee.fr\\\/index.php\\\/mentions-legales-domaine-de-la-girardiere-vendee\\\/\",\"name\":\"Mentions l\u00e9gales | Domaine de La Girardi\u00e8re\",\"isPartOf\":{\"@id\":\"https:\\\/\\\/lagirardiere-vendee.fr\\\/#website\"},\"primaryImageOfPage\":{\"@id\":\"https:\\\/\\\/lagirardiere-vendee.fr\\\/index.php\\\/mentions-legales-domaine-de-la-girardiere-vendee\\\/#primaryimage\"},\"image\":{\"@id\":\"https:\\\/\\\/lagirardiere-vendee.fr\\\/index.php\\\/mentions-legales-domaine-de-la-girardiere-vendee\\\/#primaryimage\"},\"thumbnailUrl\":\"http:\\\/\\\/lagirardiere-vendee.fr\\\/wp-content\\\/uploads\\\/2022\\\/09\\\/Classement-3-etoiles-Logis-des-Ponnes-212x300.jpg\",\"datePublished\":\"2019-04-03T15:13:21+00:00\",\"dateModified\":\"2022-09-29T15:46:55+00:00\",\"description\":\"Mentions l\u00e9gales du site internet de la SAS Domaine de La Girardi\u00e8re, en Vend\u00e9e. Protection des donn\u00e9es personnelles\",\"breadcrumb\":{\"@id\":\"https:\\\/\\\/lagirardiere-vendee.fr\\\/index.php\\\/mentions-legales-domaine-de-la-girardiere-vendee\\\/#breadcrumb\"},\"inLanguage\":\"fr-FR\",\"potentialAction\":[{\"@type\":\"ReadAction\",\"target\":[\"https:\\\/\\\/lagirardiere-vendee.fr\\\/index.php\\\/mentions-legales-domaine-de-la-girardiere-vendee\\\/\"]}]},{\"@type\":\"ImageObject\",\"inLanguage\":\"fr-FR\",\"@id\":\"https:\\\/\\\/lagirardiere-vendee.fr\\\/index.php\\\/mentions-legales-domaine-de-la-girardiere-vendee\\\/#primaryimage\",\"url\":\"http:\\\/\\\/lagirardiere-vendee.fr\\\/wp-content\\\/uploads\\\/2022\\\/09\\\/Classement-3-etoiles-Logis-des-Ponnes-212x300.jpg\",\"contentUrl\":\"http:\\\/\\\/lagirardiere-vendee.fr\\\/wp-content\\\/uploads\\\/2022\\\/09\\\/Classement-3-etoiles-Logis-des-Ponnes-212x300.jpg\"},{\"@type\":\"BreadcrumbList\",\"@id\":\"https:\\\/\\\/lagirardiere-vendee.fr\\\/index.php\\\/mentions-legales-domaine-de-la-girardiere-vendee\\\/#breadcrumb\",\"itemListElement\":[{\"@type\":\"ListItem\",\"position\":1,\"name\":\"Accueil\",\"item\":\"https:\\\/\\\/lagirardiere-vendee.fr\\\/\"},{\"@type\":\"ListItem\",\"position\":2,\"name\":\"Mentions l\u00e9gales\"}]},{\"@type\":\"WebSite\",\"@id\":\"https:\\\/\\\/lagirardiere-vendee.fr\\\/#website\",\"url\":\"https:\\\/\\\/lagirardiere-vendee.fr\\\/\",\"name\":\"Domaine de La Girardi\u00e8re\",\"description\":\"Location de g\u00eetes de caract\u00e8re en Vend\u00e9e\",\"publisher\":{\"@id\":\"https:\\\/\\\/lagirardiere-vendee.fr\\\/#organization\"},\"potentialAction\":[{\"@type\":\"SearchAction\",\"target\":{\"@type\":\"EntryPoint\",\"urlTemplate\":\"https:\\\/\\\/lagirardiere-vendee.fr\\\/?s={search_term_string}\"},\"query-input\":{\"@type\":\"PropertyValueSpecification\",\"valueRequired\":true,\"valueName\":\"search_term_string\"}}],\"inLanguage\":\"fr-FR\"},{\"@type\":\"Organization\",\"@id\":\"https:\\\/\\\/lagirardiere-vendee.fr\\\/#organization\",\"name\":\"SAS Domaine de La Girardi\u00e8re\",\"url\":\"https:\\\/\\\/lagirardiere-vendee.fr\\\/\",\"logo\":{\"@type\":\"ImageObject\",\"inLanguage\":\"fr-FR\",\"@id\":\"https:\\\/\\\/lagirardiere-vendee.fr\\\/#\\\/schema\\\/logo\\\/image\\\/\",\"url\":\"http:\\\/\\\/lagirardiere-vendee.fr\\\/wp-content\\\/uploads\\\/2020\\\/01\\\/Image2-1.png\",\"contentUrl\":\"http:\\\/\\\/lagirardiere-vendee.fr\\\/wp-content\\\/uploads\\\/2020\\\/01\\\/Image2-1.png\",\"width\":159,\"height\":160,\"caption\":\"SAS Domaine de La Girardi\u00e8re\"},\"image\":{\"@id\":\"https:\\\/\\\/lagirardiere-vendee.fr\\\/#\\\/schema\\\/logo\\\/image\\\/\"},\"sameAs\":[\"https:\\\/\\\/www.facebook.com\\\/domainedelagirardiereenvendee\"]}]}<\/script>\n<!-- \/ Yoast SEO plugin. -->","yoast_head_json":{"title":"Mentions l\u00e9gales | Domaine de La Girardi\u00e8re","description":"Mentions l\u00e9gales du site internet de la SAS Domaine de La Girardi\u00e8re, en Vend\u00e9e. Protection des donn\u00e9es personnelles","robots":{"index":"index","follow":"follow","max-snippet":"max-snippet:-1","max-image-preview":"max-image-preview:large","max-video-preview":"max-video-preview:-1"},"canonical":"https:\/\/lagirardiere-vendee.fr\/index.php\/mentions-legales-domaine-de-la-girardiere-vendee\/","og_locale":"fr_FR","og_type":"article","og_title":"Mentions l\u00e9gales | Domaine de La Girardi\u00e8re","og_description":"Mentions l\u00e9gales du site internet de la SAS Domaine de La Girardi\u00e8re, en Vend\u00e9e. Protection des donn\u00e9es personnelles","og_url":"https:\/\/lagirardiere-vendee.fr\/index.php\/mentions-legales-domaine-de-la-girardiere-vendee\/","og_site_name":"Domaine de La Girardi\u00e8re","article_publisher":"https:\/\/www.facebook.com\/domainedelagirardiereenvendee","article_modified_time":"2022-09-29T15:46:55+00:00","og_image":[{"url":"http:\/\/lagirardiere-vendee.fr\/wp-content\/uploads\/2022\/09\/Classement-3-etoiles-Logis-des-Ponnes-212x300.jpg","type":"","width":"","height":""}],"twitter_card":"summary_large_image","twitter_misc":{"Dur\u00e9e de lecture estim\u00e9e":"2 minutes"},"schema":{"@context":"https:\/\/schema.org","@graph":[{"@type":"WebPage","@id":"https:\/\/lagirardiere-vendee.fr\/index.php\/mentions-legales-domaine-de-la-girardiere-vendee\/","url":"https:\/\/lagirardiere-vendee.fr\/index.php\/mentions-legales-domaine-de-la-girardiere-vendee\/","name":"Mentions l\u00e9gales | Domaine de La Girardi\u00e8re","isPartOf":{"@id":"https:\/\/lagirardiere-vendee.fr\/#website"},"primaryImageOfPage":{"@id":"https:\/\/lagirardiere-vendee.fr\/index.php\/mentions-legales-domaine-de-la-girardiere-vendee\/#primaryimage"},"image":{"@id":"https:\/\/lagirardiere-vendee.fr\/index.php\/mentions-legales-domaine-de-la-girardiere-vendee\/#primaryimage"},"thumbnailUrl":"http:\/\/lagirardiere-vendee.fr\/wp-content\/uploads\/2022\/09\/Classement-3-etoiles-Logis-des-Ponnes-212x300.jpg","datePublished":"2019-04-03T15:13:21+00:00","dateModified":"2022-09-29T15:46:55+00:00","description":"Mentions l\u00e9gales du site internet de la SAS Domaine de La Girardi\u00e8re, en Vend\u00e9e. Protection des donn\u00e9es personnelles","breadcrumb":{"@id":"https:\/\/lagirardiere-vendee.fr\/index.php\/mentions-legales-domaine-de-la-girardiere-vendee\/#breadcrumb"},"inLanguage":"fr-FR","potentialAction":[{"@type":"ReadAction","target":["https:\/\/lagirardiere-vendee.fr\/index.php\/mentions-legales-domaine-de-la-girardiere-vendee\/"]}]},{"@type":"ImageObject","inLanguage":"fr-FR","@id":"https:\/\/lagirardiere-vendee.fr\/index.php\/mentions-legales-domaine-de-la-girardiere-vendee\/#primaryimage","url":"http:\/\/lagirardiere-vendee.fr\/wp-content\/uploads\/2022\/09\/Classement-3-etoiles-Logis-des-Ponnes-212x300.jpg","contentUrl":"http:\/\/lagirardiere-vendee.fr\/wp-content\/uploads\/2022\/09\/Classement-3-etoiles-Logis-des-Ponnes-212x300.jpg"},{"@type":"BreadcrumbList","@id":"https:\/\/lagirardiere-vendee.fr\/index.php\/mentions-legales-domaine-de-la-girardiere-vendee\/#breadcrumb","itemListElement":[{"@type":"ListItem","position":1,"name":"Accueil","item":"https:\/\/lagirardiere-vendee.fr\/"},{"@type":"ListItem","position":2,"name":"Mentions l\u00e9gales"}]},{"@type":"WebSite","@id":"https:\/\/lagirardiere-vendee.fr\/#website","url":"https:\/\/lagirardiere-vendee.fr\/","name":"Domaine de La Girardi\u00e8re","description":"Location de g\u00eetes de caract\u00e8re en Vend\u00e9e","publisher":{"@id":"https:\/\/lagirardiere-vendee.fr\/#organization"},"potentialAction":[{"@type":"SearchAction","target":{"@type":"EntryPoint","urlTemplate":"https:\/\/lagirardiere-vendee.fr\/?s={search_term_string}"},"query-input":{"@type":"PropertyValueSpecification","valueRequired":true,"valueName":"search_term_string"}}],"inLanguage":"fr-FR"},{"@type":"Organization","@id":"https:\/\/lagirardiere-vendee.fr\/#organization","name":"SAS Domaine de La Girardi\u00e8re","url":"https:\/\/lagirardiere-vendee.fr\/","logo":{"@type":"ImageObject","inLanguage":"fr-FR","@id":"https:\/\/lagirardiere-vendee.fr\/#\/schema\/logo\/image\/","url":"http:\/\/lagirardiere-vendee.fr\/wp-content\/uploads\/2020\/01\/Image2-1.png","contentUrl":"http:\/\/lagirardiere-vendee.fr\/wp-content\/uploads\/2020\/01\/Image2-1.png","width":159,"height":160,"caption":"SAS Domaine de La Girardi\u00e8re"},"image":{"@id":"https:\/\/lagirardiere-vendee.fr\/#\/schema\/logo\/image\/"},"sameAs":["https:\/\/www.facebook.com\/domainedelagirardiereenvendee"]}]}},"jetpack_sharing_enabled":true,"jetpack_shortlink":"https:\/\/wp.me\/PaEc2P-fu","_links":{"self":[{"href":"https:\/\/lagirardiere-vendee.fr\/index.php\/wp-json\/wp\/v2\/pages\/960","targetHints":{"allow":["GET"]}}],"collection":[{"href":"https:\/\/lagirardiere-vendee.fr\/index.php\/wp-json\/wp\/v2\/pages"}],"about":[{"href":"https:\/\/lagirardiere-vendee.fr\/index.php\/wp-json\/wp\/v2\/types\/page"}],"author":[{"embeddable":true,"href":"https:\/\/lagirardiere-vendee.fr\/index.php\/wp-json\/wp\/v2\/users\/1"}],"replies":[{"embeddable":true,"href":"https:\/\/lagirardiere-vendee.fr\/index.php\/wp-json\/wp\/v2\/comments?post=960"}],"version-history":[{"count":7,"href":"https:\/\/lagirardiere-vendee.fr\/index.php\/wp-json\/wp\/v2\/pages\/960\/revisions"}],"predecessor-version":[{"id":2134,"href":"https:\/\/lagirardiere-vendee.fr\/index.php\/wp-json\/wp\/v2\/pages\/960\/revisions\/2134"}],"wp:attachment":[{"href":"https:\/\/lagirardiere-vendee.fr\/index.php\/wp-json\/wp\/v2\/media?parent=960"}],"curies":[{"name":"wp","href":"https:\/\/api.w.org\/{rel}","templated":true}]}}