{"id":789,"date":"2019-03-16T17:14:25","date_gmt":"2019-03-16T16:14:25","guid":{"rendered":"http:\/\/lagirardiere-vendee.fr\/?page_id=789"},"modified":"2025-06-17T17:26:43","modified_gmt":"2025-06-17T15:26:43","slug":"la-girardiere-logis-de-lecuyer-gite-de-caractere-pour-6-personnes","status":"publish","type":"page","link":"https:\/\/lagirardiere-vendee.fr\/index.php\/la-girardiere-logis-de-lecuyer-gite-de-caractere-pour-6-personnes\/","title":{"rendered":"Le Logis de l\u2019\u00c9cuyer"},"content":{"rendered":"<p>Le Logis de l&rsquo;Ecuyer est une grande maison de caract\u00e8re remani\u00e9e au milieu du 19 \u00e8me si\u00e8cle dans le style clissonnais. Elle abritait \u00e0 l&rsquo;origine l&rsquo;\u00e9curie du Domaine, ainsi que le logement de la personne qui s&rsquo;occupait des chevaux.<\/p>\r\n<p>Le logis de l&rsquo;Ecuyer est un <a href=\"https:\/\/lagirardiere-vendee.fr\/index.php\/mentions-legales-domaine-de-la-girardiere-vendee\/\" target=\"_blank\" rel=\"noopener\"><strong>Meubl\u00e9 de Tourisme class\u00e9 3 \u00e9toiles<\/strong><\/a>. D&rsquo;une surface totale d&rsquo;environ 120 m2, il comporte au rez-de-chauss\u00e9e:<\/p>\r\n<ul>\r\n<li style=\"text-align: left;\">une grande pi\u00e8ce de vie, avec un po\u00eale \u00e0 bois<\/li>\r\n<li>une cuisine enti\u00e8rement \u00e9quip\u00e9e (r\u00e9frig\u00e9rateur-cong\u00e9lateur, cuisini\u00e8re avec four et plaque vitroc\u00e9ramique, lave-vaisselle)<\/li>\r\n<li>une salle de bain avec lavabo, baignoire, bidet et WC s\u00e9par\u00e9<\/li>\r\n<\/ul>\r\n<p>A l&rsquo;\u00e9tage:<\/p>\r\n<ul>\r\n<li>un salon d\u00e9tente et t\u00e9l\u00e9vision<\/li>\r\n<li>une grande chambre avec un lit de 160<\/li>\r\n<li>deux chambres avec deux lits de 90<\/li>\r\n<li>une salle d&rsquo;eau avec lavabo, douche et WC<\/li>\r\n<li>un grand palier avec une biblioth\u00e8que comportant des livres et des jeux<\/li>\r\n<\/ul>\r\n<p>Toutes les pi\u00e8ces sont lumineuses et b\u00e9n\u00e9ficient de belles hauteurs de plafond.<\/p>\r\n<div id=\"metaslider-id-1489\" style=\"width: 100%; margin: 0 auto;\" class=\"ml-slider-3-108-0 metaslider metaslider-nivo metaslider-1489 ml-slider has-dots-nav ms-theme-default\" role=\"region\" aria-label=\"Logis de l&#039;Ecuyer\" data-height=\"487\" data-width=\"794\">\n    <div id=\"metaslider_container_1489\">\n        <div class='slider-wrapper theme-default'><div class='ribbon'><\/div><div id='metaslider_1489' class='nivoSlider'><img loading=\"lazy\" decoding=\"async\" src=\"https:\/\/lagirardiere-vendee.fr\/wp-content\/uploads\/2021\/11\/IMG_5381-scaled-794x487.jpg\" height=\"487\" width=\"794\" data-caption=\"Logis de l&#039;Ecuyer, c&ocirc;t&eacute; cour\" title=\"IMG_5381\" alt=\"\" class=\"slider-1489 slide-1901 msDefaultImage\" \/><img loading=\"lazy\" decoding=\"async\" src=\"https:\/\/lagirardiere-vendee.fr\/wp-content\/uploads\/2021\/01\/IMG_5256-scaled-794x487.jpg\" height=\"487\" width=\"794\" title=\"Logis de l&#039;Ecuyer - La Girardi\u00e8re-Vend\u00e9e - Logis vend\u00e9en de caract\u00e8re\" alt=\"\" class=\"slider-1489 slide-1737 msDefaultImage\" \/><img loading=\"lazy\" decoding=\"async\" src=\"https:\/\/lagirardiere-vendee.fr\/wp-content\/uploads\/2021\/11\/Terrasse-Ecuyer-1-scaled-794x487.jpg\" height=\"487\" width=\"794\" data-caption=\"Espace ext&eacute;rieur pour les repas\" title=\"Terrasse-Ecuyer\" alt=\"\" class=\"slider-1489 slide-1881 msDefaultImage\" \/><img loading=\"lazy\" decoding=\"async\" src=\"https:\/\/lagirardiere-vendee.fr\/wp-content\/uploads\/2021\/11\/Sam-Ecuyer-scaled-794x487.jpg\" height=\"487\" width=\"794\" title=\"S\u00e0m Ecuyer\" alt=\"\" class=\"slider-1489 slide-1878 msDefaultImage\" \/><img loading=\"lazy\" decoding=\"async\" src=\"https:\/\/lagirardiere-vendee.fr\/wp-content\/uploads\/2021\/11\/SamEcuyer-scaled-794x487.jpg\" height=\"487\" width=\"794\" title=\"S\u00e0mEcuyer\" alt=\"\" class=\"slider-1489 slide-1879 msDefaultImage\" \/><img loading=\"lazy\" decoding=\"async\" src=\"https:\/\/lagirardiere-vendee.fr\/wp-content\/uploads\/2021\/11\/Detail-sam-Ecuyer-scaled-794x487.jpg\" height=\"487\" width=\"794\" title=\"D\u00e9tail sam Ecuyer\" alt=\"\" class=\"slider-1489 slide-1888 msDefaultImage\" \/><img loading=\"lazy\" decoding=\"async\" src=\"https:\/\/lagirardiere-vendee.fr\/wp-content\/uploads\/2025\/06\/IMG_5452-scaled-794x487.jpg\" height=\"487\" width=\"794\" data-caption=\"&lt;div&gt;Cuisine&lt;\/div&gt;\" title=\"IMG_5452\" alt=\"\" class=\"slider-1489 slide-2598 msDefaultImage\" \/><img loading=\"lazy\" decoding=\"async\" src=\"https:\/\/lagirardiere-vendee.fr\/wp-content\/uploads\/2021\/11\/IMG_5456-scaled-794x487.jpg\" height=\"487\" width=\"794\" data-caption=\"&lt;div&gt;Cuisine&lt;\/div&gt;\" title=\"IMG_5456\" alt=\"\" class=\"slider-1489 slide-1889 msDefaultImage\" \/><img loading=\"lazy\" decoding=\"async\" src=\"https:\/\/lagirardiere-vendee.fr\/wp-content\/uploads\/2021\/01\/IMG_5096-scaled-794x487.jpg\" height=\"487\" width=\"794\" data-caption=\"Palier du 1er &eacute;tage\" title=\"Logis de l&#039;Ecuyer - La Girardi\u00e8re-Vend\u00e9e - D\u00e9co style campagne chic\" alt=\"\" class=\"slider-1489 slide-1651 msDefaultImage\" \/><img loading=\"lazy\" decoding=\"async\" src=\"https:\/\/lagirardiere-vendee.fr\/wp-content\/uploads\/2021\/11\/Salon1-scaled-794x487.jpg\" height=\"487\" width=\"794\" data-caption=\"Salon d&eacute;tente et t&eacute;l&eacute;vision\" title=\"Salon1\" alt=\"\" class=\"slider-1489 slide-1938 msDefaultImage\" \/><img loading=\"lazy\" decoding=\"async\" src=\"https:\/\/lagirardiere-vendee.fr\/wp-content\/uploads\/2025\/06\/IMG_8689-scaled-794x487.jpg\" height=\"487\" width=\"794\" data-caption=\"&lt;div&gt;Chambre avec un lit de 160&lt;\/div&gt;\" title=\"IMG_8689\" alt=\"\" class=\"slider-1489 slide-2595 msDefaultImage\" \/><img loading=\"lazy\" decoding=\"async\" src=\"https:\/\/lagirardiere-vendee.fr\/wp-content\/uploads\/2025\/06\/IMG_8688-scaled-794x487.jpg\" height=\"487\" width=\"794\" data-caption=\"&lt;div&gt;Chambre avec deux lits de 90&lt;\/div&gt;\" title=\"IMG_8688\" alt=\"\" class=\"slider-1489 slide-2593 msDefaultImage\" \/><img loading=\"lazy\" decoding=\"async\" src=\"https:\/\/lagirardiere-vendee.fr\/wp-content\/uploads\/2021\/11\/IMG_5465-scaled-794x487.jpg\" height=\"487\" width=\"794\" title=\"IMG_5465\" alt=\"\" class=\"slider-1489 slide-1891 msDefaultImage\" \/><img loading=\"lazy\" decoding=\"async\" src=\"https:\/\/lagirardiere-vendee.fr\/wp-content\/uploads\/2025\/06\/IMG_8687-scaled-794x487.jpg\" height=\"487\" width=\"794\" data-caption=\"&lt;div&gt;Chambre avec deux lits de 90&lt;\/div&gt;\" title=\"IMG_8687\" alt=\"\" class=\"slider-1489 slide-2594 msDefaultImage\" \/><img loading=\"lazy\" decoding=\"async\" src=\"https:\/\/lagirardiere-vendee.fr\/wp-content\/uploads\/2021\/01\/IMG_5102-scaled-794x487.jpg\" height=\"487\" width=\"794\" title=\"Logis de l&#039;Ecuyer - La Girardi\u00e8re-Vend\u00e9e - Chambre 2 lits de 90\" alt=\"\" class=\"slider-1489 slide-2600 msDefaultImage\" \/><img loading=\"lazy\" decoding=\"async\" src=\"https:\/\/lagirardiere-vendee.fr\/wp-content\/uploads\/2021\/11\/IMG_5471-scaled-794x487.jpg\" height=\"487\" width=\"794\" data-caption=\"Salle d&#039;eau du 1er &eacute;tage\" title=\"IMG_5471\" alt=\"\" class=\"slider-1489 slide-1892 msDefaultImage\" \/><img loading=\"lazy\" decoding=\"async\" src=\"https:\/\/lagirardiere-vendee.fr\/wp-content\/uploads\/2021\/11\/Palier-scaled-794x487.jpg\" height=\"487\" width=\"794\" data-caption=\"Palier avec biblioth&egrave;que et petite table pour enfants\" title=\"Palier\" alt=\"\" class=\"slider-1489 slide-1937 msDefaultImage\" \/><img loading=\"lazy\" decoding=\"async\" src=\"https:\/\/lagirardiere-vendee.fr\/wp-content\/uploads\/2025\/06\/IMG_8691-scaled-794x487.jpg\" height=\"487\" width=\"794\" data-caption=\"&lt;div&gt;Salle de bain du rez-de-chauss&amp;eacute;e&lt;\/div&gt;\" title=\"IMG_8691\" alt=\"\" class=\"slider-1489 slide-2592 msDefaultImage\" \/><\/div><\/div>\n        \n    <\/div>\n<\/div>\r\n<p>Chacune des chambres comporte un rangement (armoire ou commode) ainsi qu&rsquo;une penderie avec des cintres. Une table \u00e0 repasser, un fer \u00e0 repasser, un aspirateur et l&rsquo;ensemble du mat\u00e9riel n\u00e9cessaire pour l&rsquo;entretien de la maison sont fournis. Un r\u00e9seau WIFI permet de disposer d&rsquo;internet et la r\u00e9ception de la t\u00e9l\u00e9vision s&rsquo;effectue par satellite. Un lave-linge est \u00e0 disposition dans un local ind\u00e9pendant situ\u00e9 non loin du Logis.<\/p>\r\n<p>A l\u2019ext\u00e9rieur, le Logis comporte une terrasse avec un salon de jardin, un parasol et un barbecue.\u00a0 Il b\u00e9n\u00e9ficie d&rsquo;une zone jardin privative non cl\u00f4tur\u00e9e. Des chaises longues et des jeux d&rsquo;ext\u00e9rieur sont \u00e0 disposition.<\/p>\r\n<p>Les h\u00f4tes du Logis ont acc\u00e8s \u00e0 l&rsquo;ensemble de la propri\u00e9t\u00e9: parc, bois, prairies, qui s&rsquo;\u00e9tendent sur 14 hectares. Ils peuvent \u00e9galement profiter de la grande piscine chauff\u00e9e et couverte (ou pas, en fonction de la m\u00e9t\u00e9o), ainsi que de la table de ping-pong.<\/p>\r\n<p>Les chiens et les chats sont les bienvenus dans la propri\u00e9t\u00e9. Il nous est \u00e9galement possible d&rsquo;accueillir des chevaux car nous disposons des installations n\u00e9cessaires.<\/p>\r\n<p><strong>Le Logis de l&rsquo;Ecuyer peut accueillir confortablement 6 personnes. \u00a0Il est propos\u00e9 en location \u00e0 la semaine de mi juillet \u00e0 fin ao\u00fbt.<\/strong><\/p>\r\n<p style=\"text-align: center;\"><a href=\"https:\/\/lagirardiere-vendee.fr\/index.php\/la-girardiere-vendee-meilleurs-tarifs-garantis\/\" target=\"_blank\" rel=\"noopener\"><strong>Consulter nos tarifs<\/strong><\/a><\/p>\r\n<p><em>Nota: Jusqu&rsquo;au mois de mai de chaque ann\u00e9e, nous privil\u00e9gions les demandes de s\u00e9jour en juillet-ao\u00fbt de deux semaines ou plus.<\/em><\/p>\r\n<p style=\"text-align: center;\"><span style=\"font-size: 18pt;\"><strong><a href=\"https:\/\/lagirardiere-vendee.fr\/index.php\/reserver\/\" target=\"_blank\" rel=\"noopener\"><span style=\"color: #00ccff;\">R\u00e9server<\/span><\/a><\/strong><\/span><\/p>\r\n<p><strong>En dehors de juillet-ao\u00fbt, le Logis de l&rsquo;Ecuyer est propos\u00e9 coupl\u00e9 avec le Logis des Ponnes et l\u2019Orangerie, le temps d\u2019un WE, pour un <a href=\"https:\/\/lagirardiere-vendee.fr\/index.php\/vendee-gite-grand-groupe-avec-piscine\/\" target=\"_blank\" rel=\"noopener\">grand groupe<\/a>.<\/strong><\/p>\r\n","protected":false},"excerpt":{"rendered":"<p>Le Logis de l&rsquo;Ecuyer est une grande maison de caract\u00e8re remani\u00e9e au milieu du 19 \u00e8me si\u00e8cle dans le style clissonnais. Elle abritait \u00e0 l&rsquo;origine l&rsquo;\u00e9curie du Domaine, ainsi que le logement de la personne qui s&rsquo;occupait des&#8230;<\/p>\n","protected":false},"author":1,"featured_media":1734,"parent":0,"menu_order":2,"comment_status":"closed","ping_status":"closed","template":"page-templates\/template-rooms.php","meta":{"jetpack_post_was_ever_published":false,"footnotes":""},"class_list":["post-789","page","type-page","status-publish","has-post-thumbnail","hentry"],"yoast_head":"<!-- This site is optimized with the Yoast SEO plugin v27.4 - https:\/\/yoast.com\/product\/yoast-seo-wordpress\/ -->\n<title>Le Logis de l\u2019\u00c9cuyer | Domaine de La Girardi\u00e8re<\/title>\n<meta name=\"description\" content=\"Belle maison de caract\u00e8re pour 6 personnes \u00e0 louer en sud Vend\u00e9e, \u00e0 La Girardi\u00e8re. Grande piscine chauff\u00e9e \u00e0 disposition. Superbe campagne.\" \/>\n<meta name=\"robots\" content=\"index, follow, max-snippet:-1, max-image-preview:large, max-video-preview:-1\" \/>\n<link rel=\"canonical\" href=\"https:\/\/lagirardiere-vendee.fr\/index.php\/la-girardiere-logis-de-lecuyer-gite-de-caractere-pour-6-personnes\/\" \/>\n<meta property=\"og:locale\" content=\"fr_FR\" \/>\n<meta property=\"og:type\" content=\"article\" \/>\n<meta property=\"og:title\" content=\"Le Logis de l\u2019\u00c9cuyer | Domaine de La Girardi\u00e8re\" \/>\n<meta property=\"og:description\" content=\"Belle maison de caract\u00e8re pour 6 personnes \u00e0 louer en sud Vend\u00e9e, \u00e0 La Girardi\u00e8re. Grande piscine chauff\u00e9e \u00e0 disposition. Superbe campagne.\" \/>\n<meta property=\"og:url\" content=\"https:\/\/lagirardiere-vendee.fr\/index.php\/la-girardiere-logis-de-lecuyer-gite-de-caractere-pour-6-personnes\/\" \/>\n<meta property=\"og:site_name\" content=\"Domaine de La Girardi\u00e8re\" \/>\n<meta property=\"article:publisher\" content=\"https:\/\/www.facebook.com\/domainedelagirardiereenvendee\" \/>\n<meta property=\"article:modified_time\" content=\"2025-06-17T15:26:43+00:00\" \/>\n<meta property=\"og:image\" content=\"https:\/\/lagirardiere-vendee.fr\/wp-content\/uploads\/2021\/03\/IMG_5381-scaled.jpg\" \/>\n\t<meta property=\"og:image:width\" content=\"2560\" \/>\n\t<meta property=\"og:image:height\" content=\"1920\" \/>\n\t<meta property=\"og:image:type\" content=\"image\/jpeg\" \/>\n<meta name=\"twitter:card\" content=\"summary_large_image\" \/>\n<meta name=\"twitter:label1\" content=\"Dur\u00e9e de lecture estim\u00e9e\" \/>\n\t<meta name=\"twitter:data1\" content=\"3 minutes\" \/>\n<script type=\"application\/ld+json\" class=\"yoast-schema-graph\">{\"@context\":\"https:\\\/\\\/schema.org\",\"@graph\":[{\"@type\":\"WebPage\",\"@id\":\"https:\\\/\\\/lagirardiere-vendee.fr\\\/index.php\\\/la-girardiere-logis-de-lecuyer-gite-de-caractere-pour-6-personnes\\\/\",\"url\":\"https:\\\/\\\/lagirardiere-vendee.fr\\\/index.php\\\/la-girardiere-logis-de-lecuyer-gite-de-caractere-pour-6-personnes\\\/\",\"name\":\"Le Logis de l\u2019\u00c9cuyer | Domaine de La Girardi\u00e8re\",\"isPartOf\":{\"@id\":\"https:\\\/\\\/lagirardiere-vendee.fr\\\/#website\"},\"primaryImageOfPage\":{\"@id\":\"https:\\\/\\\/lagirardiere-vendee.fr\\\/index.php\\\/la-girardiere-logis-de-lecuyer-gite-de-caractere-pour-6-personnes\\\/#primaryimage\"},\"image\":{\"@id\":\"https:\\\/\\\/lagirardiere-vendee.fr\\\/index.php\\\/la-girardiere-logis-de-lecuyer-gite-de-caractere-pour-6-personnes\\\/#primaryimage\"},\"thumbnailUrl\":\"https:\\\/\\\/lagirardiere-vendee.fr\\\/wp-content\\\/uploads\\\/2021\\\/03\\\/IMG_5381-scaled.jpg\",\"datePublished\":\"2019-03-16T16:14:25+00:00\",\"dateModified\":\"2025-06-17T15:26:43+00:00\",\"description\":\"Belle maison de caract\u00e8re pour 6 personnes \u00e0 louer en sud Vend\u00e9e, \u00e0 La Girardi\u00e8re. Grande piscine chauff\u00e9e \u00e0 disposition. Superbe campagne.\",\"breadcrumb\":{\"@id\":\"https:\\\/\\\/lagirardiere-vendee.fr\\\/index.php\\\/la-girardiere-logis-de-lecuyer-gite-de-caractere-pour-6-personnes\\\/#breadcrumb\"},\"inLanguage\":\"fr-FR\",\"potentialAction\":[{\"@type\":\"ReadAction\",\"target\":[\"https:\\\/\\\/lagirardiere-vendee.fr\\\/index.php\\\/la-girardiere-logis-de-lecuyer-gite-de-caractere-pour-6-personnes\\\/\"]}]},{\"@type\":\"ImageObject\",\"inLanguage\":\"fr-FR\",\"@id\":\"https:\\\/\\\/lagirardiere-vendee.fr\\\/index.php\\\/la-girardiere-logis-de-lecuyer-gite-de-caractere-pour-6-personnes\\\/#primaryimage\",\"url\":\"https:\\\/\\\/lagirardiere-vendee.fr\\\/wp-content\\\/uploads\\\/2021\\\/03\\\/IMG_5381-scaled.jpg\",\"contentUrl\":\"https:\\\/\\\/lagirardiere-vendee.fr\\\/wp-content\\\/uploads\\\/2021\\\/03\\\/IMG_5381-scaled.jpg\",\"width\":2560,\"height\":1920,\"caption\":\"Magnifique Logis vend\u00e9en \u00e0 La Girardi\u00e8re\"},{\"@type\":\"BreadcrumbList\",\"@id\":\"https:\\\/\\\/lagirardiere-vendee.fr\\\/index.php\\\/la-girardiere-logis-de-lecuyer-gite-de-caractere-pour-6-personnes\\\/#breadcrumb\",\"itemListElement\":[{\"@type\":\"ListItem\",\"position\":1,\"name\":\"Accueil\",\"item\":\"https:\\\/\\\/lagirardiere-vendee.fr\\\/\"},{\"@type\":\"ListItem\",\"position\":2,\"name\":\"Le Logis de l\u2019\u00c9cuyer\"}]},{\"@type\":\"WebSite\",\"@id\":\"https:\\\/\\\/lagirardiere-vendee.fr\\\/#website\",\"url\":\"https:\\\/\\\/lagirardiere-vendee.fr\\\/\",\"name\":\"Domaine de La Girardi\u00e8re\",\"description\":\"Location de g\u00eetes de caract\u00e8re en Vend\u00e9e\",\"publisher\":{\"@id\":\"https:\\\/\\\/lagirardiere-vendee.fr\\\/#organization\"},\"potentialAction\":[{\"@type\":\"SearchAction\",\"target\":{\"@type\":\"EntryPoint\",\"urlTemplate\":\"https:\\\/\\\/lagirardiere-vendee.fr\\\/?s={search_term_string}\"},\"query-input\":{\"@type\":\"PropertyValueSpecification\",\"valueRequired\":true,\"valueName\":\"search_term_string\"}}],\"inLanguage\":\"fr-FR\"},{\"@type\":\"Organization\",\"@id\":\"https:\\\/\\\/lagirardiere-vendee.fr\\\/#organization\",\"name\":\"SAS Domaine de La Girardi\u00e8re\",\"url\":\"https:\\\/\\\/lagirardiere-vendee.fr\\\/\",\"logo\":{\"@type\":\"ImageObject\",\"inLanguage\":\"fr-FR\",\"@id\":\"https:\\\/\\\/lagirardiere-vendee.fr\\\/#\\\/schema\\\/logo\\\/image\\\/\",\"url\":\"http:\\\/\\\/lagirardiere-vendee.fr\\\/wp-content\\\/uploads\\\/2020\\\/01\\\/Image2-1.png\",\"contentUrl\":\"http:\\\/\\\/lagirardiere-vendee.fr\\\/wp-content\\\/uploads\\\/2020\\\/01\\\/Image2-1.png\",\"width\":159,\"height\":160,\"caption\":\"SAS Domaine de La Girardi\u00e8re\"},\"image\":{\"@id\":\"https:\\\/\\\/lagirardiere-vendee.fr\\\/#\\\/schema\\\/logo\\\/image\\\/\"},\"sameAs\":[\"https:\\\/\\\/www.facebook.com\\\/domainedelagirardiereenvendee\"]}]}<\/script>\n<!-- \/ Yoast SEO plugin. -->","yoast_head_json":{"title":"Le Logis de l\u2019\u00c9cuyer | Domaine de La Girardi\u00e8re","description":"Belle maison de caract\u00e8re pour 6 personnes \u00e0 louer en sud Vend\u00e9e, \u00e0 La Girardi\u00e8re. Grande piscine chauff\u00e9e \u00e0 disposition. Superbe campagne.","robots":{"index":"index","follow":"follow","max-snippet":"max-snippet:-1","max-image-preview":"max-image-preview:large","max-video-preview":"max-video-preview:-1"},"canonical":"https:\/\/lagirardiere-vendee.fr\/index.php\/la-girardiere-logis-de-lecuyer-gite-de-caractere-pour-6-personnes\/","og_locale":"fr_FR","og_type":"article","og_title":"Le Logis de l\u2019\u00c9cuyer | Domaine de La Girardi\u00e8re","og_description":"Belle maison de caract\u00e8re pour 6 personnes \u00e0 louer en sud Vend\u00e9e, \u00e0 La Girardi\u00e8re. Grande piscine chauff\u00e9e \u00e0 disposition. Superbe campagne.","og_url":"https:\/\/lagirardiere-vendee.fr\/index.php\/la-girardiere-logis-de-lecuyer-gite-de-caractere-pour-6-personnes\/","og_site_name":"Domaine de La Girardi\u00e8re","article_publisher":"https:\/\/www.facebook.com\/domainedelagirardiereenvendee","article_modified_time":"2025-06-17T15:26:43+00:00","og_image":[{"width":2560,"height":1920,"url":"https:\/\/lagirardiere-vendee.fr\/wp-content\/uploads\/2021\/03\/IMG_5381-scaled.jpg","type":"image\/jpeg"}],"twitter_card":"summary_large_image","twitter_misc":{"Dur\u00e9e de lecture estim\u00e9e":"3 minutes"},"schema":{"@context":"https:\/\/schema.org","@graph":[{"@type":"WebPage","@id":"https:\/\/lagirardiere-vendee.fr\/index.php\/la-girardiere-logis-de-lecuyer-gite-de-caractere-pour-6-personnes\/","url":"https:\/\/lagirardiere-vendee.fr\/index.php\/la-girardiere-logis-de-lecuyer-gite-de-caractere-pour-6-personnes\/","name":"Le Logis de l\u2019\u00c9cuyer | Domaine de La Girardi\u00e8re","isPartOf":{"@id":"https:\/\/lagirardiere-vendee.fr\/#website"},"primaryImageOfPage":{"@id":"https:\/\/lagirardiere-vendee.fr\/index.php\/la-girardiere-logis-de-lecuyer-gite-de-caractere-pour-6-personnes\/#primaryimage"},"image":{"@id":"https:\/\/lagirardiere-vendee.fr\/index.php\/la-girardiere-logis-de-lecuyer-gite-de-caractere-pour-6-personnes\/#primaryimage"},"thumbnailUrl":"https:\/\/lagirardiere-vendee.fr\/wp-content\/uploads\/2021\/03\/IMG_5381-scaled.jpg","datePublished":"2019-03-16T16:14:25+00:00","dateModified":"2025-06-17T15:26:43+00:00","description":"Belle maison de caract\u00e8re pour 6 personnes \u00e0 louer en sud Vend\u00e9e, \u00e0 La Girardi\u00e8re. Grande piscine chauff\u00e9e \u00e0 disposition. Superbe campagne.","breadcrumb":{"@id":"https:\/\/lagirardiere-vendee.fr\/index.php\/la-girardiere-logis-de-lecuyer-gite-de-caractere-pour-6-personnes\/#breadcrumb"},"inLanguage":"fr-FR","potentialAction":[{"@type":"ReadAction","target":["https:\/\/lagirardiere-vendee.fr\/index.php\/la-girardiere-logis-de-lecuyer-gite-de-caractere-pour-6-personnes\/"]}]},{"@type":"ImageObject","inLanguage":"fr-FR","@id":"https:\/\/lagirardiere-vendee.fr\/index.php\/la-girardiere-logis-de-lecuyer-gite-de-caractere-pour-6-personnes\/#primaryimage","url":"https:\/\/lagirardiere-vendee.fr\/wp-content\/uploads\/2021\/03\/IMG_5381-scaled.jpg","contentUrl":"https:\/\/lagirardiere-vendee.fr\/wp-content\/uploads\/2021\/03\/IMG_5381-scaled.jpg","width":2560,"height":1920,"caption":"Magnifique Logis vend\u00e9en \u00e0 La Girardi\u00e8re"},{"@type":"BreadcrumbList","@id":"https:\/\/lagirardiere-vendee.fr\/index.php\/la-girardiere-logis-de-lecuyer-gite-de-caractere-pour-6-personnes\/#breadcrumb","itemListElement":[{"@type":"ListItem","position":1,"name":"Accueil","item":"https:\/\/lagirardiere-vendee.fr\/"},{"@type":"ListItem","position":2,"name":"Le Logis de l\u2019\u00c9cuyer"}]},{"@type":"WebSite","@id":"https:\/\/lagirardiere-vendee.fr\/#website","url":"https:\/\/lagirardiere-vendee.fr\/","name":"Domaine de La Girardi\u00e8re","description":"Location de g\u00eetes de caract\u00e8re en Vend\u00e9e","publisher":{"@id":"https:\/\/lagirardiere-vendee.fr\/#organization"},"potentialAction":[{"@type":"SearchAction","target":{"@type":"EntryPoint","urlTemplate":"https:\/\/lagirardiere-vendee.fr\/?s={search_term_string}"},"query-input":{"@type":"PropertyValueSpecification","valueRequired":true,"valueName":"search_term_string"}}],"inLanguage":"fr-FR"},{"@type":"Organization","@id":"https:\/\/lagirardiere-vendee.fr\/#organization","name":"SAS Domaine de La Girardi\u00e8re","url":"https:\/\/lagirardiere-vendee.fr\/","logo":{"@type":"ImageObject","inLanguage":"fr-FR","@id":"https:\/\/lagirardiere-vendee.fr\/#\/schema\/logo\/image\/","url":"http:\/\/lagirardiere-vendee.fr\/wp-content\/uploads\/2020\/01\/Image2-1.png","contentUrl":"http:\/\/lagirardiere-vendee.fr\/wp-content\/uploads\/2020\/01\/Image2-1.png","width":159,"height":160,"caption":"SAS Domaine de La Girardi\u00e8re"},"image":{"@id":"https:\/\/lagirardiere-vendee.fr\/#\/schema\/logo\/image\/"},"sameAs":["https:\/\/www.facebook.com\/domainedelagirardiereenvendee"]}]}},"jetpack_sharing_enabled":true,"jetpack_shortlink":"https:\/\/wp.me\/PaEc2P-cJ","_links":{"self":[{"href":"https:\/\/lagirardiere-vendee.fr\/index.php\/wp-json\/wp\/v2\/pages\/789","targetHints":{"allow":["GET"]}}],"collection":[{"href":"https:\/\/lagirardiere-vendee.fr\/index.php\/wp-json\/wp\/v2\/pages"}],"about":[{"href":"https:\/\/lagirardiere-vendee.fr\/index.php\/wp-json\/wp\/v2\/types\/page"}],"author":[{"embeddable":true,"href":"https:\/\/lagirardiere-vendee.fr\/index.php\/wp-json\/wp\/v2\/users\/1"}],"replies":[{"embeddable":true,"href":"https:\/\/lagirardiere-vendee.fr\/index.php\/wp-json\/wp\/v2\/comments?post=789"}],"version-history":[{"count":32,"href":"https:\/\/lagirardiere-vendee.fr\/index.php\/wp-json\/wp\/v2\/pages\/789\/revisions"}],"predecessor-version":[{"id":2589,"href":"https:\/\/lagirardiere-vendee.fr\/index.php\/wp-json\/wp\/v2\/pages\/789\/revisions\/2589"}],"wp:featuredmedia":[{"embeddable":true,"href":"https:\/\/lagirardiere-vendee.fr\/index.php\/wp-json\/wp\/v2\/media\/1734"}],"wp:attachment":[{"href":"https:\/\/lagirardiere-vendee.fr\/index.php\/wp-json\/wp\/v2\/media?parent=789"}],"curies":[{"name":"wp","href":"https:\/\/api.w.org\/{rel}","templated":true}]}}