{"id":67,"date":"2016-12-08T07:15:46","date_gmt":"2016-12-08T07:15:46","guid":{"rendered":"http:\/\/demo.precisethemes.com\/courtyard\/?page_id=67"},"modified":"2023-10-03T16:44:31","modified_gmt":"2023-10-03T14:44:31","slug":"grand-gite-charme-nature-authenticite-piscine","status":"publish","type":"page","link":"https:\/\/lagirardiere-vendee.fr\/index.php\/grand-gite-charme-nature-authenticite-piscine\/","title":{"rendered":"Bienvenue \u00e0 La Girardi\u00e8re"},"content":{"rendered":"<p>Charmant petit hameau form\u00e9 par un ch\u00e2teau et ses belles d\u00e9pendances,\u00a0 \u00a0 le Domaine de La Girardi\u00e8re est situ\u00e9 en sud Vend\u00e9e, dans la commune du Tablier.<\/p>\n<p>Orn\u00e9 d&rsquo;arbres plusieurs fois centenaires, le lieu respire la pl\u00e9nitude et la s\u00e9r\u00e9nit\u00e9, parfois teint\u00e9es d&rsquo;une pointe de magie, quand le soleil ou la lune joue avec les immenses silhouettes anim\u00e9es par la brise.<\/p>\n<p>La belle luminosit\u00e9 du Sud de la Vend\u00e9e est l\u00e9gendaire et son littoral est couramment appel\u00e9 \u00ab\u00a0C\u00f4te de lumi\u00e8re\u00a0\u00bb&#8230;<\/p>\n<div id=\"metaslider-id-908\" style=\"max-width: 696px;\" class=\"ml-slider-3-107-0 metaslider metaslider-nivo metaslider-908 ml-slider has-dots-nav ms-theme-default\" role=\"region\" aria-label=\"Ch\u00e2teau et d\u00e9pendances\" data-height=\"487\" data-width=\"696\">\n    <div id=\"metaslider_container_908\">\n        <div class='slider-wrapper theme-default'><div class='ribbon'><\/div><div id='metaslider_908' class='nivoSlider'><img loading=\"lazy\" decoding=\"async\" src=\"https:\/\/lagirardiere-vendee.fr\/wp-content\/uploads\/2019\/04\/P1050945-696x487.jpg\" height=\"487\" width=\"696\" data-caption=\"Ch&acirc;teau de La Girardi&egrave;re: vue du parc\" title=\"Ch\u00e2teau de La Girardi\u00e8re, Le Tablier\" alt=\"\" class=\"slider-908 slide-948 msDefaultImage\" \/><img loading=\"lazy\" decoding=\"async\" src=\"https:\/\/lagirardiere-vendee.fr\/wp-content\/uploads\/2019\/04\/P1050950-696x487.jpg\" height=\"487\" width=\"696\" data-caption=\"Jolis chiens assis en pierre sculpt&eacute;e\" title=\"Chiens assis du ch\u00e2teau de La Girardi\u00e8re\" alt=\"Ch\u00e2teau de La Girardi\u00e8re, Le Tablier, Vend\u00e9e\" class=\"slider-908 slide-949 msDefaultImage\" \/><img loading=\"lazy\" decoding=\"async\" src=\"https:\/\/lagirardiere-vendee.fr\/wp-content\/uploads\/2019\/04\/P1050957-696x487.jpg\" height=\"487\" width=\"696\" data-caption=\"D&eacute;tail de la fa&ccedil;ade\" title=\"D\u00e9tail de la fa\u00e7ade\" alt=\"Ch\u00e2teau de La Girardi\u00e8re, Le Tablier, Vend\u00e9e\" class=\"slider-908 slide-950 msDefaultImage\" \/><img loading=\"lazy\" decoding=\"async\" src=\"https:\/\/lagirardiere-vendee.fr\/wp-content\/uploads\/2019\/04\/P1050948-696x487.jpg\" height=\"487\" width=\"696\" data-caption=\"Tour Est du ch&acirc;teau\" title=\"Tour Est\" alt=\"Ch\u00e2teau de La Girardi\u00e8re, Le Tablier, Vend\u00e9e\" class=\"slider-908 slide-951 msDefaultImage\" \/><img loading=\"lazy\" decoding=\"async\" src=\"https:\/\/lagirardiere-vendee.fr\/wp-content\/uploads\/2019\/04\/P1050952-696x487.jpg\" height=\"487\" width=\"696\" data-caption=\"Partie Ouest du ch&acirc;teau\" title=\"Tour Ouest\" alt=\"Ch\u00e2teau de La Girardi\u00e8re, Le Tablier, Vend\u00e9e\" class=\"slider-908 slide-952 msDefaultImage\" \/><img loading=\"lazy\" decoding=\"async\" src=\"https:\/\/lagirardiere-vendee.fr\/wp-content\/uploads\/2019\/04\/P1050936-696x487.jpg\" height=\"487\" width=\"696\" data-caption=\"Tour Est et petite tour, vues de la partie du parc comportant la piscine\" title=\"Tour Est vue du jardin\" alt=\"\" class=\"slider-908 slide-953 msDefaultImage\" \/><\/div><\/div>\n        \n    <\/div>\n<\/div>\n<p>&nbsp;<\/p>\n","protected":false},"excerpt":{"rendered":"<p>Charmant petit hameau form\u00e9 par un ch\u00e2teau et ses belles d\u00e9pendances,\u00a0 \u00a0 le Domaine de La Girardi\u00e8re est situ\u00e9 en sud Vend\u00e9e, dans la commune du Tablier. Orn\u00e9 d&rsquo;arbres plusieurs fois centenaires, le lieu respire la pl\u00e9nitude et&#8230;<\/p>\n","protected":false},"author":1,"featured_media":494,"parent":0,"menu_order":1,"comment_status":"closed","ping_status":"closed","template":"page-templates\/template-image-slider.php","meta":{"jetpack_post_was_ever_published":false,"footnotes":""},"class_list":["post-67","page","type-page","status-publish","has-post-thumbnail","hentry"],"yoast_head":"<!-- This site is optimized with the Yoast SEO plugin v27.4 - https:\/\/yoast.com\/product\/yoast-seo-wordpress\/ -->\n<title>Domaine de La Girardi\u00e8re | Vend\u00e9e | G\u00eete grand groupe avec piscine<\/title>\n<meta name=\"description\" content=\"Locations de g\u00eetes de charme pour 2 \u00e0 20 personnes, \u00e0 la campagne, en pleine nature, avec une grande piscine chauff\u00e9e\" \/>\n<meta name=\"robots\" content=\"index, follow, max-snippet:-1, max-image-preview:large, max-video-preview:-1\" \/>\n<link rel=\"canonical\" href=\"https:\/\/lagirardiere-vendee.fr\/index.php\/grand-gite-charme-nature-authenticite-piscine\/\" \/>\n<meta property=\"og:locale\" content=\"fr_FR\" \/>\n<meta property=\"og:type\" content=\"article\" \/>\n<meta property=\"og:title\" content=\"Domaine de La Girardi\u00e8re | Vend\u00e9e | G\u00eete grand groupe avec piscine\" \/>\n<meta property=\"og:description\" content=\"Locations de g\u00eetes de charme pour 2 \u00e0 20 personnes, \u00e0 la campagne, en pleine nature, avec une grande piscine chauff\u00e9e\" \/>\n<meta property=\"og:url\" content=\"https:\/\/lagirardiere-vendee.fr\/index.php\/grand-gite-charme-nature-authenticite-piscine\/\" \/>\n<meta property=\"og:site_name\" content=\"Domaine de La Girardi\u00e8re\" \/>\n<meta property=\"article:publisher\" content=\"https:\/\/www.facebook.com\/domainedelagirardiereenvendee\" \/>\n<meta property=\"article:modified_time\" content=\"2023-10-03T14:44:31+00:00\" \/>\n<meta property=\"og:image\" content=\"https:\/\/lagirardiere-vendee.fr\/wp-content\/uploads\/2019\/01\/P1050557-1024x680.jpg\" \/>\n\t<meta property=\"og:image:width\" content=\"1024\" \/>\n\t<meta property=\"og:image:height\" content=\"680\" \/>\n\t<meta property=\"og:image:type\" content=\"image\/jpeg\" \/>\n<meta name=\"twitter:card\" content=\"summary_large_image\" \/>\n<meta name=\"twitter:label1\" content=\"Dur\u00e9e de lecture estim\u00e9e\" \/>\n\t<meta name=\"twitter:data1\" content=\"1 minute\" \/>\n<script type=\"application\/ld+json\" class=\"yoast-schema-graph\">{\"@context\":\"https:\\\/\\\/schema.org\",\"@graph\":[{\"@type\":\"WebPage\",\"@id\":\"https:\\\/\\\/lagirardiere-vendee.fr\\\/index.php\\\/grand-gite-charme-nature-authenticite-piscine\\\/\",\"url\":\"https:\\\/\\\/lagirardiere-vendee.fr\\\/index.php\\\/grand-gite-charme-nature-authenticite-piscine\\\/\",\"name\":\"Domaine de La Girardi\u00e8re | Vend\u00e9e | G\u00eete grand groupe avec piscine\",\"isPartOf\":{\"@id\":\"https:\\\/\\\/lagirardiere-vendee.fr\\\/#website\"},\"primaryImageOfPage\":{\"@id\":\"https:\\\/\\\/lagirardiere-vendee.fr\\\/index.php\\\/grand-gite-charme-nature-authenticite-piscine\\\/#primaryimage\"},\"image\":{\"@id\":\"https:\\\/\\\/lagirardiere-vendee.fr\\\/index.php\\\/grand-gite-charme-nature-authenticite-piscine\\\/#primaryimage\"},\"thumbnailUrl\":\"https:\\\/\\\/lagirardiere-vendee.fr\\\/wp-content\\\/uploads\\\/2019\\\/01\\\/P1050557.jpg\",\"datePublished\":\"2016-12-08T07:15:46+00:00\",\"dateModified\":\"2023-10-03T14:44:31+00:00\",\"description\":\"Locations de g\u00eetes de charme pour 2 \u00e0 20 personnes, \u00e0 la campagne, en pleine nature, avec une grande piscine chauff\u00e9e\",\"breadcrumb\":{\"@id\":\"https:\\\/\\\/lagirardiere-vendee.fr\\\/index.php\\\/grand-gite-charme-nature-authenticite-piscine\\\/#breadcrumb\"},\"inLanguage\":\"fr-FR\",\"potentialAction\":[{\"@type\":\"ReadAction\",\"target\":[\"https:\\\/\\\/lagirardiere-vendee.fr\\\/index.php\\\/grand-gite-charme-nature-authenticite-piscine\\\/\"]}]},{\"@type\":\"ImageObject\",\"inLanguage\":\"fr-FR\",\"@id\":\"https:\\\/\\\/lagirardiere-vendee.fr\\\/index.php\\\/grand-gite-charme-nature-authenticite-piscine\\\/#primaryimage\",\"url\":\"https:\\\/\\\/lagirardiere-vendee.fr\\\/wp-content\\\/uploads\\\/2019\\\/01\\\/P1050557.jpg\",\"contentUrl\":\"https:\\\/\\\/lagirardiere-vendee.fr\\\/wp-content\\\/uploads\\\/2019\\\/01\\\/P1050557.jpg\",\"width\":2048,\"height\":1360,\"caption\":\"All\u00e9e de bienvenue du ch\u00e2teau de La Girardi\u00e8re, en Vend\u00e9e\"},{\"@type\":\"BreadcrumbList\",\"@id\":\"https:\\\/\\\/lagirardiere-vendee.fr\\\/index.php\\\/grand-gite-charme-nature-authenticite-piscine\\\/#breadcrumb\",\"itemListElement\":[{\"@type\":\"ListItem\",\"position\":1,\"name\":\"Accueil\",\"item\":\"https:\\\/\\\/lagirardiere-vendee.fr\\\/\"},{\"@type\":\"ListItem\",\"position\":2,\"name\":\"Bienvenue \u00e0 La Girardi\u00e8re\"}]},{\"@type\":\"WebSite\",\"@id\":\"https:\\\/\\\/lagirardiere-vendee.fr\\\/#website\",\"url\":\"https:\\\/\\\/lagirardiere-vendee.fr\\\/\",\"name\":\"Domaine de La Girardi\u00e8re\",\"description\":\"Location de g\u00eetes de caract\u00e8re en Vend\u00e9e\",\"publisher\":{\"@id\":\"https:\\\/\\\/lagirardiere-vendee.fr\\\/#organization\"},\"potentialAction\":[{\"@type\":\"SearchAction\",\"target\":{\"@type\":\"EntryPoint\",\"urlTemplate\":\"https:\\\/\\\/lagirardiere-vendee.fr\\\/?s={search_term_string}\"},\"query-input\":{\"@type\":\"PropertyValueSpecification\",\"valueRequired\":true,\"valueName\":\"search_term_string\"}}],\"inLanguage\":\"fr-FR\"},{\"@type\":\"Organization\",\"@id\":\"https:\\\/\\\/lagirardiere-vendee.fr\\\/#organization\",\"name\":\"SAS Domaine de La Girardi\u00e8re\",\"url\":\"https:\\\/\\\/lagirardiere-vendee.fr\\\/\",\"logo\":{\"@type\":\"ImageObject\",\"inLanguage\":\"fr-FR\",\"@id\":\"https:\\\/\\\/lagirardiere-vendee.fr\\\/#\\\/schema\\\/logo\\\/image\\\/\",\"url\":\"http:\\\/\\\/lagirardiere-vendee.fr\\\/wp-content\\\/uploads\\\/2020\\\/01\\\/Image2-1.png\",\"contentUrl\":\"http:\\\/\\\/lagirardiere-vendee.fr\\\/wp-content\\\/uploads\\\/2020\\\/01\\\/Image2-1.png\",\"width\":159,\"height\":160,\"caption\":\"SAS Domaine de La Girardi\u00e8re\"},\"image\":{\"@id\":\"https:\\\/\\\/lagirardiere-vendee.fr\\\/#\\\/schema\\\/logo\\\/image\\\/\"},\"sameAs\":[\"https:\\\/\\\/www.facebook.com\\\/domainedelagirardiereenvendee\"]}]}<\/script>\n<!-- \/ Yoast SEO plugin. -->","yoast_head_json":{"title":"Domaine de La Girardi\u00e8re | Vend\u00e9e | G\u00eete grand groupe avec piscine","description":"Locations de g\u00eetes de charme pour 2 \u00e0 20 personnes, \u00e0 la campagne, en pleine nature, avec une grande piscine chauff\u00e9e","robots":{"index":"index","follow":"follow","max-snippet":"max-snippet:-1","max-image-preview":"max-image-preview:large","max-video-preview":"max-video-preview:-1"},"canonical":"https:\/\/lagirardiere-vendee.fr\/index.php\/grand-gite-charme-nature-authenticite-piscine\/","og_locale":"fr_FR","og_type":"article","og_title":"Domaine de La Girardi\u00e8re | Vend\u00e9e | G\u00eete grand groupe avec piscine","og_description":"Locations de g\u00eetes de charme pour 2 \u00e0 20 personnes, \u00e0 la campagne, en pleine nature, avec une grande piscine chauff\u00e9e","og_url":"https:\/\/lagirardiere-vendee.fr\/index.php\/grand-gite-charme-nature-authenticite-piscine\/","og_site_name":"Domaine de La Girardi\u00e8re","article_publisher":"https:\/\/www.facebook.com\/domainedelagirardiereenvendee","article_modified_time":"2023-10-03T14:44:31+00:00","og_image":[{"width":1024,"height":680,"url":"https:\/\/lagirardiere-vendee.fr\/wp-content\/uploads\/2019\/01\/P1050557-1024x680.jpg","type":"image\/jpeg"}],"twitter_card":"summary_large_image","twitter_misc":{"Dur\u00e9e de lecture estim\u00e9e":"1 minute"},"schema":{"@context":"https:\/\/schema.org","@graph":[{"@type":"WebPage","@id":"https:\/\/lagirardiere-vendee.fr\/index.php\/grand-gite-charme-nature-authenticite-piscine\/","url":"https:\/\/lagirardiere-vendee.fr\/index.php\/grand-gite-charme-nature-authenticite-piscine\/","name":"Domaine de La Girardi\u00e8re | Vend\u00e9e | G\u00eete grand groupe avec piscine","isPartOf":{"@id":"https:\/\/lagirardiere-vendee.fr\/#website"},"primaryImageOfPage":{"@id":"https:\/\/lagirardiere-vendee.fr\/index.php\/grand-gite-charme-nature-authenticite-piscine\/#primaryimage"},"image":{"@id":"https:\/\/lagirardiere-vendee.fr\/index.php\/grand-gite-charme-nature-authenticite-piscine\/#primaryimage"},"thumbnailUrl":"https:\/\/lagirardiere-vendee.fr\/wp-content\/uploads\/2019\/01\/P1050557.jpg","datePublished":"2016-12-08T07:15:46+00:00","dateModified":"2023-10-03T14:44:31+00:00","description":"Locations de g\u00eetes de charme pour 2 \u00e0 20 personnes, \u00e0 la campagne, en pleine nature, avec une grande piscine chauff\u00e9e","breadcrumb":{"@id":"https:\/\/lagirardiere-vendee.fr\/index.php\/grand-gite-charme-nature-authenticite-piscine\/#breadcrumb"},"inLanguage":"fr-FR","potentialAction":[{"@type":"ReadAction","target":["https:\/\/lagirardiere-vendee.fr\/index.php\/grand-gite-charme-nature-authenticite-piscine\/"]}]},{"@type":"ImageObject","inLanguage":"fr-FR","@id":"https:\/\/lagirardiere-vendee.fr\/index.php\/grand-gite-charme-nature-authenticite-piscine\/#primaryimage","url":"https:\/\/lagirardiere-vendee.fr\/wp-content\/uploads\/2019\/01\/P1050557.jpg","contentUrl":"https:\/\/lagirardiere-vendee.fr\/wp-content\/uploads\/2019\/01\/P1050557.jpg","width":2048,"height":1360,"caption":"All\u00e9e de bienvenue du ch\u00e2teau de La Girardi\u00e8re, en Vend\u00e9e"},{"@type":"BreadcrumbList","@id":"https:\/\/lagirardiere-vendee.fr\/index.php\/grand-gite-charme-nature-authenticite-piscine\/#breadcrumb","itemListElement":[{"@type":"ListItem","position":1,"name":"Accueil","item":"https:\/\/lagirardiere-vendee.fr\/"},{"@type":"ListItem","position":2,"name":"Bienvenue \u00e0 La Girardi\u00e8re"}]},{"@type":"WebSite","@id":"https:\/\/lagirardiere-vendee.fr\/#website","url":"https:\/\/lagirardiere-vendee.fr\/","name":"Domaine de La Girardi\u00e8re","description":"Location de g\u00eetes de caract\u00e8re en Vend\u00e9e","publisher":{"@id":"https:\/\/lagirardiere-vendee.fr\/#organization"},"potentialAction":[{"@type":"SearchAction","target":{"@type":"EntryPoint","urlTemplate":"https:\/\/lagirardiere-vendee.fr\/?s={search_term_string}"},"query-input":{"@type":"PropertyValueSpecification","valueRequired":true,"valueName":"search_term_string"}}],"inLanguage":"fr-FR"},{"@type":"Organization","@id":"https:\/\/lagirardiere-vendee.fr\/#organization","name":"SAS Domaine de La Girardi\u00e8re","url":"https:\/\/lagirardiere-vendee.fr\/","logo":{"@type":"ImageObject","inLanguage":"fr-FR","@id":"https:\/\/lagirardiere-vendee.fr\/#\/schema\/logo\/image\/","url":"http:\/\/lagirardiere-vendee.fr\/wp-content\/uploads\/2020\/01\/Image2-1.png","contentUrl":"http:\/\/lagirardiere-vendee.fr\/wp-content\/uploads\/2020\/01\/Image2-1.png","width":159,"height":160,"caption":"SAS Domaine de La Girardi\u00e8re"},"image":{"@id":"https:\/\/lagirardiere-vendee.fr\/#\/schema\/logo\/image\/"},"sameAs":["https:\/\/www.facebook.com\/domainedelagirardiereenvendee"]}]}},"jetpack_sharing_enabled":true,"jetpack_shortlink":"https:\/\/wp.me\/PaEc2P-15","_links":{"self":[{"href":"https:\/\/lagirardiere-vendee.fr\/index.php\/wp-json\/wp\/v2\/pages\/67","targetHints":{"allow":["GET"]}}],"collection":[{"href":"https:\/\/lagirardiere-vendee.fr\/index.php\/wp-json\/wp\/v2\/pages"}],"about":[{"href":"https:\/\/lagirardiere-vendee.fr\/index.php\/wp-json\/wp\/v2\/types\/page"}],"author":[{"embeddable":true,"href":"https:\/\/lagirardiere-vendee.fr\/index.php\/wp-json\/wp\/v2\/users\/1"}],"replies":[{"embeddable":true,"href":"https:\/\/lagirardiere-vendee.fr\/index.php\/wp-json\/wp\/v2\/comments?post=67"}],"version-history":[{"count":14,"href":"https:\/\/lagirardiere-vendee.fr\/index.php\/wp-json\/wp\/v2\/pages\/67\/revisions"}],"predecessor-version":[{"id":1623,"href":"https:\/\/lagirardiere-vendee.fr\/index.php\/wp-json\/wp\/v2\/pages\/67\/revisions\/1623"}],"wp:featuredmedia":[{"embeddable":true,"href":"https:\/\/lagirardiere-vendee.fr\/index.php\/wp-json\/wp\/v2\/media\/494"}],"wp:attachment":[{"href":"https:\/\/lagirardiere-vendee.fr\/index.php\/wp-json\/wp\/v2\/media?parent=67"}],"curies":[{"name":"wp","href":"https:\/\/api.w.org\/{rel}","templated":true}]}}