{"id":49,"date":"2020-11-19T12:10:59","date_gmt":"2020-11-19T11:10:59","guid":{"rendered":"http:\/\/lagirardiere-vendee.fr\/index.php\/home\/"},"modified":"2023-10-03T16:27:09","modified_gmt":"2023-10-03T14:27:09","slug":"gite-de-charme-avec-piscine-en-pleine-nature-en-vendee","status":"publish","type":"page","link":"https:\/\/lagirardiere-vendee.fr\/","title":{"rendered":"Accueil"},"content":{"rendered":"<p>&nbsp;<\/p>\n<p>G\u00eetes du Domaine de la Girardi\u00e8re &#8211; Ch\u00e2teau de La Girardi\u00e8re<\/p>\n<p>Id\u00e9ales pour se retrouver entre amis ou en famille, trois belles maisons de caract\u00e8re, au calme, dans le charmant hameau de La Girardi\u00e8re, en Vend\u00e9e, constitu\u00e9 d&rsquo;un ch\u00e2teau et de ses d\u00e9pendances, sur un site magnifique, orn\u00e9 d&rsquo;arbres centenaires (14 ha de parc, bois et prairies ponctu\u00e9s de grandes all\u00e9es): le Logis des Ponnes, avec sa belle grande pi\u00e8ce de vie, le Logis de l&rsquo;Ecuyer et l&rsquo;Orangerie vous accueillent pour un s\u00e9jour en pleine nature, \u00e0 proximit\u00e9 de tr\u00e8s nombreuses activit\u00e9s. L&rsquo;ensemble forme un grand g\u00eete pour les groupes, jusqu&rsquo;\u00e0 20 personnes. Une grande piscine chauff\u00e9e et couverte est \u00e0 votre disposition. De tr\u00e8s nombreuses activit\u00e9s s&rsquo;offrent \u00e0 vous dans les environs: golf, v\u00e9lo, marche \u00e0 pieds, vignoble de Mareuil \u00e0 5 mn, Marais Poitevin et plages \u00e0 30 mn, Puy du Fou \u00e0 45 mn, Nantes et La Rochelle \u00e0 1h,&#8230;<\/p>\n<p>Vous pouvez pratiquer le slow tourisme, contempler la nature, vous ressourcer&#8230;<\/p>\n","protected":false},"excerpt":{"rendered":"<p>&nbsp; G\u00eetes du Domaine de la Girardi\u00e8re &#8211; Ch\u00e2teau de La Girardi\u00e8re Id\u00e9ales pour se retrouver entre amis ou en famille, trois belles maisons de caract\u00e8re, au calme, dans le charmant hameau de La Girardi\u00e8re, en Vend\u00e9e, constitu\u00e9&#8230;<\/p>\n","protected":false},"author":1,"featured_media":0,"parent":0,"menu_order":0,"comment_status":"closed","ping_status":"closed","template":"page-templates\/template-front-page.php","meta":{"jetpack_post_was_ever_published":false,"footnotes":""},"class_list":["post-49","page","type-page","status-publish","hentry"],"yoast_head":"<!-- This site is optimized with the Yoast SEO plugin v27.3 - https:\/\/yoast.com\/product\/yoast-seo-wordpress\/ -->\n<title>Domaine de La Girardi\u00e8re | Vend\u00e9e |<\/title>\n<meta name=\"description\" content=\"Location de g\u00eetes de charme pour 2 \u00e0 20 personnes, au calme, en pleine nature, avec grande piscine chauff\u00e9e couverte\" \/>\n<meta name=\"robots\" content=\"index, follow, max-snippet:-1, max-image-preview:large, max-video-preview:-1\" \/>\n<link rel=\"canonical\" href=\"https:\/\/lagirardiere-vendee.fr\/\" \/>\n<meta property=\"og:locale\" content=\"fr_FR\" \/>\n<meta property=\"og:type\" content=\"article\" \/>\n<meta property=\"og:title\" content=\"Domaine de La Girardi\u00e8re | Vend\u00e9e |\" \/>\n<meta property=\"og:description\" content=\"Location de g\u00eetes de charme pour 2 \u00e0 20 personnes, au calme, en pleine nature, avec grande piscine chauff\u00e9e couverte\" \/>\n<meta property=\"og:url\" content=\"https:\/\/lagirardiere-vendee.fr\/\" \/>\n<meta property=\"og:site_name\" content=\"Domaine de La Girardi\u00e8re\" \/>\n<meta property=\"article:publisher\" content=\"https:\/\/www.facebook.com\/domainedelagirardiereenvendee\" \/>\n<meta property=\"article:modified_time\" content=\"2023-10-03T14:27:09+00:00\" \/>\n<meta property=\"og:image\" content=\"https:\/\/lagirardiere-vendee.fr\/wp-content\/uploads\/2020\/01\/Image2-1.png\" \/>\n\t<meta property=\"og:image:width\" content=\"159\" \/>\n\t<meta property=\"og:image:height\" content=\"160\" \/>\n\t<meta property=\"og:image:type\" content=\"image\/png\" \/>\n<meta name=\"twitter:card\" content=\"summary_large_image\" \/>\n<meta name=\"twitter:label1\" content=\"Dur\u00e9e de lecture estim\u00e9e\" \/>\n\t<meta name=\"twitter:data1\" content=\"1 minute\" \/>\n<script type=\"application\/ld+json\" class=\"yoast-schema-graph\">{\"@context\":\"https:\\\/\\\/schema.org\",\"@graph\":[{\"@type\":\"WebPage\",\"@id\":\"https:\\\/\\\/lagirardiere-vendee.fr\\\/\",\"url\":\"https:\\\/\\\/lagirardiere-vendee.fr\\\/\",\"name\":\"Domaine de La Girardi\u00e8re | Vend\u00e9e |\",\"isPartOf\":{\"@id\":\"https:\\\/\\\/lagirardiere-vendee.fr\\\/#website\"},\"datePublished\":\"2020-11-19T11:10:59+00:00\",\"dateModified\":\"2023-10-03T14:27:09+00:00\",\"description\":\"Location de g\u00eetes de charme pour 2 \u00e0 20 personnes, au calme, en pleine nature, avec grande piscine chauff\u00e9e couverte\",\"breadcrumb\":{\"@id\":\"https:\\\/\\\/lagirardiere-vendee.fr\\\/#breadcrumb\"},\"inLanguage\":\"fr-FR\",\"potentialAction\":[{\"@type\":\"ReadAction\",\"target\":[\"https:\\\/\\\/lagirardiere-vendee.fr\\\/\"]}]},{\"@type\":\"BreadcrumbList\",\"@id\":\"https:\\\/\\\/lagirardiere-vendee.fr\\\/#breadcrumb\",\"itemListElement\":[{\"@type\":\"ListItem\",\"position\":1,\"name\":\"Accueil\",\"item\":\"https:\\\/\\\/lagirardiere-vendee.fr\\\/\"},{\"@type\":\"ListItem\",\"position\":2,\"name\":\"Accueil\"}]},{\"@type\":\"WebSite\",\"@id\":\"https:\\\/\\\/lagirardiere-vendee.fr\\\/#website\",\"url\":\"https:\\\/\\\/lagirardiere-vendee.fr\\\/\",\"name\":\"Domaine de La Girardi\u00e8re\",\"description\":\"Location de g\u00eetes de caract\u00e8re en Vend\u00e9e\",\"publisher\":{\"@id\":\"https:\\\/\\\/lagirardiere-vendee.fr\\\/#organization\"},\"potentialAction\":[{\"@type\":\"SearchAction\",\"target\":{\"@type\":\"EntryPoint\",\"urlTemplate\":\"https:\\\/\\\/lagirardiere-vendee.fr\\\/?s={search_term_string}\"},\"query-input\":{\"@type\":\"PropertyValueSpecification\",\"valueRequired\":true,\"valueName\":\"search_term_string\"}}],\"inLanguage\":\"fr-FR\"},{\"@type\":\"Organization\",\"@id\":\"https:\\\/\\\/lagirardiere-vendee.fr\\\/#organization\",\"name\":\"SAS Domaine de La Girardi\u00e8re\",\"url\":\"https:\\\/\\\/lagirardiere-vendee.fr\\\/\",\"logo\":{\"@type\":\"ImageObject\",\"inLanguage\":\"fr-FR\",\"@id\":\"https:\\\/\\\/lagirardiere-vendee.fr\\\/#\\\/schema\\\/logo\\\/image\\\/\",\"url\":\"http:\\\/\\\/lagirardiere-vendee.fr\\\/wp-content\\\/uploads\\\/2020\\\/01\\\/Image2-1.png\",\"contentUrl\":\"http:\\\/\\\/lagirardiere-vendee.fr\\\/wp-content\\\/uploads\\\/2020\\\/01\\\/Image2-1.png\",\"width\":159,\"height\":160,\"caption\":\"SAS Domaine de La Girardi\u00e8re\"},\"image\":{\"@id\":\"https:\\\/\\\/lagirardiere-vendee.fr\\\/#\\\/schema\\\/logo\\\/image\\\/\"},\"sameAs\":[\"https:\\\/\\\/www.facebook.com\\\/domainedelagirardiereenvendee\"]}]}<\/script>\n<!-- \/ Yoast SEO plugin. -->","yoast_head_json":{"title":"Domaine de La Girardi\u00e8re | Vend\u00e9e |","description":"Location de g\u00eetes de charme pour 2 \u00e0 20 personnes, au calme, en pleine nature, avec grande piscine chauff\u00e9e couverte","robots":{"index":"index","follow":"follow","max-snippet":"max-snippet:-1","max-image-preview":"max-image-preview:large","max-video-preview":"max-video-preview:-1"},"canonical":"https:\/\/lagirardiere-vendee.fr\/","og_locale":"fr_FR","og_type":"article","og_title":"Domaine de La Girardi\u00e8re | Vend\u00e9e |","og_description":"Location de g\u00eetes de charme pour 2 \u00e0 20 personnes, au calme, en pleine nature, avec grande piscine chauff\u00e9e couverte","og_url":"https:\/\/lagirardiere-vendee.fr\/","og_site_name":"Domaine de La Girardi\u00e8re","article_publisher":"https:\/\/www.facebook.com\/domainedelagirardiereenvendee","article_modified_time":"2023-10-03T14:27:09+00:00","og_image":[{"width":159,"height":160,"url":"https:\/\/lagirardiere-vendee.fr\/wp-content\/uploads\/2020\/01\/Image2-1.png","type":"image\/png"}],"twitter_card":"summary_large_image","twitter_misc":{"Dur\u00e9e de lecture estim\u00e9e":"1 minute"},"schema":{"@context":"https:\/\/schema.org","@graph":[{"@type":"WebPage","@id":"https:\/\/lagirardiere-vendee.fr\/","url":"https:\/\/lagirardiere-vendee.fr\/","name":"Domaine de La Girardi\u00e8re | Vend\u00e9e |","isPartOf":{"@id":"https:\/\/lagirardiere-vendee.fr\/#website"},"datePublished":"2020-11-19T11:10:59+00:00","dateModified":"2023-10-03T14:27:09+00:00","description":"Location de g\u00eetes de charme pour 2 \u00e0 20 personnes, au calme, en pleine nature, avec grande piscine chauff\u00e9e couverte","breadcrumb":{"@id":"https:\/\/lagirardiere-vendee.fr\/#breadcrumb"},"inLanguage":"fr-FR","potentialAction":[{"@type":"ReadAction","target":["https:\/\/lagirardiere-vendee.fr\/"]}]},{"@type":"BreadcrumbList","@id":"https:\/\/lagirardiere-vendee.fr\/#breadcrumb","itemListElement":[{"@type":"ListItem","position":1,"name":"Accueil","item":"https:\/\/lagirardiere-vendee.fr\/"},{"@type":"ListItem","position":2,"name":"Accueil"}]},{"@type":"WebSite","@id":"https:\/\/lagirardiere-vendee.fr\/#website","url":"https:\/\/lagirardiere-vendee.fr\/","name":"Domaine de La Girardi\u00e8re","description":"Location de g\u00eetes de caract\u00e8re en Vend\u00e9e","publisher":{"@id":"https:\/\/lagirardiere-vendee.fr\/#organization"},"potentialAction":[{"@type":"SearchAction","target":{"@type":"EntryPoint","urlTemplate":"https:\/\/lagirardiere-vendee.fr\/?s={search_term_string}"},"query-input":{"@type":"PropertyValueSpecification","valueRequired":true,"valueName":"search_term_string"}}],"inLanguage":"fr-FR"},{"@type":"Organization","@id":"https:\/\/lagirardiere-vendee.fr\/#organization","name":"SAS Domaine de La Girardi\u00e8re","url":"https:\/\/lagirardiere-vendee.fr\/","logo":{"@type":"ImageObject","inLanguage":"fr-FR","@id":"https:\/\/lagirardiere-vendee.fr\/#\/schema\/logo\/image\/","url":"http:\/\/lagirardiere-vendee.fr\/wp-content\/uploads\/2020\/01\/Image2-1.png","contentUrl":"http:\/\/lagirardiere-vendee.fr\/wp-content\/uploads\/2020\/01\/Image2-1.png","width":159,"height":160,"caption":"SAS Domaine de La Girardi\u00e8re"},"image":{"@id":"https:\/\/lagirardiere-vendee.fr\/#\/schema\/logo\/image\/"},"sameAs":["https:\/\/www.facebook.com\/domainedelagirardiereenvendee"]}]}},"jetpack_sharing_enabled":true,"jetpack_shortlink":"https:\/\/wp.me\/PaEc2P-N","_links":{"self":[{"href":"https:\/\/lagirardiere-vendee.fr\/index.php\/wp-json\/wp\/v2\/pages\/49","targetHints":{"allow":["GET"]}}],"collection":[{"href":"https:\/\/lagirardiere-vendee.fr\/index.php\/wp-json\/wp\/v2\/pages"}],"about":[{"href":"https:\/\/lagirardiere-vendee.fr\/index.php\/wp-json\/wp\/v2\/types\/page"}],"author":[{"embeddable":true,"href":"https:\/\/lagirardiere-vendee.fr\/index.php\/wp-json\/wp\/v2\/users\/1"}],"replies":[{"embeddable":true,"href":"https:\/\/lagirardiere-vendee.fr\/index.php\/wp-json\/wp\/v2\/comments?post=49"}],"version-history":[{"count":18,"href":"https:\/\/lagirardiere-vendee.fr\/index.php\/wp-json\/wp\/v2\/pages\/49\/revisions"}],"predecessor-version":[{"id":2280,"href":"https:\/\/lagirardiere-vendee.fr\/index.php\/wp-json\/wp\/v2\/pages\/49\/revisions\/2280"}],"wp:attachment":[{"href":"https:\/\/lagirardiere-vendee.fr\/index.php\/wp-json\/wp\/v2\/media?parent=49"}],"curies":[{"name":"wp","href":"https:\/\/api.w.org\/{rel}","templated":true}]}}