{"id":228,"date":"2016-12-07T12:45:38","date_gmt":"2016-12-07T12:45:38","guid":{"rendered":"http:\/\/demo.precisethemes.com\/courtyard\/?page_id=8"},"modified":"2025-06-17T17:30:19","modified_gmt":"2025-06-17T15:30:19","slug":"lorangerie-lagirardiere-letablier-gite-de-charme-au-calme-pour-2-personnes-avec-grande-piscine-chauffee","status":"publish","type":"page","link":"https:\/\/lagirardiere-vendee.fr\/index.php\/lorangerie-lagirardiere-letablier-gite-de-charme-au-calme-pour-2-personnes-avec-grande-piscine-chauffee\/","title":{"rendered":"L&rsquo;Orangerie"},"content":{"rendered":"<p>L&rsquo;Orangerie est une jolie petite maison tr\u00e8s agr\u00e9able \u00e0 vivre. Ses grandes baies vitr\u00e9es et son exposition Sud \/ Sud-Est lui conf\u00e8rent une agr\u00e9able luminosit\u00e9 d\u00e8s les premi\u00e8res heures du matin.<\/p>\r\n<p>L&rsquo;Orangerie est un <a href=\"https:\/\/lagirardiere-vendee.fr\/index.php\/mentions-legales-domaine-de-la-girardiere-vendee\/\" target=\"_blank\" rel=\"noopener\"><strong>Meubl\u00e9 de Tourisme class\u00e9 3 \u00e9toiles<\/strong><\/a>. D&rsquo;une surface de 40 m2 environ, il comporte :<\/p>\r\n<ul>\r\n<li>Une belle grande pi\u00e8ce de vie avec une cuisine am\u00e9ricaine enti\u00e8rement \u00e9quip\u00e9e (frigo, cong\u00e9lateur, plaque vitroc\u00e9ramique, hotte, lave-vaisselle, four multifonctions) et une chemin\u00e9e \u00e0 foyer ferm\u00e9<\/li>\r\n<li>Une mezzanine am\u00e9nag\u00e9e en salon, avec une t\u00e9l\u00e9vision, un canap\u00e9 et une petite biblioth\u00e8que comportant des livres, revues et BD<\/li>\r\n<li>Une chambre avec un lit 140 et un grand placard avec penderie<\/li>\r\n<li>Une salle d&rsquo;eau avec douche, lavabo, WC et un grand placard<\/li>\r\n<\/ul>\r\n<div id=\"metaslider-id-1045\" style=\"max-width: 696px;\" class=\"ml-slider-3-108-0 metaslider metaslider-nivo metaslider-1045 ml-slider has-dots-nav ms-theme-default\" role=\"region\" aria-label=\"Orangerie\" data-height=\"487\" data-width=\"696\">\n    <div id=\"metaslider_container_1045\">\n        <div class='slider-wrapper theme-default'><div class='ribbon'><\/div><div id='metaslider_1045' class='nivoSlider'><img loading=\"lazy\" decoding=\"async\" src=\"https:\/\/lagirardiere-vendee.fr\/wp-content\/uploads\/2019\/04\/P1060003-696x487.jpg\" height=\"487\" width=\"696\" data-caption=\"L&#039;Orangerie\" title=\"Orangerie de La girardi\u00e8re\" alt=\"\" class=\"slider-1045 slide-1062 msDefaultImage\" \/><img loading=\"lazy\" decoding=\"async\" src=\"https:\/\/lagirardiere-vendee.fr\/wp-content\/uploads\/2019\/04\/P1060008-696x487.jpg\" height=\"487\" width=\"696\" data-caption=\"Terrasse de l&#039;Orangerie, abrit&eacute;e par un store banne\" title=\"Terrasse de l&#039;Orangerie\" alt=\"\" class=\"slider-1045 slide-1063 msDefaultImage\" \/><img loading=\"lazy\" decoding=\"async\" src=\"https:\/\/lagirardiere-vendee.fr\/wp-content\/uploads\/2019\/04\/P1060006-696x487.jpg\" height=\"487\" width=\"696\" data-caption=\"Terrasse orient&eacute;e Sud-Sud Est\" title=\"Transats orangerie\" alt=\"\" class=\"slider-1045 slide-1064 msDefaultImage\" \/><img loading=\"lazy\" decoding=\"async\" src=\"https:\/\/lagirardiere-vendee.fr\/wp-content\/uploads\/2019\/04\/P1060011-696x487.jpg\" height=\"487\" width=\"696\" data-caption=\"Grande pi&egrave;ce de vie\" title=\"Orangerie pi\u00e8ce de vie\" alt=\"\" class=\"slider-1045 slide-1065 msDefaultImage\" \/><img loading=\"lazy\" decoding=\"async\" src=\"https:\/\/lagirardiere-vendee.fr\/wp-content\/uploads\/2019\/04\/P1050994-696x487.jpg\" height=\"487\" width=\"696\" data-caption=\"Cuisine am&eacute;ricaine enti&egrave;rement &eacute;quip&eacute;e\" title=\"Cuisine Orangerie\" alt=\"\" class=\"slider-1045 slide-1066 msDefaultImage\" \/><img loading=\"lazy\" decoding=\"async\" src=\"https:\/\/lagirardiere-vendee.fr\/wp-content\/uploads\/2019\/04\/P1060013-696x487.jpg\" height=\"487\" width=\"696\" data-caption=\"Coin repas dans la grande pi&egrave;ce de vie\" title=\"Orangerie coin repas\" alt=\"\" class=\"slider-1045 slide-1067 msDefaultImage\" \/><img loading=\"lazy\" decoding=\"async\" src=\"https:\/\/lagirardiere-vendee.fr\/wp-content\/uploads\/2019\/04\/P1060015-696x487.jpg\" height=\"487\" width=\"696\" data-caption=\"Des stores v&eacute;nitiens permettent de r&eacute;gler la luminosit&eacute;\" title=\"Stores orangerie\" alt=\"\" class=\"slider-1045 slide-1068 msDefaultImage\" \/><img loading=\"lazy\" decoding=\"async\" src=\"https:\/\/lagirardiere-vendee.fr\/wp-content\/uploads\/2019\/04\/P1050983-696x487.jpg\" height=\"487\" width=\"696\" data-caption=\"Mezzanine am&eacute;nag&eacute;e en salon TV\" title=\"Mezzanine Orangerie la girardi\u00e8re\" alt=\"\" class=\"slider-1045 slide-1069 msDefaultImage\" \/><img loading=\"lazy\" decoding=\"async\" src=\"https:\/\/lagirardiere-vendee.fr\/wp-content\/uploads\/2019\/04\/P1050988-696x487.jpg\" height=\"487\" width=\"696\" data-caption=\"Petite biblioth&egrave;que dans la mezzanine\" title=\"Orangerie mezzanine\" alt=\"\" class=\"slider-1045 slide-1070 msDefaultImage\" \/><img loading=\"lazy\" decoding=\"async\" src=\"https:\/\/lagirardiere-vendee.fr\/wp-content\/uploads\/2019\/04\/P1050968-696x487.jpg\" height=\"487\" width=\"696\" data-caption=\"Chambre avec un lit de 140\" title=\"Chambre Orangerie la girardi\u00e8re\" alt=\"\" class=\"slider-1045 slide-1071 msDefaultImage\" \/><img loading=\"lazy\" decoding=\"async\" src=\"https:\/\/lagirardiere-vendee.fr\/wp-content\/uploads\/2019\/04\/P1050960-696x487.jpg\" height=\"487\" width=\"696\" data-caption=\"Chambre lumineuse et confortable\" title=\"Chambre Orangerie\" alt=\"\" class=\"slider-1045 slide-1072 msDefaultImage\" \/><img loading=\"lazy\" decoding=\"async\" src=\"https:\/\/lagirardiere-vendee.fr\/wp-content\/uploads\/2019\/04\/P1050965-696x487.jpg\" height=\"487\" width=\"696\" data-caption=\"Banc en fer forg&eacute;\" title=\"Chambre avec banc orangerie\" alt=\"\" class=\"slider-1045 slide-1073 msDefaultImage\" \/><img loading=\"lazy\" decoding=\"async\" src=\"https:\/\/lagirardiere-vendee.fr\/wp-content\/uploads\/2019\/04\/P1050971-696x487.jpg\" height=\"487\" width=\"696\" data-caption=\"Salle d&#039;eau avec lavabo, douche et WC\" title=\"Salle d&#039;eau de l&#039;Orangerie la girardi\u00e8re\" alt=\"\" class=\"slider-1045 slide-1074 msDefaultImage\" \/><img loading=\"lazy\" decoding=\"async\" src=\"https:\/\/lagirardiere-vendee.fr\/wp-content\/uploads\/2019\/04\/P1050979-696x487.jpg\" height=\"487\" width=\"696\" data-caption=\"Salle d&#039;eau avec une belle luminosit&eacute;\" title=\"Salle d&#039;eau avec fen\u00eatres\" alt=\"\" class=\"slider-1045 slide-1075 msDefaultImage\" \/><\/div><\/div>\n        \n    <\/div>\n<\/div>\r\n<p>Le lit est garni d&rsquo;une couette et d&rsquo;oreillers. Des couvertures et oreillers suppl\u00e9mentaires sont \u00e0 disposition, en cas de besoin. Une table \u00e0 repasser, un fer \u00e0 repasser, un aspirateur et l&rsquo;ensemble du mat\u00e9riel n\u00e9cessaire pour l&rsquo;entretien de la maison sont fournis. Un r\u00e9seau WIFI permet de disposer d&rsquo;internet et la r\u00e9ception de la t\u00e9l\u00e9vision s&rsquo;effectue par satellite. Un lave-linge est \u00e0 disposition dans un local annexe situ\u00e9 tout pr\u00e8s.<\/p>\r\n<p>A l\u2019ext\u00e9rieur, l&rsquo;Orangerie comporte une grande terrasse abrit\u00e9e du soleil par un store banne, avec un salon de jardin, des chaises longues et un barbecue.\u00a0 Elle b\u00e9n\u00e9ficie d&rsquo;une zone jardin privative non cl\u00f4tur\u00e9e. Les h\u00f4tes de l&rsquo;Orangerie ont acc\u00e8s \u00e0 l&rsquo;ensemble de la propri\u00e9t\u00e9: parc, bois, prairies, qui s&rsquo;\u00e9tendent sur 14 hectares. Ils peuvent \u00e9galement profiter de la piscine et de la table de ping-pong.<\/p>\r\n<p>Les chiens et les chats sont les bienvenus dans la propri\u00e9t\u00e9. Il nous est \u00e9galement possible d&rsquo;accueillir des chevaux car nous disposons de pr\u00e9s, de deux boxes, d&rsquo;une carri\u00e8re de dressage, d&rsquo;un rond de longe et d&rsquo;une zone de pr\u00e9paration\/douche.<\/p>\r\n<p><b>L&rsquo;Orangerie est parfaite pour un couple. <strong>\u00a0Elle est propos\u00e9e en location \u00e0 la semaine de mi juillet \u00e0 fin ao\u00fbt.<\/strong><\/b><\/p>\r\n<p style=\"text-align: center;\"><a href=\"https:\/\/lagirardiere-vendee.fr\/index.php\/la-girardiere-vendee-meilleurs-tarifs-garantis\/\" target=\"_blank\" rel=\"noopener\"><strong>Consulter nos tarifs<\/strong><\/a><\/p>\r\n<p><em>Nota: Jusqu&rsquo;au mois de mai de chaque ann\u00e9e, nous privil\u00e9gions les demandes de s\u00e9jour en juillet-ao\u00fbt de deux semaines ou plus.<\/em><\/p>\r\n<p style=\"text-align: center;\"><span style=\"font-size: 18pt;\"><strong><a href=\"https:\/\/lagirardiere-vendee.fr\/index.php\/reserver\/\" target=\"_blank\" rel=\"noopener\"><span style=\"color: #00ccff;\">R\u00e9server<\/span><\/a><\/strong><\/span><\/p>\r\n<p><b><strong>En dehors de juillet-ao\u00fbt, l&rsquo;Orangerie est propos\u00e9e coupl\u00e9e avec les Logis des Ponnes et de l\u2019Ecuyer, le temps d\u2019un WE, pour un <a href=\"https:\/\/lagirardiere-vendee.fr\/index.php\/vendee-gite-grand-groupe-avec-piscine\/\" target=\"_blank\" rel=\"noopener\">grand groupe<\/a>.<\/strong><\/b><\/p>\r\n","protected":false},"excerpt":{"rendered":"<p>L&rsquo;Orangerie est une jolie petite maison tr\u00e8s agr\u00e9able \u00e0 vivre. Ses grandes baies vitr\u00e9es et son exposition Sud \/ Sud-Est lui conf\u00e8rent une agr\u00e9able luminosit\u00e9 d\u00e8s les premi\u00e8res heures du matin. L&rsquo;Orangerie est un Meubl\u00e9 de Tourisme class\u00e9&#8230;<\/p>\n","protected":false},"author":1,"featured_media":1109,"parent":0,"menu_order":3,"comment_status":"closed","ping_status":"closed","template":"page-templates\/template-rooms.php","meta":{"jetpack_post_was_ever_published":false,"footnotes":""},"class_list":["post-228","page","type-page","status-publish","has-post-thumbnail","hentry"],"yoast_head":"<!-- This site is optimized with the Yoast SEO plugin v27.4 - https:\/\/yoast.com\/product\/yoast-seo-wordpress\/ -->\n<title>L&#039;Orangerie | Domaine de La Girardi\u00e8re<\/title>\n<meta name=\"description\" content=\"Jolie petite maison lumineuse pour 2 personnes, au calme, en pleine nature, avec une grande piscine chauff\u00e9e, dans un domaine arbor\u00e9 de 14 ha\" \/>\n<meta name=\"robots\" content=\"index, follow, max-snippet:-1, max-image-preview:large, max-video-preview:-1\" \/>\n<link rel=\"canonical\" href=\"https:\/\/lagirardiere-vendee.fr\/index.php\/lorangerie-lagirardiere-letablier-gite-de-charme-au-calme-pour-2-personnes-avec-grande-piscine-chauffee\/\" \/>\n<meta property=\"og:locale\" content=\"fr_FR\" \/>\n<meta property=\"og:type\" content=\"article\" \/>\n<meta property=\"og:title\" content=\"L&#039;Orangerie | Domaine de La Girardi\u00e8re\" \/>\n<meta property=\"og:description\" content=\"Jolie petite maison lumineuse pour 2 personnes, au calme, en pleine nature, avec une grande piscine chauff\u00e9e, dans un domaine arbor\u00e9 de 14 ha\" \/>\n<meta property=\"og:url\" content=\"https:\/\/lagirardiere-vendee.fr\/index.php\/lorangerie-lagirardiere-letablier-gite-de-charme-au-calme-pour-2-personnes-avec-grande-piscine-chauffee\/\" \/>\n<meta property=\"og:site_name\" content=\"Domaine de La Girardi\u00e8re\" \/>\n<meta property=\"article:publisher\" content=\"https:\/\/www.facebook.com\/domainedelagirardiereenvendee\" \/>\n<meta property=\"article:modified_time\" content=\"2025-06-17T15:30:19+00:00\" \/>\n<meta property=\"og:image\" content=\"https:\/\/lagirardiere-vendee.fr\/wp-content\/uploads\/2019\/04\/P1060002-1024x682.jpg\" \/>\n\t<meta property=\"og:image:width\" content=\"1024\" \/>\n\t<meta property=\"og:image:height\" content=\"682\" \/>\n\t<meta property=\"og:image:type\" content=\"image\/jpeg\" \/>\n<meta name=\"twitter:card\" content=\"summary_large_image\" \/>\n<meta name=\"twitter:label1\" content=\"Dur\u00e9e de lecture estim\u00e9e\" \/>\n\t<meta name=\"twitter:data1\" content=\"2 minutes\" \/>\n<script type=\"application\/ld+json\" class=\"yoast-schema-graph\">{\"@context\":\"https:\\\/\\\/schema.org\",\"@graph\":[{\"@type\":\"WebPage\",\"@id\":\"https:\\\/\\\/lagirardiere-vendee.fr\\\/index.php\\\/lorangerie-lagirardiere-letablier-gite-de-charme-au-calme-pour-2-personnes-avec-grande-piscine-chauffee\\\/\",\"url\":\"https:\\\/\\\/lagirardiere-vendee.fr\\\/index.php\\\/lorangerie-lagirardiere-letablier-gite-de-charme-au-calme-pour-2-personnes-avec-grande-piscine-chauffee\\\/\",\"name\":\"L'Orangerie | Domaine de La Girardi\u00e8re\",\"isPartOf\":{\"@id\":\"https:\\\/\\\/lagirardiere-vendee.fr\\\/#website\"},\"primaryImageOfPage\":{\"@id\":\"https:\\\/\\\/lagirardiere-vendee.fr\\\/index.php\\\/lorangerie-lagirardiere-letablier-gite-de-charme-au-calme-pour-2-personnes-avec-grande-piscine-chauffee\\\/#primaryimage\"},\"image\":{\"@id\":\"https:\\\/\\\/lagirardiere-vendee.fr\\\/index.php\\\/lorangerie-lagirardiere-letablier-gite-de-charme-au-calme-pour-2-personnes-avec-grande-piscine-chauffee\\\/#primaryimage\"},\"thumbnailUrl\":\"https:\\\/\\\/lagirardiere-vendee.fr\\\/wp-content\\\/uploads\\\/2019\\\/04\\\/P1060002.jpg\",\"datePublished\":\"2016-12-07T12:45:38+00:00\",\"dateModified\":\"2025-06-17T15:30:19+00:00\",\"description\":\"Jolie petite maison lumineuse pour 2 personnes, au calme, en pleine nature, avec une grande piscine chauff\u00e9e, dans un domaine arbor\u00e9 de 14 ha\",\"breadcrumb\":{\"@id\":\"https:\\\/\\\/lagirardiere-vendee.fr\\\/index.php\\\/lorangerie-lagirardiere-letablier-gite-de-charme-au-calme-pour-2-personnes-avec-grande-piscine-chauffee\\\/#breadcrumb\"},\"inLanguage\":\"fr-FR\",\"potentialAction\":[{\"@type\":\"ReadAction\",\"target\":[\"https:\\\/\\\/lagirardiere-vendee.fr\\\/index.php\\\/lorangerie-lagirardiere-letablier-gite-de-charme-au-calme-pour-2-personnes-avec-grande-piscine-chauffee\\\/\"]}]},{\"@type\":\"ImageObject\",\"inLanguage\":\"fr-FR\",\"@id\":\"https:\\\/\\\/lagirardiere-vendee.fr\\\/index.php\\\/lorangerie-lagirardiere-letablier-gite-de-charme-au-calme-pour-2-personnes-avec-grande-piscine-chauffee\\\/#primaryimage\",\"url\":\"https:\\\/\\\/lagirardiere-vendee.fr\\\/wp-content\\\/uploads\\\/2019\\\/04\\\/P1060002.jpg\",\"contentUrl\":\"https:\\\/\\\/lagirardiere-vendee.fr\\\/wp-content\\\/uploads\\\/2019\\\/04\\\/P1060002.jpg\",\"width\":2656,\"height\":1768},{\"@type\":\"BreadcrumbList\",\"@id\":\"https:\\\/\\\/lagirardiere-vendee.fr\\\/index.php\\\/lorangerie-lagirardiere-letablier-gite-de-charme-au-calme-pour-2-personnes-avec-grande-piscine-chauffee\\\/#breadcrumb\",\"itemListElement\":[{\"@type\":\"ListItem\",\"position\":1,\"name\":\"Accueil\",\"item\":\"https:\\\/\\\/lagirardiere-vendee.fr\\\/\"},{\"@type\":\"ListItem\",\"position\":2,\"name\":\"L&rsquo;Orangerie\"}]},{\"@type\":\"WebSite\",\"@id\":\"https:\\\/\\\/lagirardiere-vendee.fr\\\/#website\",\"url\":\"https:\\\/\\\/lagirardiere-vendee.fr\\\/\",\"name\":\"Domaine de La Girardi\u00e8re\",\"description\":\"Location de g\u00eetes de caract\u00e8re en Vend\u00e9e\",\"publisher\":{\"@id\":\"https:\\\/\\\/lagirardiere-vendee.fr\\\/#organization\"},\"potentialAction\":[{\"@type\":\"SearchAction\",\"target\":{\"@type\":\"EntryPoint\",\"urlTemplate\":\"https:\\\/\\\/lagirardiere-vendee.fr\\\/?s={search_term_string}\"},\"query-input\":{\"@type\":\"PropertyValueSpecification\",\"valueRequired\":true,\"valueName\":\"search_term_string\"}}],\"inLanguage\":\"fr-FR\"},{\"@type\":\"Organization\",\"@id\":\"https:\\\/\\\/lagirardiere-vendee.fr\\\/#organization\",\"name\":\"SAS Domaine de La Girardi\u00e8re\",\"url\":\"https:\\\/\\\/lagirardiere-vendee.fr\\\/\",\"logo\":{\"@type\":\"ImageObject\",\"inLanguage\":\"fr-FR\",\"@id\":\"https:\\\/\\\/lagirardiere-vendee.fr\\\/#\\\/schema\\\/logo\\\/image\\\/\",\"url\":\"http:\\\/\\\/lagirardiere-vendee.fr\\\/wp-content\\\/uploads\\\/2020\\\/01\\\/Image2-1.png\",\"contentUrl\":\"http:\\\/\\\/lagirardiere-vendee.fr\\\/wp-content\\\/uploads\\\/2020\\\/01\\\/Image2-1.png\",\"width\":159,\"height\":160,\"caption\":\"SAS Domaine de La Girardi\u00e8re\"},\"image\":{\"@id\":\"https:\\\/\\\/lagirardiere-vendee.fr\\\/#\\\/schema\\\/logo\\\/image\\\/\"},\"sameAs\":[\"https:\\\/\\\/www.facebook.com\\\/domainedelagirardiereenvendee\"]}]}<\/script>\n<!-- \/ Yoast SEO plugin. -->","yoast_head_json":{"title":"L'Orangerie | Domaine de La Girardi\u00e8re","description":"Jolie petite maison lumineuse pour 2 personnes, au calme, en pleine nature, avec une grande piscine chauff\u00e9e, dans un domaine arbor\u00e9 de 14 ha","robots":{"index":"index","follow":"follow","max-snippet":"max-snippet:-1","max-image-preview":"max-image-preview:large","max-video-preview":"max-video-preview:-1"},"canonical":"https:\/\/lagirardiere-vendee.fr\/index.php\/lorangerie-lagirardiere-letablier-gite-de-charme-au-calme-pour-2-personnes-avec-grande-piscine-chauffee\/","og_locale":"fr_FR","og_type":"article","og_title":"L'Orangerie | Domaine de La Girardi\u00e8re","og_description":"Jolie petite maison lumineuse pour 2 personnes, au calme, en pleine nature, avec une grande piscine chauff\u00e9e, dans un domaine arbor\u00e9 de 14 ha","og_url":"https:\/\/lagirardiere-vendee.fr\/index.php\/lorangerie-lagirardiere-letablier-gite-de-charme-au-calme-pour-2-personnes-avec-grande-piscine-chauffee\/","og_site_name":"Domaine de La Girardi\u00e8re","article_publisher":"https:\/\/www.facebook.com\/domainedelagirardiereenvendee","article_modified_time":"2025-06-17T15:30:19+00:00","og_image":[{"width":1024,"height":682,"url":"https:\/\/lagirardiere-vendee.fr\/wp-content\/uploads\/2019\/04\/P1060002-1024x682.jpg","type":"image\/jpeg"}],"twitter_card":"summary_large_image","twitter_misc":{"Dur\u00e9e de lecture estim\u00e9e":"2 minutes"},"schema":{"@context":"https:\/\/schema.org","@graph":[{"@type":"WebPage","@id":"https:\/\/lagirardiere-vendee.fr\/index.php\/lorangerie-lagirardiere-letablier-gite-de-charme-au-calme-pour-2-personnes-avec-grande-piscine-chauffee\/","url":"https:\/\/lagirardiere-vendee.fr\/index.php\/lorangerie-lagirardiere-letablier-gite-de-charme-au-calme-pour-2-personnes-avec-grande-piscine-chauffee\/","name":"L'Orangerie | Domaine de La Girardi\u00e8re","isPartOf":{"@id":"https:\/\/lagirardiere-vendee.fr\/#website"},"primaryImageOfPage":{"@id":"https:\/\/lagirardiere-vendee.fr\/index.php\/lorangerie-lagirardiere-letablier-gite-de-charme-au-calme-pour-2-personnes-avec-grande-piscine-chauffee\/#primaryimage"},"image":{"@id":"https:\/\/lagirardiere-vendee.fr\/index.php\/lorangerie-lagirardiere-letablier-gite-de-charme-au-calme-pour-2-personnes-avec-grande-piscine-chauffee\/#primaryimage"},"thumbnailUrl":"https:\/\/lagirardiere-vendee.fr\/wp-content\/uploads\/2019\/04\/P1060002.jpg","datePublished":"2016-12-07T12:45:38+00:00","dateModified":"2025-06-17T15:30:19+00:00","description":"Jolie petite maison lumineuse pour 2 personnes, au calme, en pleine nature, avec une grande piscine chauff\u00e9e, dans un domaine arbor\u00e9 de 14 ha","breadcrumb":{"@id":"https:\/\/lagirardiere-vendee.fr\/index.php\/lorangerie-lagirardiere-letablier-gite-de-charme-au-calme-pour-2-personnes-avec-grande-piscine-chauffee\/#breadcrumb"},"inLanguage":"fr-FR","potentialAction":[{"@type":"ReadAction","target":["https:\/\/lagirardiere-vendee.fr\/index.php\/lorangerie-lagirardiere-letablier-gite-de-charme-au-calme-pour-2-personnes-avec-grande-piscine-chauffee\/"]}]},{"@type":"ImageObject","inLanguage":"fr-FR","@id":"https:\/\/lagirardiere-vendee.fr\/index.php\/lorangerie-lagirardiere-letablier-gite-de-charme-au-calme-pour-2-personnes-avec-grande-piscine-chauffee\/#primaryimage","url":"https:\/\/lagirardiere-vendee.fr\/wp-content\/uploads\/2019\/04\/P1060002.jpg","contentUrl":"https:\/\/lagirardiere-vendee.fr\/wp-content\/uploads\/2019\/04\/P1060002.jpg","width":2656,"height":1768},{"@type":"BreadcrumbList","@id":"https:\/\/lagirardiere-vendee.fr\/index.php\/lorangerie-lagirardiere-letablier-gite-de-charme-au-calme-pour-2-personnes-avec-grande-piscine-chauffee\/#breadcrumb","itemListElement":[{"@type":"ListItem","position":1,"name":"Accueil","item":"https:\/\/lagirardiere-vendee.fr\/"},{"@type":"ListItem","position":2,"name":"L&rsquo;Orangerie"}]},{"@type":"WebSite","@id":"https:\/\/lagirardiere-vendee.fr\/#website","url":"https:\/\/lagirardiere-vendee.fr\/","name":"Domaine de La Girardi\u00e8re","description":"Location de g\u00eetes de caract\u00e8re en Vend\u00e9e","publisher":{"@id":"https:\/\/lagirardiere-vendee.fr\/#organization"},"potentialAction":[{"@type":"SearchAction","target":{"@type":"EntryPoint","urlTemplate":"https:\/\/lagirardiere-vendee.fr\/?s={search_term_string}"},"query-input":{"@type":"PropertyValueSpecification","valueRequired":true,"valueName":"search_term_string"}}],"inLanguage":"fr-FR"},{"@type":"Organization","@id":"https:\/\/lagirardiere-vendee.fr\/#organization","name":"SAS Domaine de La Girardi\u00e8re","url":"https:\/\/lagirardiere-vendee.fr\/","logo":{"@type":"ImageObject","inLanguage":"fr-FR","@id":"https:\/\/lagirardiere-vendee.fr\/#\/schema\/logo\/image\/","url":"http:\/\/lagirardiere-vendee.fr\/wp-content\/uploads\/2020\/01\/Image2-1.png","contentUrl":"http:\/\/lagirardiere-vendee.fr\/wp-content\/uploads\/2020\/01\/Image2-1.png","width":159,"height":160,"caption":"SAS Domaine de La Girardi\u00e8re"},"image":{"@id":"https:\/\/lagirardiere-vendee.fr\/#\/schema\/logo\/image\/"},"sameAs":["https:\/\/www.facebook.com\/domainedelagirardiereenvendee"]}]}},"jetpack_sharing_enabled":true,"jetpack_shortlink":"https:\/\/wp.me\/PaEc2P-3G","_links":{"self":[{"href":"https:\/\/lagirardiere-vendee.fr\/index.php\/wp-json\/wp\/v2\/pages\/228","targetHints":{"allow":["GET"]}}],"collection":[{"href":"https:\/\/lagirardiere-vendee.fr\/index.php\/wp-json\/wp\/v2\/pages"}],"about":[{"href":"https:\/\/lagirardiere-vendee.fr\/index.php\/wp-json\/wp\/v2\/types\/page"}],"author":[{"embeddable":true,"href":"https:\/\/lagirardiere-vendee.fr\/index.php\/wp-json\/wp\/v2\/users\/1"}],"replies":[{"embeddable":true,"href":"https:\/\/lagirardiere-vendee.fr\/index.php\/wp-json\/wp\/v2\/comments?post=228"}],"version-history":[{"count":37,"href":"https:\/\/lagirardiere-vendee.fr\/index.php\/wp-json\/wp\/v2\/pages\/228\/revisions"}],"predecessor-version":[{"id":2591,"href":"https:\/\/lagirardiere-vendee.fr\/index.php\/wp-json\/wp\/v2\/pages\/228\/revisions\/2591"}],"wp:featuredmedia":[{"embeddable":true,"href":"https:\/\/lagirardiere-vendee.fr\/index.php\/wp-json\/wp\/v2\/media\/1109"}],"wp:attachment":[{"href":"https:\/\/lagirardiere-vendee.fr\/index.php\/wp-json\/wp\/v2\/media?parent=228"}],"curies":[{"name":"wp","href":"https:\/\/api.w.org\/{rel}","templated":true}]}}