{"id":2092,"date":"2022-08-26T16:30:50","date_gmt":"2022-08-26T14:30:50","guid":{"rendered":"https:\/\/lagirardiere-vendee.fr\/?page_id=2092"},"modified":"2026-01-05T12:08:59","modified_gmt":"2026-01-05T11:08:59","slug":"toutes-les-reponses-a-vos-questions-sur-votre-sejour-au-domaine-de-la-girardiere-en-vendee","status":"publish","type":"page","link":"https:\/\/lagirardiere-vendee.fr\/index.php\/toutes-les-reponses-a-vos-questions-sur-votre-sejour-au-domaine-de-la-girardiere-en-vendee\/","title":{"rendered":"Foire Aux Questions"},"content":{"rendered":"<p><strong><span style=\"font-size: 14pt;\">Que comprend le tarif du s\u00e9jour ?\u00a0<\/span><\/strong><a href=\"https:\/\/lagirardiere-vendee.fr\/index.php\/la-girardiere-vendee-meilleurs-tarifs-garantis\/\" target=\"_blank\" rel=\"noopener\">Nos tarifs<\/a> comprennent le linge de maison (les lits sont pr\u00e9par\u00e9s pour vous et vous disposez de draps de douche, serviettes de toilette, tapis de bain et torchons de cuisine), le m\u00e9nage de fin de s\u00e9jour, ainsi que l&rsquo;ensemble des charges locatives (\u00e9lectricit\u00e9, eau, Wifi et chauffage d&rsquo;octobre \u00e0 avril)<\/p>\n<p><span style=\"font-size: 14pt;\"><strong>A combien s&rsquo;\u00e9l\u00e8ve la Taxe de s\u00e9jour ? <\/strong><\/span>Notre commune, Le Tablier, fait partie de la communaut\u00e9 d&rsquo;agglom\u00e9ration de La Roche-sur-Yon. La communaut\u00e9 d&rsquo;agglo et le conseil d\u00e9partemental de la Vend\u00e9e nous demandent de collecter aupr\u00e8s de nos locataires une Taxe de s\u00e9jour, dont le montant est fix\u00e9 chaque ann\u00e9e. En 2026, la TS est de 1,1 \u20ac\/nuit\/personne de + de 18 ans, toute l&rsquo;ann\u00e9e. Pour plus d&rsquo;informations, consultez le site: <a href=\"https:\/\/larochesuryonagglomeration.taxesejour.fr\/\" target=\"_blank\" rel=\"noopener\">larochesuryonagglomeration.taxesejour.fr<\/a><\/p>\n<p><span style=\"font-size: 14pt;\"><strong>Comment r\u00e9server ? <\/strong><\/span>Apr\u00e8s consultation de <a href=\"https:\/\/lagirardiere-vendee.fr\/index.php\/la-girardiere-vendee-meilleurs-tarifs-garantis\/\">nos tarifs et disponibilit\u00e9s<\/a>, si vous souhaitez r\u00e9server, vous pouvez nous contacter via le formulaire de contact ou directement \u00e0 l&rsquo;adresse contact@lagirardiere-vendee.fr. Pr\u00e9cisez-nous les dates souhait\u00e9es, vos coordonn\u00e9es (adresse postale, email, t\u00e9l) ainsi que la composition de la famille ou du groupe de participants (nombre d&rsquo;adultes, d&rsquo;enfants, de b\u00e9b\u00e9s de moins de 2 ans et \u00e9ventuellement animaux de compagnie). Nous vous enverrons sous 24h un contrat de location, qui sera \u00e0 nous retourner sign\u00e9 (par email ou voie postale si vous pr\u00e9f\u00e9rez), accompagn\u00e9 du r\u00e8glement de l&rsquo;acompte de 50% du montant du s\u00e9jour (virement, ch\u00e8que ou CB. En cas de r\u00e8glement par CB, des frais STRIPE s&rsquo;appliquent).<\/p>\n<p><span style=\"font-size: 14pt;\"><strong>Faut-il fournir un d\u00e9p\u00f4t de garantie \u00e0 l&rsquo;arriv\u00e9e ?<\/strong><\/span> Lorsque vous louez en direct aupr\u00e8s de nous, nous vous demandons, lors de votre entr\u00e9e dans les lieux, de fournir une caution, dont le montant est indiqu\u00e9 dans votre contrat de location. Lorsque vous louez via une plateforme de r\u00e9servation, comme Airbnb ou Abritel, votre caution est assur\u00e9e par leur interm\u00e9diaire et vous n&rsquo;avez rien \u00e0 nous fournir de plus.<\/p>\n<p><span style=\"font-size: 14pt;\"><strong>La piscine est-elle ouverte toute l&rsquo;ann\u00e9e ?<\/strong><\/span> La piscine est ouverte \u00e0 la baignade et chauff\u00e9e d&rsquo;avril \u00e0 mi octobre ; en dehors de cette p\u00e9riode, elle est en hivernage. Son abri modulable et le fait qu&rsquo;elle soit chauff\u00e9e permettent de se baigner agr\u00e9ablement y compris en d\u00e9but et en fin de saison ou quand le temps est un peu maussade en saison.<\/p>\n<p><span style=\"font-size: 14pt;\"><b style=\"font-size: 14pt;\">La piscine est-elle entretenue <\/b><span style=\"font-size: 18.6667px;\"><b>journali\u00e8rement<\/b><\/span><b style=\"font-size: 14pt;\"> ?<\/b><\/span> L&rsquo;entretien journalier de la piscine est r\u00e9alis\u00e9 par nos soins. Vous n&rsquo;avez rien \u00e0 faire, juste vous baigner !<\/p>\n<p><span style=\"font-size: 14pt;\"><strong>La piscine est-elle s\u00e9curis\u00e9e ?<\/strong><\/span> La piscine comporte un abri install\u00e9 par un professionnel et conforme \u00e0 la norme en vigueur NF P90-309. Il s&rsquo;agit d&rsquo;une piscine priv\u00e9e et elle n&rsquo;est pas surveill\u00e9e. Pour pr\u00e9venir les risques de noyade, les enfants \u00e2g\u00e9s de moins de 18 ans doivent rester sous la surveillance des adultes qui les accompagnent, \u00e0 chaque instant de la journ\u00e9e.<\/p>\n<p><strong><span style=\"font-size: 14pt;\">Quels sont les horaires d&rsquo;acc\u00e8s \u00e0 la piscine ?<\/span><\/strong> La piscine est accessible librement toute la journ\u00e9e. Pour votre s\u00e9curit\u00e9, elle est ferm\u00e9e le soir, aux environs de 20h, ou un peu plus tard s&rsquo;il fait encore jour. Le matin, elle est ouverte g\u00e9n\u00e9ralement vers 10h, apr\u00e8s les op\u00e9rations d&rsquo;entretien, mais vous pouvez nous demander de l&rsquo;ouvrir plus t\u00f4t, si vous le souhaitez.<\/p>\n<p><span style=\"font-size: 14pt;\"><strong>A quelle heure peut-on arriver et \u00e0 quelle heure doit-on quitter les lieux ?<\/strong><\/span> Le jour de votre arriv\u00e9e, nous vous accueillons \u00e0 partir de 17h. Le dernier jour, votre d\u00e9part est pr\u00e9vu avant 11h. Les s\u00e9jours d&rsquo;un week-end font exception \u00e0 cette r\u00e8gle: vous pouvez s\u00e9journer en g\u00e9n\u00e9ral jusqu&rsquo;\u00e0 17h.<\/p>\n<p><strong><span style=\"font-size: 14pt;\">Les logements conviennent-ils \u00e0 des enfants ?<\/span><\/strong> Les enfants de tout \u00e2ge sont les bienvenus ! Des livres, des jeux d&rsquo;int\u00e9rieur et d&rsquo;ext\u00e9rieur les attendent, mais aussi un portique avec des balan\u00e7oires et une petite maison ext\u00e9rieure. C\u00f4t\u00e9 s\u00e9curit\u00e9, toutes les fen\u00eatres des \u00e9tages comportent un dispositif permettant uniquement de les entreb\u00e2iller.<\/p>\n<p><span style=\"font-size: 14pt;\"><strong>Du mat\u00e9riel pour b\u00e9b\u00e9 est-il propos\u00e9 ?<\/strong><\/span> Pour votre b\u00e9b\u00e9 de moins de 2 ans, nous pouvons mettre \u00e0 votre disposition un lit parapluie avec une table \u00e0 langer, une chaise haute, une petite baignoire, un support de bain et un pot.<\/p>\n<p><span style=\"font-size: 14pt;\"><strong>Les animaux sont-ils autoris\u00e9s ?<\/strong><\/span> Nous accueillons volontiers vos compagnons \u00e0 poils. Nous vous demandons simplement de respecter les lieux en leur interdisant l&rsquo;acc\u00e8s aux chambres (sauf pour ce qui concerne les chats, bien s\u00fbr), en ma\u00eetrisant leurs \u00e9ventuels aboiements et en leur interdisant strictement l&rsquo;acc\u00e8s \u00e0 l&rsquo;espace piscine, pour des raisons \u00e9videntes d&rsquo;hygi\u00e8ne. Nous pr\u00e9cisons que la propri\u00e9t\u00e9 est vaste et ne comporte aucune cl\u00f4ture. Les routes les plus proches sont \u00e0 plus de 500 m du hameau.<\/p>\n<p><span style=\"font-size: 14pt;\"><strong>Quels appareils de cuisson sont \u00e0 disposition ?<\/strong><\/span> En compl\u00e9ment des plaques et four de cuisson pr\u00e9sents dans la cuisine, vous avez \u00e0 votre disposition un BBQ fonctionnant au charbon de bois (\u00e0 apporter par vos soins en fonction de vos besoins). Nous pouvons aussi vous pr\u00eater un appareil \u00e0 raclette, un appareil \u00e0 cr\u00eapes ou une pierrade (nous demander).<\/p>\n<p><span style=\"font-size: 14pt;\"><strong>Y a-t-il la WIFI ?<\/strong><\/span> Chaque maison est \u00e9quip\u00e9e d&rsquo;un \u00e9metteur WIFI, dont le code PIN est fourni sur place. L&rsquo;acc\u00e8s est gratuit et s&rsquo;inscrit dans la vocation de loisir de nos g\u00eetes. Une utilisation \u00e0 des fins professionnelles ne saurait engager notre responsabilit\u00e9.<\/p>\n<p><span style=\"font-size: 14pt;\"><strong>Y a-t-il un parking ?<\/strong><\/span> Oui, vous trouverez un parking ombrag\u00e9 sur votre droite, en arrivant dans le hameau. Les trois g\u00eetes sont situ\u00e9s \u00e0 proximit\u00e9, toutefois, vous avez la possibilit\u00e9 de vous approcher au plus pr\u00e8s de chacun d&rsquo;entre eux pour d\u00e9barquer\/embarquer les bagages ou courses.<\/p>\n<p><span style=\"font-size: 14pt;\"><strong>Peut-on recharger son v\u00e9hicule \u00e9lectrique sur place ?<\/strong><\/span> Nous ne disposons pas des infrastructures permettant le rechargement des v\u00e9hicules \u00e9lectriques et le rechargement sur une prise domestique est interdit (risque d&rsquo;incendie). Pour trouver une borne, vous pouvez consulter la <a href=\"https:\/\/chargefinder.com\/fr\/la-roche-sur-yon\/borne-recharge\/xrnm2e\" target=\"_blank\" rel=\"noopener\">carte des bornes<\/a>.<\/p>\n<p><span style=\"font-size: 14pt;\"><strong>Est-il possible de camper sur place ?<\/strong><\/span> Tout type de camping est interdit sur la propri\u00e9t\u00e9:\u00a0 tentes, camping-cars et caravanes. Le branchement d&rsquo;un camping-car ou d&rsquo;une caravane au r\u00e9seau \u00e9lectrique des maisons est strictement interdit.<\/p>\n<p><strong><span style=\"font-size: 14pt;\">Peut-on s\u00e9journer en surnombre par rapport \u00e0 la capacit\u00e9 des logements ?<\/span><\/strong> Le nombre de personnes s\u00e9journant est obligatoirement mentionn\u00e9 au contrat de location. Dans le cadre de la formule \u00ab\u00a0Grand groupe\u00a0\u00bb et pour les s\u00e9jours de courte dur\u00e9e, nous pouvons donner notre accord, ponctuellement, pour accueillir 1 \u00e0 2 personnes (adultes ou enfants) en surnombre par rapport \u00e0 la capacit\u00e9 maximale de 20 personnes (+ 2 b\u00e9b\u00e9s de moins de 2 ans), avec un suppl\u00e9ment de 30 \u20ac\/jour\/personne.<\/p>\n<p><strong><span style=\"font-size: 14pt;\">Quels consommables sont mis \u00e0 disposition ?<\/span><\/strong> Vous trouverez dans votre logement quelques consommables pr\u00e9vus pour faciliter votre d\u00e9but de s\u00e9jour. Dans la cuisine : sel (fin et gros), poivre, huile, vinaigre, sucre, th\u00e9, caf\u00e9, filtres \u00e0 caf\u00e9.\u00a0 C\u00f4t\u00e9 hygi\u00e8ne et produits d&rsquo;entretien : un rouleau de papier toilette par WC (pour le d\u00e9but de s\u00e9jour), un rouleau d&rsquo;essui-tout, du savon pour les mains \u00e0 tous les points d&rsquo;eau, du gel douche, shampoing, liquide vaisselle, produit lave-vaisselle, sacs poubelle et l&rsquo;ensemble des produits de nettoyage du logement. A noter que les consommables ne sont pas r\u00e9-approvisionn\u00e9s en cours de s\u00e9jour. Un plan des principaux commerces aux alentours est \u00e0 votre disposition dans le classeur descriptif de la maison.<\/p>\n","protected":false},"excerpt":{"rendered":"<p>Que comprend le tarif du s\u00e9jour ?\u00a0Nos tarifs comprennent le linge de maison (les lits sont pr\u00e9par\u00e9s pour vous et vous disposez de draps de douche, serviettes de toilette, tapis de bain et torchons de cuisine), le m\u00e9nage&#8230;<\/p>\n","protected":false},"author":1,"featured_media":0,"parent":0,"menu_order":0,"comment_status":"closed","ping_status":"closed","template":"","meta":{"jetpack_post_was_ever_published":false,"footnotes":""},"class_list":["post-2092","page","type-page","status-publish","hentry"],"yoast_head":"<!-- This site is optimized with the Yoast SEO plugin v27.4 - https:\/\/yoast.com\/product\/yoast-seo-wordpress\/ -->\n<title>Foire Aux Questions | Domaine de La Girardi\u00e8re<\/title>\n<meta name=\"description\" content=\"Vous avez des questions sur votre s\u00e9jour en famille ou entre amis au Domaine de La Girardi\u00e8re, en Vend\u00e9e ? Nous y r\u00e9pondons !\" \/>\n<meta name=\"robots\" content=\"index, follow, max-snippet:-1, max-image-preview:large, max-video-preview:-1\" \/>\n<link rel=\"canonical\" href=\"https:\/\/lagirardiere-vendee.fr\/index.php\/toutes-les-reponses-a-vos-questions-sur-votre-sejour-au-domaine-de-la-girardiere-en-vendee\/\" \/>\n<meta property=\"og:locale\" content=\"fr_FR\" \/>\n<meta property=\"og:type\" content=\"article\" \/>\n<meta property=\"og:title\" content=\"Foire Aux Questions | Domaine de La Girardi\u00e8re\" \/>\n<meta property=\"og:description\" content=\"Vous avez des questions sur votre s\u00e9jour en famille ou entre amis au Domaine de La Girardi\u00e8re, en Vend\u00e9e ? Nous y r\u00e9pondons !\" \/>\n<meta property=\"og:url\" content=\"https:\/\/lagirardiere-vendee.fr\/index.php\/toutes-les-reponses-a-vos-questions-sur-votre-sejour-au-domaine-de-la-girardiere-en-vendee\/\" \/>\n<meta property=\"og:site_name\" content=\"Domaine de La Girardi\u00e8re\" \/>\n<meta property=\"article:publisher\" content=\"https:\/\/www.facebook.com\/domainedelagirardiereenvendee\" \/>\n<meta property=\"article:modified_time\" content=\"2026-01-05T11:08:59+00:00\" \/>\n<meta property=\"og:image\" content=\"https:\/\/lagirardiere-vendee.fr\/wp-content\/uploads\/2020\/01\/Image2-1.png\" \/>\n\t<meta property=\"og:image:width\" content=\"159\" \/>\n\t<meta property=\"og:image:height\" content=\"160\" \/>\n\t<meta property=\"og:image:type\" content=\"image\/png\" \/>\n<meta name=\"twitter:card\" content=\"summary_large_image\" \/>\n<meta name=\"twitter:label1\" content=\"Dur\u00e9e de lecture estim\u00e9e\" \/>\n\t<meta name=\"twitter:data1\" content=\"6 minutes\" \/>\n<script type=\"application\/ld+json\" class=\"yoast-schema-graph\">{\"@context\":\"https:\\\/\\\/schema.org\",\"@graph\":[{\"@type\":\"WebPage\",\"@id\":\"https:\\\/\\\/lagirardiere-vendee.fr\\\/index.php\\\/toutes-les-reponses-a-vos-questions-sur-votre-sejour-au-domaine-de-la-girardiere-en-vendee\\\/\",\"url\":\"https:\\\/\\\/lagirardiere-vendee.fr\\\/index.php\\\/toutes-les-reponses-a-vos-questions-sur-votre-sejour-au-domaine-de-la-girardiere-en-vendee\\\/\",\"name\":\"Foire Aux Questions | Domaine de La Girardi\u00e8re\",\"isPartOf\":{\"@id\":\"https:\\\/\\\/lagirardiere-vendee.fr\\\/#website\"},\"datePublished\":\"2022-08-26T14:30:50+00:00\",\"dateModified\":\"2026-01-05T11:08:59+00:00\",\"description\":\"Vous avez des questions sur votre s\u00e9jour en famille ou entre amis au Domaine de La Girardi\u00e8re, en Vend\u00e9e ? Nous y r\u00e9pondons !\",\"breadcrumb\":{\"@id\":\"https:\\\/\\\/lagirardiere-vendee.fr\\\/index.php\\\/toutes-les-reponses-a-vos-questions-sur-votre-sejour-au-domaine-de-la-girardiere-en-vendee\\\/#breadcrumb\"},\"inLanguage\":\"fr-FR\",\"potentialAction\":[{\"@type\":\"ReadAction\",\"target\":[\"https:\\\/\\\/lagirardiere-vendee.fr\\\/index.php\\\/toutes-les-reponses-a-vos-questions-sur-votre-sejour-au-domaine-de-la-girardiere-en-vendee\\\/\"]}]},{\"@type\":\"BreadcrumbList\",\"@id\":\"https:\\\/\\\/lagirardiere-vendee.fr\\\/index.php\\\/toutes-les-reponses-a-vos-questions-sur-votre-sejour-au-domaine-de-la-girardiere-en-vendee\\\/#breadcrumb\",\"itemListElement\":[{\"@type\":\"ListItem\",\"position\":1,\"name\":\"Accueil\",\"item\":\"https:\\\/\\\/lagirardiere-vendee.fr\\\/\"},{\"@type\":\"ListItem\",\"position\":2,\"name\":\"Foire Aux Questions\"}]},{\"@type\":\"WebSite\",\"@id\":\"https:\\\/\\\/lagirardiere-vendee.fr\\\/#website\",\"url\":\"https:\\\/\\\/lagirardiere-vendee.fr\\\/\",\"name\":\"Domaine de La Girardi\u00e8re\",\"description\":\"Location de g\u00eetes de caract\u00e8re en Vend\u00e9e\",\"publisher\":{\"@id\":\"https:\\\/\\\/lagirardiere-vendee.fr\\\/#organization\"},\"potentialAction\":[{\"@type\":\"SearchAction\",\"target\":{\"@type\":\"EntryPoint\",\"urlTemplate\":\"https:\\\/\\\/lagirardiere-vendee.fr\\\/?s={search_term_string}\"},\"query-input\":{\"@type\":\"PropertyValueSpecification\",\"valueRequired\":true,\"valueName\":\"search_term_string\"}}],\"inLanguage\":\"fr-FR\"},{\"@type\":\"Organization\",\"@id\":\"https:\\\/\\\/lagirardiere-vendee.fr\\\/#organization\",\"name\":\"SAS Domaine de La Girardi\u00e8re\",\"url\":\"https:\\\/\\\/lagirardiere-vendee.fr\\\/\",\"logo\":{\"@type\":\"ImageObject\",\"inLanguage\":\"fr-FR\",\"@id\":\"https:\\\/\\\/lagirardiere-vendee.fr\\\/#\\\/schema\\\/logo\\\/image\\\/\",\"url\":\"http:\\\/\\\/lagirardiere-vendee.fr\\\/wp-content\\\/uploads\\\/2020\\\/01\\\/Image2-1.png\",\"contentUrl\":\"http:\\\/\\\/lagirardiere-vendee.fr\\\/wp-content\\\/uploads\\\/2020\\\/01\\\/Image2-1.png\",\"width\":159,\"height\":160,\"caption\":\"SAS Domaine de La Girardi\u00e8re\"},\"image\":{\"@id\":\"https:\\\/\\\/lagirardiere-vendee.fr\\\/#\\\/schema\\\/logo\\\/image\\\/\"},\"sameAs\":[\"https:\\\/\\\/www.facebook.com\\\/domainedelagirardiereenvendee\"]}]}<\/script>\n<!-- \/ Yoast SEO plugin. -->","yoast_head_json":{"title":"Foire Aux Questions | Domaine de La Girardi\u00e8re","description":"Vous avez des questions sur votre s\u00e9jour en famille ou entre amis au Domaine de La Girardi\u00e8re, en Vend\u00e9e ? Nous y r\u00e9pondons !","robots":{"index":"index","follow":"follow","max-snippet":"max-snippet:-1","max-image-preview":"max-image-preview:large","max-video-preview":"max-video-preview:-1"},"canonical":"https:\/\/lagirardiere-vendee.fr\/index.php\/toutes-les-reponses-a-vos-questions-sur-votre-sejour-au-domaine-de-la-girardiere-en-vendee\/","og_locale":"fr_FR","og_type":"article","og_title":"Foire Aux Questions | Domaine de La Girardi\u00e8re","og_description":"Vous avez des questions sur votre s\u00e9jour en famille ou entre amis au Domaine de La Girardi\u00e8re, en Vend\u00e9e ? Nous y r\u00e9pondons !","og_url":"https:\/\/lagirardiere-vendee.fr\/index.php\/toutes-les-reponses-a-vos-questions-sur-votre-sejour-au-domaine-de-la-girardiere-en-vendee\/","og_site_name":"Domaine de La Girardi\u00e8re","article_publisher":"https:\/\/www.facebook.com\/domainedelagirardiereenvendee","article_modified_time":"2026-01-05T11:08:59+00:00","og_image":[{"width":159,"height":160,"url":"https:\/\/lagirardiere-vendee.fr\/wp-content\/uploads\/2020\/01\/Image2-1.png","type":"image\/png"}],"twitter_card":"summary_large_image","twitter_misc":{"Dur\u00e9e de lecture estim\u00e9e":"6 minutes"},"schema":{"@context":"https:\/\/schema.org","@graph":[{"@type":"WebPage","@id":"https:\/\/lagirardiere-vendee.fr\/index.php\/toutes-les-reponses-a-vos-questions-sur-votre-sejour-au-domaine-de-la-girardiere-en-vendee\/","url":"https:\/\/lagirardiere-vendee.fr\/index.php\/toutes-les-reponses-a-vos-questions-sur-votre-sejour-au-domaine-de-la-girardiere-en-vendee\/","name":"Foire Aux Questions | Domaine de La Girardi\u00e8re","isPartOf":{"@id":"https:\/\/lagirardiere-vendee.fr\/#website"},"datePublished":"2022-08-26T14:30:50+00:00","dateModified":"2026-01-05T11:08:59+00:00","description":"Vous avez des questions sur votre s\u00e9jour en famille ou entre amis au Domaine de La Girardi\u00e8re, en Vend\u00e9e ? Nous y r\u00e9pondons !","breadcrumb":{"@id":"https:\/\/lagirardiere-vendee.fr\/index.php\/toutes-les-reponses-a-vos-questions-sur-votre-sejour-au-domaine-de-la-girardiere-en-vendee\/#breadcrumb"},"inLanguage":"fr-FR","potentialAction":[{"@type":"ReadAction","target":["https:\/\/lagirardiere-vendee.fr\/index.php\/toutes-les-reponses-a-vos-questions-sur-votre-sejour-au-domaine-de-la-girardiere-en-vendee\/"]}]},{"@type":"BreadcrumbList","@id":"https:\/\/lagirardiere-vendee.fr\/index.php\/toutes-les-reponses-a-vos-questions-sur-votre-sejour-au-domaine-de-la-girardiere-en-vendee\/#breadcrumb","itemListElement":[{"@type":"ListItem","position":1,"name":"Accueil","item":"https:\/\/lagirardiere-vendee.fr\/"},{"@type":"ListItem","position":2,"name":"Foire Aux Questions"}]},{"@type":"WebSite","@id":"https:\/\/lagirardiere-vendee.fr\/#website","url":"https:\/\/lagirardiere-vendee.fr\/","name":"Domaine de La Girardi\u00e8re","description":"Location de g\u00eetes de caract\u00e8re en Vend\u00e9e","publisher":{"@id":"https:\/\/lagirardiere-vendee.fr\/#organization"},"potentialAction":[{"@type":"SearchAction","target":{"@type":"EntryPoint","urlTemplate":"https:\/\/lagirardiere-vendee.fr\/?s={search_term_string}"},"query-input":{"@type":"PropertyValueSpecification","valueRequired":true,"valueName":"search_term_string"}}],"inLanguage":"fr-FR"},{"@type":"Organization","@id":"https:\/\/lagirardiere-vendee.fr\/#organization","name":"SAS Domaine de La Girardi\u00e8re","url":"https:\/\/lagirardiere-vendee.fr\/","logo":{"@type":"ImageObject","inLanguage":"fr-FR","@id":"https:\/\/lagirardiere-vendee.fr\/#\/schema\/logo\/image\/","url":"http:\/\/lagirardiere-vendee.fr\/wp-content\/uploads\/2020\/01\/Image2-1.png","contentUrl":"http:\/\/lagirardiere-vendee.fr\/wp-content\/uploads\/2020\/01\/Image2-1.png","width":159,"height":160,"caption":"SAS Domaine de La Girardi\u00e8re"},"image":{"@id":"https:\/\/lagirardiere-vendee.fr\/#\/schema\/logo\/image\/"},"sameAs":["https:\/\/www.facebook.com\/domainedelagirardiereenvendee"]}]}},"jetpack_sharing_enabled":true,"jetpack_shortlink":"https:\/\/wp.me\/PaEc2P-xK","_links":{"self":[{"href":"https:\/\/lagirardiere-vendee.fr\/index.php\/wp-json\/wp\/v2\/pages\/2092","targetHints":{"allow":["GET"]}}],"collection":[{"href":"https:\/\/lagirardiere-vendee.fr\/index.php\/wp-json\/wp\/v2\/pages"}],"about":[{"href":"https:\/\/lagirardiere-vendee.fr\/index.php\/wp-json\/wp\/v2\/types\/page"}],"author":[{"embeddable":true,"href":"https:\/\/lagirardiere-vendee.fr\/index.php\/wp-json\/wp\/v2\/users\/1"}],"replies":[{"embeddable":true,"href":"https:\/\/lagirardiere-vendee.fr\/index.php\/wp-json\/wp\/v2\/comments?post=2092"}],"version-history":[{"count":27,"href":"https:\/\/lagirardiere-vendee.fr\/index.php\/wp-json\/wp\/v2\/pages\/2092\/revisions"}],"predecessor-version":[{"id":2697,"href":"https:\/\/lagirardiere-vendee.fr\/index.php\/wp-json\/wp\/v2\/pages\/2092\/revisions\/2697"}],"wp:attachment":[{"href":"https:\/\/lagirardiere-vendee.fr\/index.php\/wp-json\/wp\/v2\/media?parent=2092"}],"curies":[{"name":"wp","href":"https:\/\/api.w.org\/{rel}","templated":true}]}}