{"id":2026,"date":"2022-05-09T15:34:53","date_gmt":"2022-05-09T13:34:53","guid":{"rendered":"https:\/\/lagirardiere-vendee.fr\/?page_id=2026"},"modified":"2024-07-30T18:09:12","modified_gmt":"2024-07-30T16:09:12","slug":"logis-de-la-chabotterie","status":"publish","type":"page","link":"https:\/\/lagirardiere-vendee.fr\/index.php\/logis-de-la-chabotterie\/","title":{"rendered":"Logis de la Chabotterie"},"content":{"rendered":"<p>Le <a href=\"https:\/\/www.sitesculturels.vendee.fr\/Logis-de-la-Chabotterie\" target=\"_blank\" rel=\"noopener\">Logis de la Chabotterie<\/a> est un lieu fort de l&rsquo;histoire de la Vend\u00e9e et plus particuli\u00e8rement des guerres de Vend\u00e9e, puisque c&rsquo;est sur ses terres qu&rsquo;a eu lieu l&rsquo;arrestation du G\u00e9n\u00e9ral Charette de La Contrie, en mars 1796. Il est aussi un mod\u00e8le type de logis \u00ab\u00a0bas-poitevin\u00a0\u00bb, r\u00e9pandu en Vend\u00e9e, entre le XVi\u00e8me et le XVII i\u00e8me si\u00e8cle, avec un double r\u00f4le de r\u00e9sidence seigneuriale et de m\u00e9tairie. Le jardin, bord\u00e9 par le Logis, ceint de murs sur les deux c\u00f4t\u00e9s lat\u00e9raux et ferm\u00e9 par un large foss\u00e9, appel\u00e9 haha, est typique de ces demeures.<\/p>\n<div id=\"metaslider-id-2029\" style=\"width: 100%; margin: 0 auto;\" class=\"ml-slider-3-107-0 metaslider metaslider-flex metaslider-2029 ml-slider has-dots-nav ms-theme-default\" role=\"region\" aria-label=\"Logis de la Chabotterie\" data-height=\"487\" data-width=\"794\">\n    <div id=\"metaslider_container_2029\">\n        <div id=\"metaslider_2029\" class=\"flexslider\">\n            <ul class='slides'>\n                <li style=\"display: block; width: 100%;\" class=\"slide-2035 ms-image \" aria-roledescription=\"slide\" data-date=\"2022-05-09 15:32:07\" data-filename=\"IMG_63111-scaled.jpg\" data-slide-type=\"image\"><img loading=\"lazy\" decoding=\"async\" width=\"2560\" height=\"1920\" src=\"https:\/\/lagirardiere-vendee.fr\/wp-content\/uploads\/2022\/05\/IMG_63111-scaled.jpg\" class=\"slider-2029 slide-2035 msDefaultImage\" alt=\"\" rel=\"\" title=\"IMG_6311[1]\" srcset=\"https:\/\/lagirardiere-vendee.fr\/wp-content\/uploads\/2022\/05\/IMG_63111-scaled.jpg 2560w, https:\/\/lagirardiere-vendee.fr\/wp-content\/uploads\/2022\/05\/IMG_63111-300x225.jpg 300w, https:\/\/lagirardiere-vendee.fr\/wp-content\/uploads\/2022\/05\/IMG_63111-1024x768.jpg 1024w, https:\/\/lagirardiere-vendee.fr\/wp-content\/uploads\/2022\/05\/IMG_63111-768x576.jpg 768w, https:\/\/lagirardiere-vendee.fr\/wp-content\/uploads\/2022\/05\/IMG_63111-1536x1152.jpg 1536w, https:\/\/lagirardiere-vendee.fr\/wp-content\/uploads\/2022\/05\/IMG_63111-2048x1536.jpg 2048w, https:\/\/lagirardiere-vendee.fr\/wp-content\/uploads\/2022\/05\/IMG_63111-400x300.jpg 400w, https:\/\/lagirardiere-vendee.fr\/wp-content\/uploads\/2022\/05\/IMG_63111-600x450.jpg 600w\" sizes=\"auto, (max-width: 2560px) 100vw, 2560px\" \/><\/li>\n                <li style=\"display: none; width: 100%;\" class=\"slide-2036 ms-image \" aria-roledescription=\"slide\" data-date=\"2022-05-09 15:32:07\" data-filename=\"IMG_63101-scaled.jpg\" data-slide-type=\"image\"><img loading=\"lazy\" decoding=\"async\" width=\"2560\" height=\"1920\" src=\"https:\/\/lagirardiere-vendee.fr\/wp-content\/uploads\/2022\/05\/IMG_63101-scaled.jpg\" class=\"slider-2029 slide-2036 msDefaultImage\" alt=\"\" rel=\"\" title=\"IMG_6310[1]\" srcset=\"https:\/\/lagirardiere-vendee.fr\/wp-content\/uploads\/2022\/05\/IMG_63101-scaled.jpg 2560w, https:\/\/lagirardiere-vendee.fr\/wp-content\/uploads\/2022\/05\/IMG_63101-300x225.jpg 300w, https:\/\/lagirardiere-vendee.fr\/wp-content\/uploads\/2022\/05\/IMG_63101-1024x768.jpg 1024w, https:\/\/lagirardiere-vendee.fr\/wp-content\/uploads\/2022\/05\/IMG_63101-768x576.jpg 768w, https:\/\/lagirardiere-vendee.fr\/wp-content\/uploads\/2022\/05\/IMG_63101-1536x1152.jpg 1536w, https:\/\/lagirardiere-vendee.fr\/wp-content\/uploads\/2022\/05\/IMG_63101-2048x1536.jpg 2048w, https:\/\/lagirardiere-vendee.fr\/wp-content\/uploads\/2022\/05\/IMG_63101-400x300.jpg 400w, https:\/\/lagirardiere-vendee.fr\/wp-content\/uploads\/2022\/05\/IMG_63101-600x450.jpg 600w\" sizes=\"auto, (max-width: 2560px) 100vw, 2560px\" \/><\/li>\n                <li style=\"display: none; width: 100%;\" class=\"slide-2038 ms-image \" aria-roledescription=\"slide\" data-date=\"2022-05-09 15:32:08\" data-filename=\"IMG_62971-scaled.jpg\" data-slide-type=\"image\"><img loading=\"lazy\" decoding=\"async\" width=\"2560\" height=\"1920\" src=\"https:\/\/lagirardiere-vendee.fr\/wp-content\/uploads\/2022\/05\/IMG_62971-scaled.jpg\" class=\"slider-2029 slide-2038 msDefaultImage\" alt=\"\" rel=\"\" title=\"IMG_6297[1]\" srcset=\"https:\/\/lagirardiere-vendee.fr\/wp-content\/uploads\/2022\/05\/IMG_62971-scaled.jpg 2560w, https:\/\/lagirardiere-vendee.fr\/wp-content\/uploads\/2022\/05\/IMG_62971-300x225.jpg 300w, https:\/\/lagirardiere-vendee.fr\/wp-content\/uploads\/2022\/05\/IMG_62971-1024x768.jpg 1024w, https:\/\/lagirardiere-vendee.fr\/wp-content\/uploads\/2022\/05\/IMG_62971-768x576.jpg 768w, https:\/\/lagirardiere-vendee.fr\/wp-content\/uploads\/2022\/05\/IMG_62971-1536x1152.jpg 1536w, https:\/\/lagirardiere-vendee.fr\/wp-content\/uploads\/2022\/05\/IMG_62971-2048x1536.jpg 2048w, https:\/\/lagirardiere-vendee.fr\/wp-content\/uploads\/2022\/05\/IMG_62971-400x300.jpg 400w, https:\/\/lagirardiere-vendee.fr\/wp-content\/uploads\/2022\/05\/IMG_62971-600x450.jpg 600w\" sizes=\"auto, (max-width: 2560px) 100vw, 2560px\" \/><\/li>\n                <li style=\"display: none; width: 100%;\" class=\"slide-2039 ms-image \" aria-roledescription=\"slide\" data-date=\"2022-05-09 15:32:08\" data-filename=\"IMG_62951-scaled.jpg\" data-slide-type=\"image\"><img loading=\"lazy\" decoding=\"async\" width=\"2560\" height=\"1920\" src=\"https:\/\/lagirardiere-vendee.fr\/wp-content\/uploads\/2022\/05\/IMG_62951-scaled.jpg\" class=\"slider-2029 slide-2039 msDefaultImage\" alt=\"\" rel=\"\" title=\"IMG_6295[1]\" srcset=\"https:\/\/lagirardiere-vendee.fr\/wp-content\/uploads\/2022\/05\/IMG_62951-scaled.jpg 2560w, https:\/\/lagirardiere-vendee.fr\/wp-content\/uploads\/2022\/05\/IMG_62951-300x225.jpg 300w, https:\/\/lagirardiere-vendee.fr\/wp-content\/uploads\/2022\/05\/IMG_62951-1024x768.jpg 1024w, https:\/\/lagirardiere-vendee.fr\/wp-content\/uploads\/2022\/05\/IMG_62951-768x576.jpg 768w, https:\/\/lagirardiere-vendee.fr\/wp-content\/uploads\/2022\/05\/IMG_62951-1536x1152.jpg 1536w, https:\/\/lagirardiere-vendee.fr\/wp-content\/uploads\/2022\/05\/IMG_62951-2048x1536.jpg 2048w, https:\/\/lagirardiere-vendee.fr\/wp-content\/uploads\/2022\/05\/IMG_62951-400x300.jpg 400w, https:\/\/lagirardiere-vendee.fr\/wp-content\/uploads\/2022\/05\/IMG_62951-600x450.jpg 600w\" sizes=\"auto, (max-width: 2560px) 100vw, 2560px\" \/><\/li>\n                <li style=\"display: none; width: 100%;\" class=\"slide-2037 ms-image \" aria-roledescription=\"slide\" data-date=\"2022-05-09 15:32:07\" data-filename=\"IMG_63061-scaled.jpg\" data-slide-type=\"image\"><img loading=\"lazy\" decoding=\"async\" width=\"2560\" height=\"1920\" src=\"https:\/\/lagirardiere-vendee.fr\/wp-content\/uploads\/2022\/05\/IMG_63061-scaled.jpg\" class=\"slider-2029 slide-2037 msDefaultImage\" alt=\"\" rel=\"\" title=\"IMG_6306[1]\" srcset=\"https:\/\/lagirardiere-vendee.fr\/wp-content\/uploads\/2022\/05\/IMG_63061-scaled.jpg 2560w, https:\/\/lagirardiere-vendee.fr\/wp-content\/uploads\/2022\/05\/IMG_63061-300x225.jpg 300w, https:\/\/lagirardiere-vendee.fr\/wp-content\/uploads\/2022\/05\/IMG_63061-1024x768.jpg 1024w, https:\/\/lagirardiere-vendee.fr\/wp-content\/uploads\/2022\/05\/IMG_63061-768x576.jpg 768w, https:\/\/lagirardiere-vendee.fr\/wp-content\/uploads\/2022\/05\/IMG_63061-1536x1152.jpg 1536w, https:\/\/lagirardiere-vendee.fr\/wp-content\/uploads\/2022\/05\/IMG_63061-2048x1536.jpg 2048w, https:\/\/lagirardiere-vendee.fr\/wp-content\/uploads\/2022\/05\/IMG_63061-400x300.jpg 400w, https:\/\/lagirardiere-vendee.fr\/wp-content\/uploads\/2022\/05\/IMG_63061-600x450.jpg 600w\" sizes=\"auto, (max-width: 2560px) 100vw, 2560px\" \/><\/li>\n                <li style=\"display: none; width: 100%;\" class=\"slide-2040 ms-image \" aria-roledescription=\"slide\" data-date=\"2022-05-09 15:32:08\" data-filename=\"IMG_62981-scaled.jpg\" data-slide-type=\"image\"><img loading=\"lazy\" decoding=\"async\" width=\"2560\" height=\"1920\" src=\"https:\/\/lagirardiere-vendee.fr\/wp-content\/uploads\/2022\/05\/IMG_62981-scaled.jpg\" class=\"slider-2029 slide-2040 msDefaultImage\" alt=\"\" rel=\"\" title=\"logis de la chabotterie en vendee\" srcset=\"https:\/\/lagirardiere-vendee.fr\/wp-content\/uploads\/2022\/05\/IMG_62981-scaled.jpg 2560w, https:\/\/lagirardiere-vendee.fr\/wp-content\/uploads\/2022\/05\/IMG_62981-300x225.jpg 300w, https:\/\/lagirardiere-vendee.fr\/wp-content\/uploads\/2022\/05\/IMG_62981-1024x768.jpg 1024w, https:\/\/lagirardiere-vendee.fr\/wp-content\/uploads\/2022\/05\/IMG_62981-768x576.jpg 768w, https:\/\/lagirardiere-vendee.fr\/wp-content\/uploads\/2022\/05\/IMG_62981-1536x1152.jpg 1536w, https:\/\/lagirardiere-vendee.fr\/wp-content\/uploads\/2022\/05\/IMG_62981-2048x1536.jpg 2048w, https:\/\/lagirardiere-vendee.fr\/wp-content\/uploads\/2022\/05\/IMG_62981-400x300.jpg 400w, https:\/\/lagirardiere-vendee.fr\/wp-content\/uploads\/2022\/05\/IMG_62981-600x450.jpg 600w\" sizes=\"auto, (max-width: 2560px) 100vw, 2560px\" \/><\/li>\n            <\/ul>\n        <\/div>\n        \n    <\/div>\n<\/div>\n<p>Rachet\u00e9 en 1992 par le conseil d\u00e9partemental de la Vend\u00e9e, le Logis de la Chabotterie, ses jardins et son domaine se visitent et accueillent \u00e9galement de nombreux <a href=\"https:\/\/nossites.vendee.fr\/agenda-des-sites-culturels\" target=\"_blank\" rel=\"noopener\">spectacles et animations<\/a>, tout au long de l&rsquo;ann\u00e9e.<\/p>\n","protected":false},"excerpt":{"rendered":"<p>Le Logis de la Chabotterie est un lieu fort de l&rsquo;histoire de la Vend\u00e9e et plus particuli\u00e8rement des guerres de Vend\u00e9e, puisque c&rsquo;est sur ses terres qu&rsquo;a eu lieu l&rsquo;arrestation du G\u00e9n\u00e9ral Charette de La Contrie, en mars&#8230;<\/p>\n","protected":false},"author":1,"featured_media":2027,"parent":0,"menu_order":10,"comment_status":"closed","ping_status":"closed","template":"page-templates\/template-services.php","meta":{"jetpack_post_was_ever_published":false,"footnotes":""},"class_list":["post-2026","page","type-page","status-publish","has-post-thumbnail","hentry"],"yoast_head":"<!-- This site is optimized with the Yoast SEO plugin v27.4 - https:\/\/yoast.com\/product\/yoast-seo-wordpress\/ -->\n<title>Logis de la Chabotterie | Domaine de La Girardi\u00e8re<\/title>\n<meta name=\"description\" content=\"Lors de votre s\u00e9jour \u00e0 la Girardi\u00e8re, ne manquez pas de visiter le Logis de la Chabotterie, lieu fort de l&#039;histoire de la Vend\u00e9e\" \/>\n<meta name=\"robots\" content=\"index, follow, max-snippet:-1, max-image-preview:large, max-video-preview:-1\" \/>\n<link rel=\"canonical\" href=\"https:\/\/lagirardiere-vendee.fr\/index.php\/logis-de-la-chabotterie\/\" \/>\n<meta property=\"og:locale\" content=\"fr_FR\" \/>\n<meta property=\"og:type\" content=\"article\" \/>\n<meta property=\"og:title\" content=\"Logis de la Chabotterie | Domaine de La Girardi\u00e8re\" \/>\n<meta property=\"og:description\" content=\"Lors de votre s\u00e9jour \u00e0 la Girardi\u00e8re, ne manquez pas de visiter le Logis de la Chabotterie, lieu fort de l&#039;histoire de la Vend\u00e9e\" \/>\n<meta property=\"og:url\" content=\"https:\/\/lagirardiere-vendee.fr\/index.php\/logis-de-la-chabotterie\/\" \/>\n<meta property=\"og:site_name\" content=\"Domaine de La Girardi\u00e8re\" \/>\n<meta property=\"article:publisher\" content=\"https:\/\/www.facebook.com\/domainedelagirardiereenvendee\" \/>\n<meta property=\"article:modified_time\" content=\"2024-07-30T16:09:12+00:00\" \/>\n<meta property=\"og:image\" content=\"https:\/\/lagirardiere-vendee.fr\/wp-content\/uploads\/2022\/05\/IMG_62981-scaled.jpg\" \/>\n\t<meta property=\"og:image:width\" content=\"2560\" \/>\n\t<meta property=\"og:image:height\" content=\"1920\" \/>\n\t<meta property=\"og:image:type\" content=\"image\/jpeg\" \/>\n<meta name=\"twitter:card\" content=\"summary_large_image\" \/>\n<meta name=\"twitter:label1\" content=\"Dur\u00e9e de lecture estim\u00e9e\" \/>\n\t<meta name=\"twitter:data1\" content=\"1 minute\" \/>\n<script type=\"application\/ld+json\" class=\"yoast-schema-graph\">{\"@context\":\"https:\\\/\\\/schema.org\",\"@graph\":[{\"@type\":\"WebPage\",\"@id\":\"https:\\\/\\\/lagirardiere-vendee.fr\\\/index.php\\\/logis-de-la-chabotterie\\\/\",\"url\":\"https:\\\/\\\/lagirardiere-vendee.fr\\\/index.php\\\/logis-de-la-chabotterie\\\/\",\"name\":\"Logis de la Chabotterie | Domaine de La Girardi\u00e8re\",\"isPartOf\":{\"@id\":\"https:\\\/\\\/lagirardiere-vendee.fr\\\/#website\"},\"primaryImageOfPage\":{\"@id\":\"https:\\\/\\\/lagirardiere-vendee.fr\\\/index.php\\\/logis-de-la-chabotterie\\\/#primaryimage\"},\"image\":{\"@id\":\"https:\\\/\\\/lagirardiere-vendee.fr\\\/index.php\\\/logis-de-la-chabotterie\\\/#primaryimage\"},\"thumbnailUrl\":\"https:\\\/\\\/lagirardiere-vendee.fr\\\/wp-content\\\/uploads\\\/2022\\\/05\\\/IMG_62981-scaled.jpg\",\"datePublished\":\"2022-05-09T13:34:53+00:00\",\"dateModified\":\"2024-07-30T16:09:12+00:00\",\"description\":\"Lors de votre s\u00e9jour \u00e0 la Girardi\u00e8re, ne manquez pas de visiter le Logis de la Chabotterie, lieu fort de l'histoire de la Vend\u00e9e\",\"breadcrumb\":{\"@id\":\"https:\\\/\\\/lagirardiere-vendee.fr\\\/index.php\\\/logis-de-la-chabotterie\\\/#breadcrumb\"},\"inLanguage\":\"fr-FR\",\"potentialAction\":[{\"@type\":\"ReadAction\",\"target\":[\"https:\\\/\\\/lagirardiere-vendee.fr\\\/index.php\\\/logis-de-la-chabotterie\\\/\"]}]},{\"@type\":\"ImageObject\",\"inLanguage\":\"fr-FR\",\"@id\":\"https:\\\/\\\/lagirardiere-vendee.fr\\\/index.php\\\/logis-de-la-chabotterie\\\/#primaryimage\",\"url\":\"https:\\\/\\\/lagirardiere-vendee.fr\\\/wp-content\\\/uploads\\\/2022\\\/05\\\/IMG_62981-scaled.jpg\",\"contentUrl\":\"https:\\\/\\\/lagirardiere-vendee.fr\\\/wp-content\\\/uploads\\\/2022\\\/05\\\/IMG_62981-scaled.jpg\",\"width\":2560,\"height\":1920},{\"@type\":\"BreadcrumbList\",\"@id\":\"https:\\\/\\\/lagirardiere-vendee.fr\\\/index.php\\\/logis-de-la-chabotterie\\\/#breadcrumb\",\"itemListElement\":[{\"@type\":\"ListItem\",\"position\":1,\"name\":\"Accueil\",\"item\":\"https:\\\/\\\/lagirardiere-vendee.fr\\\/\"},{\"@type\":\"ListItem\",\"position\":2,\"name\":\"Logis de la Chabotterie\"}]},{\"@type\":\"WebSite\",\"@id\":\"https:\\\/\\\/lagirardiere-vendee.fr\\\/#website\",\"url\":\"https:\\\/\\\/lagirardiere-vendee.fr\\\/\",\"name\":\"Domaine de La Girardi\u00e8re\",\"description\":\"Location de g\u00eetes de caract\u00e8re en Vend\u00e9e\",\"publisher\":{\"@id\":\"https:\\\/\\\/lagirardiere-vendee.fr\\\/#organization\"},\"potentialAction\":[{\"@type\":\"SearchAction\",\"target\":{\"@type\":\"EntryPoint\",\"urlTemplate\":\"https:\\\/\\\/lagirardiere-vendee.fr\\\/?s={search_term_string}\"},\"query-input\":{\"@type\":\"PropertyValueSpecification\",\"valueRequired\":true,\"valueName\":\"search_term_string\"}}],\"inLanguage\":\"fr-FR\"},{\"@type\":\"Organization\",\"@id\":\"https:\\\/\\\/lagirardiere-vendee.fr\\\/#organization\",\"name\":\"SAS Domaine de La Girardi\u00e8re\",\"url\":\"https:\\\/\\\/lagirardiere-vendee.fr\\\/\",\"logo\":{\"@type\":\"ImageObject\",\"inLanguage\":\"fr-FR\",\"@id\":\"https:\\\/\\\/lagirardiere-vendee.fr\\\/#\\\/schema\\\/logo\\\/image\\\/\",\"url\":\"http:\\\/\\\/lagirardiere-vendee.fr\\\/wp-content\\\/uploads\\\/2020\\\/01\\\/Image2-1.png\",\"contentUrl\":\"http:\\\/\\\/lagirardiere-vendee.fr\\\/wp-content\\\/uploads\\\/2020\\\/01\\\/Image2-1.png\",\"width\":159,\"height\":160,\"caption\":\"SAS Domaine de La Girardi\u00e8re\"},\"image\":{\"@id\":\"https:\\\/\\\/lagirardiere-vendee.fr\\\/#\\\/schema\\\/logo\\\/image\\\/\"},\"sameAs\":[\"https:\\\/\\\/www.facebook.com\\\/domainedelagirardiereenvendee\"]}]}<\/script>\n<!-- \/ Yoast SEO plugin. -->","yoast_head_json":{"title":"Logis de la Chabotterie | Domaine de La Girardi\u00e8re","description":"Lors de votre s\u00e9jour \u00e0 la Girardi\u00e8re, ne manquez pas de visiter le Logis de la Chabotterie, lieu fort de l'histoire de la Vend\u00e9e","robots":{"index":"index","follow":"follow","max-snippet":"max-snippet:-1","max-image-preview":"max-image-preview:large","max-video-preview":"max-video-preview:-1"},"canonical":"https:\/\/lagirardiere-vendee.fr\/index.php\/logis-de-la-chabotterie\/","og_locale":"fr_FR","og_type":"article","og_title":"Logis de la Chabotterie | Domaine de La Girardi\u00e8re","og_description":"Lors de votre s\u00e9jour \u00e0 la Girardi\u00e8re, ne manquez pas de visiter le Logis de la Chabotterie, lieu fort de l'histoire de la Vend\u00e9e","og_url":"https:\/\/lagirardiere-vendee.fr\/index.php\/logis-de-la-chabotterie\/","og_site_name":"Domaine de La Girardi\u00e8re","article_publisher":"https:\/\/www.facebook.com\/domainedelagirardiereenvendee","article_modified_time":"2024-07-30T16:09:12+00:00","og_image":[{"width":2560,"height":1920,"url":"https:\/\/lagirardiere-vendee.fr\/wp-content\/uploads\/2022\/05\/IMG_62981-scaled.jpg","type":"image\/jpeg"}],"twitter_card":"summary_large_image","twitter_misc":{"Dur\u00e9e de lecture estim\u00e9e":"1 minute"},"schema":{"@context":"https:\/\/schema.org","@graph":[{"@type":"WebPage","@id":"https:\/\/lagirardiere-vendee.fr\/index.php\/logis-de-la-chabotterie\/","url":"https:\/\/lagirardiere-vendee.fr\/index.php\/logis-de-la-chabotterie\/","name":"Logis de la Chabotterie | Domaine de La Girardi\u00e8re","isPartOf":{"@id":"https:\/\/lagirardiere-vendee.fr\/#website"},"primaryImageOfPage":{"@id":"https:\/\/lagirardiere-vendee.fr\/index.php\/logis-de-la-chabotterie\/#primaryimage"},"image":{"@id":"https:\/\/lagirardiere-vendee.fr\/index.php\/logis-de-la-chabotterie\/#primaryimage"},"thumbnailUrl":"https:\/\/lagirardiere-vendee.fr\/wp-content\/uploads\/2022\/05\/IMG_62981-scaled.jpg","datePublished":"2022-05-09T13:34:53+00:00","dateModified":"2024-07-30T16:09:12+00:00","description":"Lors de votre s\u00e9jour \u00e0 la Girardi\u00e8re, ne manquez pas de visiter le Logis de la Chabotterie, lieu fort de l'histoire de la Vend\u00e9e","breadcrumb":{"@id":"https:\/\/lagirardiere-vendee.fr\/index.php\/logis-de-la-chabotterie\/#breadcrumb"},"inLanguage":"fr-FR","potentialAction":[{"@type":"ReadAction","target":["https:\/\/lagirardiere-vendee.fr\/index.php\/logis-de-la-chabotterie\/"]}]},{"@type":"ImageObject","inLanguage":"fr-FR","@id":"https:\/\/lagirardiere-vendee.fr\/index.php\/logis-de-la-chabotterie\/#primaryimage","url":"https:\/\/lagirardiere-vendee.fr\/wp-content\/uploads\/2022\/05\/IMG_62981-scaled.jpg","contentUrl":"https:\/\/lagirardiere-vendee.fr\/wp-content\/uploads\/2022\/05\/IMG_62981-scaled.jpg","width":2560,"height":1920},{"@type":"BreadcrumbList","@id":"https:\/\/lagirardiere-vendee.fr\/index.php\/logis-de-la-chabotterie\/#breadcrumb","itemListElement":[{"@type":"ListItem","position":1,"name":"Accueil","item":"https:\/\/lagirardiere-vendee.fr\/"},{"@type":"ListItem","position":2,"name":"Logis de la Chabotterie"}]},{"@type":"WebSite","@id":"https:\/\/lagirardiere-vendee.fr\/#website","url":"https:\/\/lagirardiere-vendee.fr\/","name":"Domaine de La Girardi\u00e8re","description":"Location de g\u00eetes de caract\u00e8re en Vend\u00e9e","publisher":{"@id":"https:\/\/lagirardiere-vendee.fr\/#organization"},"potentialAction":[{"@type":"SearchAction","target":{"@type":"EntryPoint","urlTemplate":"https:\/\/lagirardiere-vendee.fr\/?s={search_term_string}"},"query-input":{"@type":"PropertyValueSpecification","valueRequired":true,"valueName":"search_term_string"}}],"inLanguage":"fr-FR"},{"@type":"Organization","@id":"https:\/\/lagirardiere-vendee.fr\/#organization","name":"SAS Domaine de La Girardi\u00e8re","url":"https:\/\/lagirardiere-vendee.fr\/","logo":{"@type":"ImageObject","inLanguage":"fr-FR","@id":"https:\/\/lagirardiere-vendee.fr\/#\/schema\/logo\/image\/","url":"http:\/\/lagirardiere-vendee.fr\/wp-content\/uploads\/2020\/01\/Image2-1.png","contentUrl":"http:\/\/lagirardiere-vendee.fr\/wp-content\/uploads\/2020\/01\/Image2-1.png","width":159,"height":160,"caption":"SAS Domaine de La Girardi\u00e8re"},"image":{"@id":"https:\/\/lagirardiere-vendee.fr\/#\/schema\/logo\/image\/"},"sameAs":["https:\/\/www.facebook.com\/domainedelagirardiereenvendee"]}]}},"jetpack_sharing_enabled":true,"jetpack_shortlink":"https:\/\/wp.me\/PaEc2P-wG","_links":{"self":[{"href":"https:\/\/lagirardiere-vendee.fr\/index.php\/wp-json\/wp\/v2\/pages\/2026","targetHints":{"allow":["GET"]}}],"collection":[{"href":"https:\/\/lagirardiere-vendee.fr\/index.php\/wp-json\/wp\/v2\/pages"}],"about":[{"href":"https:\/\/lagirardiere-vendee.fr\/index.php\/wp-json\/wp\/v2\/types\/page"}],"author":[{"embeddable":true,"href":"https:\/\/lagirardiere-vendee.fr\/index.php\/wp-json\/wp\/v2\/users\/1"}],"replies":[{"embeddable":true,"href":"https:\/\/lagirardiere-vendee.fr\/index.php\/wp-json\/wp\/v2\/comments?post=2026"}],"version-history":[{"count":3,"href":"https:\/\/lagirardiere-vendee.fr\/index.php\/wp-json\/wp\/v2\/pages\/2026\/revisions"}],"predecessor-version":[{"id":2456,"href":"https:\/\/lagirardiere-vendee.fr\/index.php\/wp-json\/wp\/v2\/pages\/2026\/revisions\/2456"}],"wp:featuredmedia":[{"embeddable":true,"href":"https:\/\/lagirardiere-vendee.fr\/index.php\/wp-json\/wp\/v2\/media\/2027"}],"wp:attachment":[{"href":"https:\/\/lagirardiere-vendee.fr\/index.php\/wp-json\/wp\/v2\/media?parent=2026"}],"curies":[{"name":"wp","href":"https:\/\/api.w.org\/{rel}","templated":true}]}}