{"id":1978,"date":"2022-02-04T16:02:18","date_gmt":"2022-02-04T15:02:18","guid":{"rendered":"https:\/\/lagirardiere-vendee.fr\/?page_id=1978"},"modified":"2026-04-15T15:48:46","modified_gmt":"2026-04-15T13:48:46","slug":"les-bonnes-adresses-proches-de-la-girardiere","status":"publish","type":"page","link":"https:\/\/lagirardiere-vendee.fr\/index.php\/les-bonnes-adresses-proches-de-la-girardiere\/","title":{"rendered":"Nos bonnes adresses"},"content":{"rendered":"<p>Voici quelques bonnes adresses, pour rendre votre s\u00e9jour tr\u00e8s agr\u00e9able !<\/p>\n<p><span style=\"font-size: 14pt;\"><strong>Artisanat<\/strong><\/span><\/p>\n<p><a href=\"https:\/\/poteriedenesmy.fr\/\" target=\"_blank\" rel=\"noopener\">Poterie de Nesmy<\/a>, 23, rue Georges Clemenceau, 85 310 Nesmy<\/p>\n<p><span style=\"font-size: 14pt;\"><strong>Boucherie-Charcuterie<\/strong><\/span><\/p>\n<p><a href=\"https:\/\/www.boucherie-bessonnet.fr\/\" target=\"_blank\" rel=\"noopener\">Bessonnet<\/a>, 6 Rue du G\u00e9n\u00e9ral de Gaulle, 85310 Saint Florent des Bois. T\u00e9l: <span aria-label=\"Appeler le 02 51 43 71 09\">02 5<\/span><span aria-label=\"Appeler le 02 51 43 71 09\">1 43 71 09<\/span><\/p>\n<p><span style=\"font-size: 14pt;\"><strong>Boulangerie-P\u00e2tisserie<\/strong><\/span><\/p>\n<p>Le fournil gourmand-Maison Auger, 14 Rue du G\u00e9n\u00e9ral de Gaulle, 85310 Saint Florent des Bois. T\u00e9l: <span aria-label=\"Appeler le 02 51 31 91 03\">02 28 15 72 08<\/span><\/p>\n<p>La Chantaline &#8211; Brioche artisanale, Le Ch\u00e2telier, 85 310 Le Tablier. T\u00e9l: 06 35 19 17 08<\/p>\n<p>L&rsquo;amandine (p\u00e2tisserie), 11, rue de la gare, 85 310 Nesmy. T\u00e9l: 02 51 07 66 71<\/p>\n<p><strong><span style=\"font-size: 14pt;\">Brocantes et vide-greniers<\/span><\/strong><\/p>\n<p>D\u00e9couvrez les dates et lieux des brocantes et des vide-greniers en Vend\u00e9e sur <a href=\"https:\/\/brocabrac.fr\/85\/\" target=\"_blank\" rel=\"noopener\">Brocabrac<\/a><\/p>\n<p><a href=\"https:\/\/www.troc.com\/fr\/les-sables-dolonne-chateau-dolonne-m184\" target=\"_blank\" rel=\"noopener\">Happy Troc \u00a0<\/a>Zac du Puits Rochais 54, rue Roberval- 85180 &#8211; Chateau d&rsquo;Olonne<\/p>\n<p><span style=\"font-size: 14pt;\"><strong>Caf\u00e9 &#8211; brasserie<\/strong><\/span><\/p>\n<p>Caf\u00e9-restaurant Italien \u00ab\u00a0Scoperta\u00a0\u00bb:\u00a0 9 rue principale, 85 310 Le Tablier.<\/p>\n<p><a href=\"https:\/\/beerworkshop.fr\/\" target=\"_blank\" rel=\"noopener\">Beerworkshop<\/a>, 36 Rue de Montr\u00e9al, 85000 La Roche-sur-Yon. T\u00e9l: <span aria-label=\"Appeler le 02 51 34 04 83\">02 51 34 04 8<\/span>3<\/p>\n<p><strong><span style=\"font-size: 14pt;\">Chocolatier &#8211; P\u00e2tissier<\/span><\/strong><\/p>\n<p><a href=\"https:\/\/www.chocolats-gelencser.com\/\" target=\"_blank\" rel=\"noopener\">Patrick Gelencser<\/a>, 5 Rue du Pr\u00e9sident de Gaulle, 85 000 La Roche-sur-Yon. T\u00e9l: 02 51 36 17 41<\/p>\n<p><a href=\"https:\/\/www.larbreasucre.fr\/\" target=\"_blank\" rel=\"noopener\">L&rsquo;arbre \u00e0 sucre<\/a>, 12 Rue Jean Jaur\u00e8s, 85000 La Roche-sur-Yon. T\u00e9l: <span aria-label=\"Appeler le 09 81 18 32 51\">09 81 18 32 51<\/span><\/p>\n<p><strong><span style=\"font-size: 14pt;\">Fleuriste<\/span><\/strong><\/p>\n<p><a href=\"https:\/\/graindepollen.site-solocal.com\/\" target=\"_blank\" rel=\"noopener\">Grain de Pollen<\/a>, 47 Rue Herv\u00e9 de Mareuil, 85320 Mareuil-sur-Lay-Dissais. T\u00e9l: <span aria-label=\"Appeler le 02 51 97 30 92\">02 51 97 30 92<\/span><\/p>\n<p><span style=\"font-size: 14pt;\"><strong>March\u00e9s<\/strong><\/span><\/p>\n<p><a href=\"https:\/\/www.vendee-tourisme.com\/marches-de-producteurs-en-vendee\" target=\"_blank\" rel=\"noopener\">March\u00e9s de producteurs et march\u00e9s nocturnes<\/a><\/p>\n<p><a href=\"https:\/\/www.guide-de-la-vendee.com\/fr\/tourisme\/deguster\/marches.html\" target=\"_blank\" rel=\"noopener\">March\u00e9s de Vend\u00e9e<\/a><\/p>\n<p>La Roche-sur-Yon (halles): mardi, jeudi, vendredi, samedi et dimanche<\/p>\n<p>Les Sables d&rsquo;Olonne (halles): mardi, jeudi, vendredi, samedi et dimanche<\/p>\n<p>Jard-sur-mer: le lundi<\/p>\n<p>Talmont-Saint-Hilaire: le jeudi<\/p>\n<p>Lu\u00e7on: les mercredi et samedi<\/p>\n<p><span style=\"font-size: 14pt;\"><strong>Pressing<\/strong><\/span><\/p>\n<p>Repasse Journ\u00e9e, 6 Rue Eric De La Boulaye. 85 320 Mareuil Sur Lay Dissais. T\u00e9l: <span aria-label=\"Appeler le 06 32 42 45 06\">06 32 42 45 06<\/span><\/p>\n<p><strong><span style=\"font-size: 14pt;\">Producteurs locaux<\/span><\/strong><\/p>\n<p><a href=\"https:\/\/www.lafeecochette.fr\/\" target=\"_blank\" rel=\"noopener\">La f\u00e9e cochette<\/a>, producteur de viande de porc \u00e9lev\u00e9 sur paille. Beauregard, 85 140 Les Essarts. T\u00e9l: 02 51 34 91 33<\/p>\n<p><a href=\"https:\/\/www.gite-veillonniere.com\/la-ferme\/\" target=\"_blank\" rel=\"noopener\">Ferme de la Veillonni\u00e8re<\/a>, producteur de lait de vache Bio avec boutique en acc\u00e8s libre (lait, fromages, farines) La Veillonni\u00e8re, 85 310 Saint Florent des Bois<\/p>\n<p><span style=\"font-size: 14pt;\"><strong>Restaurants<\/strong><\/span><\/p>\n<p><a href=\"https:\/\/www.restaurant-maisondesamy.fr\/\" target=\"_blank\" rel=\"noopener\">Maison Desamy<\/a>, 2, rue Herv\u00e9 de Mareuil, 85320 Mareuil-sur-Lay-Dissais. T\u00e9l: <span aria-label=\"Appeler le 02 51 52 69 43\">02 51 52 69 43<\/span><\/p>\n<p><a href=\"https:\/\/la-guinguette-de-laubraie.fr\/\" target=\"_blank\" rel=\"noopener\">La guinguette de l&rsquo;Aubraie<\/a>, 6, rue du pont Eiffel, 85 320 P\u00e9ault. T\u00e9l: 02 51 97 68 66<\/p>\n<p><a href=\"https:\/\/www.laguinguettedepiquet.com\/\" target=\"_blank\" rel=\"noopener\">La guinguette de Piquet<\/a>, lieu dit Piquet, 85310 Le Tablier. T\u00e9l: <span aria-label=\"Appeler le 02 51 46 73 52\">02 51 46 73 52<\/span><\/p>\n<p><a href=\"https:\/\/m.facebook.com\/login.php?next=https%3A%2F%2Fm.facebook.com%2Falasoupeauxcailloux&amp;refsrc=deprecated&amp;_rdr\" target=\"_blank\" rel=\"noopener\">La soupe aux cailloux<\/a>, 13 Pl. du March\u00e9, 85000 La Roche-sur-Yon. T\u00e9l: <span aria-label=\"Appeler le 09 53 12 31 02\">09 53 12 31 02<\/span><\/p>\n<p><a href=\"https:\/\/www.beurrezinc.com\/\" target=\"_blank\" rel=\"noopener\">Le beurre zinc<\/a>, 10, rue de Verdun, 85000 La Roche-sur-Yon. T\u00e9l: 02 51 09 90 42<\/p>\n<p><a href=\"https:\/\/www.leptitmarais.fr\/\" target=\"_blank\" rel=\"noopener\">Le p&rsquo;tit marais<\/a>, 24, rue des halles, 85000 La Roche-sur-Yon. T\u00e9l: 02 51 48 56 81<\/p>\n<p><a href=\"https:\/\/www.facebook.com\/18bplacenap\/\" target=\"_blank\" rel=\"noopener\">Le 18 B<\/a>, 30 Pl. Napol\u00e9on, 85000 La Roche-sur-Yon. T\u00e9l: <span aria-label=\"Appeler le 02 51 36 28 03\">02 51 36 28 0<\/span>3<\/p>\n<p><a href=\"https:\/\/www.lesalegosse.fr\/\" target=\"_blank\" rel=\"noopener\">Le sale gosse<\/a>, 7 Rue du Pr\u00e9sident de Gaulle, 85000 La Roche-sur-Yon. T\u00e9l: <span aria-label=\"Appeler le 02 51 42 51 49\">02 51 42 51 49<\/span><\/p>\n<p>Restaurant de plage (ouvert d&rsquo;avril \u00e0 septembre): C\u00f4t\u00e9 plage, Plage centrale, 85 360 La Tranche-sur-mer. T\u00e9l: 09 54 50 23 97<\/p>\n<p><span style=\"font-size: 14pt;\"><strong>Supermarch\u00e9s<\/strong><\/span><\/p>\n<p><a href=\"https:\/\/www.e.leclerc\/mag\/e-leclerc-la-roche-sud\" target=\"_blank\" rel=\"noopener\">E. Leclerc<\/a>, Route de la Tranche sur Mer, 85000 La Roche-sur-Yon.<\/p>\n<p>Intermarch\u00e9, 2 Rue des Acacias, 85320 Mareuil-sur-Lay-Dissais.<\/p>\n<p>Carrefour Express, 3 Rue des Tamaris, 85310 Rives-de-l&rsquo;Yon.<\/p>\n<p><strong><span style=\"font-size: 14pt;\">Traiteurs<\/span><\/strong><\/p>\n<p><a href=\"https:\/\/www.cocktails-et-saveurs.fr\/\" target=\"_blank\" rel=\"noopener\">Cocktails et saveurs<\/a>, 140, rue Emile Gabory, 85 000 La Roche-sur-Yon<\/p>\n<p><a href=\"https:\/\/www.arsonneau.fr\/\" target=\"_blank\" rel=\"noopener\">Arsonneau Traiteur<\/a>, ZAC La Roche Sud, 85 000 La Roche-sur-Yon<\/p>\n<p><a href=\"https:\/\/www.merlet-traiteur.com\/fr\/nos-cartes\" target=\"_blank\" rel=\"noopener\">Merlet Traiteur<\/a>, 2, rue du Moulin de la Garde, 85 540 La Jonch\u00e8re<\/p>\n<p><span style=\"font-size: 14pt;\"><strong>Verger<\/strong><\/span><\/p>\n<p><a href=\"https:\/\/www.vergersdevendee.fr\/\" target=\"_blank\" rel=\"noopener\">Verger de Vend\u00e9e<\/a>, Lieu dit La Barre, 85310 Saint-Florent-des-Bois, T\u00e9l :\u00a002 28 97 60 55<\/p>\n<p>Verger de Vend\u00e9e, 1 La Chauveli\u00e8re \u2013 Bessay, 85 320 Mareuil sur Lay. T\u00e9l : 02 51 30 53 76<\/p>\n<p><strong><span style=\"font-size: 14pt;\">Vignobles<\/span><\/strong><\/p>\n<p><a href=\"https:\/\/vignobles-mourat.fr\/\" target=\"_blank\" rel=\"noopener\">Vignobles Mourat<\/a>, Route de la Roche sur Yon, 85320 Mareuil-sur-Lay-Dissais. T\u00e9l: <span aria-label=\"Appeler le 02 51 97 20 10\">02 51 97 20 10 (Visite des vignes et de la cave)<\/span><\/p>\n<p><a href=\"https:\/\/www.domainedelavrignaie.com\/\" target=\"_blank\" rel=\"noopener\">Domaine de la Vrignaie<\/a>, La Noue, 85310 Le Tablier. T\u00e9l: <span aria-label=\"Appeler le 07 60 02 09 63\">07 60 02 09 63<\/span><\/p>\n","protected":false},"excerpt":{"rendered":"<p>Voici quelques bonnes adresses, pour rendre votre s\u00e9jour tr\u00e8s agr\u00e9able ! Artisanat Poterie de Nesmy, 23, rue Georges Clemenceau, 85 310 Nesmy Boucherie-Charcuterie Bessonnet, 6 Rue du G\u00e9n\u00e9ral de Gaulle, 85310 Saint Florent des Bois. T\u00e9l: 02 51&#8230;<\/p>\n","protected":false},"author":1,"featured_media":1985,"parent":0,"menu_order":1,"comment_status":"closed","ping_status":"closed","template":"page-templates\/template-services.php","meta":{"jetpack_post_was_ever_published":false,"footnotes":""},"class_list":["post-1978","page","type-page","status-publish","has-post-thumbnail","hentry"],"yoast_head":"<!-- This site is optimized with the Yoast SEO plugin v27.4 - https:\/\/yoast.com\/product\/yoast-seo-wordpress\/ -->\n<title>Nos bonnes adresses | Domaine de La Girardi\u00e8re<\/title>\n<meta name=\"description\" content=\"Voici nos bonnes adresses de commerces et restaurants autour de La Girardi\u00e8re, pour un s\u00e9jour des plus agr\u00e9ables !\" \/>\n<meta name=\"robots\" content=\"index, follow, max-snippet:-1, max-image-preview:large, max-video-preview:-1\" \/>\n<link rel=\"canonical\" href=\"https:\/\/lagirardiere-vendee.fr\/index.php\/les-bonnes-adresses-proches-de-la-girardiere\/\" \/>\n<meta property=\"og:locale\" content=\"fr_FR\" \/>\n<meta property=\"og:type\" content=\"article\" \/>\n<meta property=\"og:title\" content=\"Nos bonnes adresses | Domaine de La Girardi\u00e8re\" \/>\n<meta property=\"og:description\" content=\"Voici nos bonnes adresses de commerces et restaurants autour de La Girardi\u00e8re, pour un s\u00e9jour des plus agr\u00e9ables !\" \/>\n<meta property=\"og:url\" content=\"https:\/\/lagirardiere-vendee.fr\/index.php\/les-bonnes-adresses-proches-de-la-girardiere\/\" \/>\n<meta property=\"og:site_name\" content=\"Domaine de La Girardi\u00e8re\" \/>\n<meta property=\"article:publisher\" content=\"https:\/\/www.facebook.com\/domainedelagirardiereenvendee\" \/>\n<meta property=\"article:modified_time\" content=\"2026-04-15T13:48:46+00:00\" \/>\n<meta property=\"og:image\" content=\"https:\/\/lagirardiere-vendee.fr\/wp-content\/uploads\/2022\/02\/Image5-scaled.jpg\" \/>\n\t<meta property=\"og:image:width\" content=\"2560\" \/>\n\t<meta property=\"og:image:height\" content=\"1542\" \/>\n\t<meta property=\"og:image:type\" content=\"image\/jpeg\" \/>\n<meta name=\"twitter:card\" content=\"summary_large_image\" \/>\n<meta name=\"twitter:label1\" content=\"Dur\u00e9e de lecture estim\u00e9e\" \/>\n\t<meta name=\"twitter:data1\" content=\"4 minutes\" \/>\n<script type=\"application\/ld+json\" class=\"yoast-schema-graph\">{\"@context\":\"https:\\\/\\\/schema.org\",\"@graph\":[{\"@type\":\"WebPage\",\"@id\":\"https:\\\/\\\/lagirardiere-vendee.fr\\\/index.php\\\/les-bonnes-adresses-proches-de-la-girardiere\\\/\",\"url\":\"https:\\\/\\\/lagirardiere-vendee.fr\\\/index.php\\\/les-bonnes-adresses-proches-de-la-girardiere\\\/\",\"name\":\"Nos bonnes adresses | Domaine de La Girardi\u00e8re\",\"isPartOf\":{\"@id\":\"https:\\\/\\\/lagirardiere-vendee.fr\\\/#website\"},\"primaryImageOfPage\":{\"@id\":\"https:\\\/\\\/lagirardiere-vendee.fr\\\/index.php\\\/les-bonnes-adresses-proches-de-la-girardiere\\\/#primaryimage\"},\"image\":{\"@id\":\"https:\\\/\\\/lagirardiere-vendee.fr\\\/index.php\\\/les-bonnes-adresses-proches-de-la-girardiere\\\/#primaryimage\"},\"thumbnailUrl\":\"https:\\\/\\\/lagirardiere-vendee.fr\\\/wp-content\\\/uploads\\\/2022\\\/02\\\/Image5-scaled.jpg\",\"datePublished\":\"2022-02-04T15:02:18+00:00\",\"dateModified\":\"2026-04-15T13:48:46+00:00\",\"description\":\"Voici nos bonnes adresses de commerces et restaurants autour de La Girardi\u00e8re, pour un s\u00e9jour des plus agr\u00e9ables !\",\"breadcrumb\":{\"@id\":\"https:\\\/\\\/lagirardiere-vendee.fr\\\/index.php\\\/les-bonnes-adresses-proches-de-la-girardiere\\\/#breadcrumb\"},\"inLanguage\":\"fr-FR\",\"potentialAction\":[{\"@type\":\"ReadAction\",\"target\":[\"https:\\\/\\\/lagirardiere-vendee.fr\\\/index.php\\\/les-bonnes-adresses-proches-de-la-girardiere\\\/\"]}]},{\"@type\":\"ImageObject\",\"inLanguage\":\"fr-FR\",\"@id\":\"https:\\\/\\\/lagirardiere-vendee.fr\\\/index.php\\\/les-bonnes-adresses-proches-de-la-girardiere\\\/#primaryimage\",\"url\":\"https:\\\/\\\/lagirardiere-vendee.fr\\\/wp-content\\\/uploads\\\/2022\\\/02\\\/Image5-scaled.jpg\",\"contentUrl\":\"https:\\\/\\\/lagirardiere-vendee.fr\\\/wp-content\\\/uploads\\\/2022\\\/02\\\/Image5-scaled.jpg\",\"width\":2560,\"height\":1542},{\"@type\":\"BreadcrumbList\",\"@id\":\"https:\\\/\\\/lagirardiere-vendee.fr\\\/index.php\\\/les-bonnes-adresses-proches-de-la-girardiere\\\/#breadcrumb\",\"itemListElement\":[{\"@type\":\"ListItem\",\"position\":1,\"name\":\"Accueil\",\"item\":\"https:\\\/\\\/lagirardiere-vendee.fr\\\/\"},{\"@type\":\"ListItem\",\"position\":2,\"name\":\"Nos bonnes adresses\"}]},{\"@type\":\"WebSite\",\"@id\":\"https:\\\/\\\/lagirardiere-vendee.fr\\\/#website\",\"url\":\"https:\\\/\\\/lagirardiere-vendee.fr\\\/\",\"name\":\"Domaine de La Girardi\u00e8re\",\"description\":\"Location de g\u00eetes de caract\u00e8re en Vend\u00e9e\",\"publisher\":{\"@id\":\"https:\\\/\\\/lagirardiere-vendee.fr\\\/#organization\"},\"potentialAction\":[{\"@type\":\"SearchAction\",\"target\":{\"@type\":\"EntryPoint\",\"urlTemplate\":\"https:\\\/\\\/lagirardiere-vendee.fr\\\/?s={search_term_string}\"},\"query-input\":{\"@type\":\"PropertyValueSpecification\",\"valueRequired\":true,\"valueName\":\"search_term_string\"}}],\"inLanguage\":\"fr-FR\"},{\"@type\":\"Organization\",\"@id\":\"https:\\\/\\\/lagirardiere-vendee.fr\\\/#organization\",\"name\":\"SAS Domaine de La Girardi\u00e8re\",\"url\":\"https:\\\/\\\/lagirardiere-vendee.fr\\\/\",\"logo\":{\"@type\":\"ImageObject\",\"inLanguage\":\"fr-FR\",\"@id\":\"https:\\\/\\\/lagirardiere-vendee.fr\\\/#\\\/schema\\\/logo\\\/image\\\/\",\"url\":\"http:\\\/\\\/lagirardiere-vendee.fr\\\/wp-content\\\/uploads\\\/2020\\\/01\\\/Image2-1.png\",\"contentUrl\":\"http:\\\/\\\/lagirardiere-vendee.fr\\\/wp-content\\\/uploads\\\/2020\\\/01\\\/Image2-1.png\",\"width\":159,\"height\":160,\"caption\":\"SAS Domaine de La Girardi\u00e8re\"},\"image\":{\"@id\":\"https:\\\/\\\/lagirardiere-vendee.fr\\\/#\\\/schema\\\/logo\\\/image\\\/\"},\"sameAs\":[\"https:\\\/\\\/www.facebook.com\\\/domainedelagirardiereenvendee\"]}]}<\/script>\n<!-- \/ Yoast SEO plugin. -->","yoast_head_json":{"title":"Nos bonnes adresses | Domaine de La Girardi\u00e8re","description":"Voici nos bonnes adresses de commerces et restaurants autour de La Girardi\u00e8re, pour un s\u00e9jour des plus agr\u00e9ables !","robots":{"index":"index","follow":"follow","max-snippet":"max-snippet:-1","max-image-preview":"max-image-preview:large","max-video-preview":"max-video-preview:-1"},"canonical":"https:\/\/lagirardiere-vendee.fr\/index.php\/les-bonnes-adresses-proches-de-la-girardiere\/","og_locale":"fr_FR","og_type":"article","og_title":"Nos bonnes adresses | Domaine de La Girardi\u00e8re","og_description":"Voici nos bonnes adresses de commerces et restaurants autour de La Girardi\u00e8re, pour un s\u00e9jour des plus agr\u00e9ables !","og_url":"https:\/\/lagirardiere-vendee.fr\/index.php\/les-bonnes-adresses-proches-de-la-girardiere\/","og_site_name":"Domaine de La Girardi\u00e8re","article_publisher":"https:\/\/www.facebook.com\/domainedelagirardiereenvendee","article_modified_time":"2026-04-15T13:48:46+00:00","og_image":[{"width":2560,"height":1542,"url":"https:\/\/lagirardiere-vendee.fr\/wp-content\/uploads\/2022\/02\/Image5-scaled.jpg","type":"image\/jpeg"}],"twitter_card":"summary_large_image","twitter_misc":{"Dur\u00e9e de lecture estim\u00e9e":"4 minutes"},"schema":{"@context":"https:\/\/schema.org","@graph":[{"@type":"WebPage","@id":"https:\/\/lagirardiere-vendee.fr\/index.php\/les-bonnes-adresses-proches-de-la-girardiere\/","url":"https:\/\/lagirardiere-vendee.fr\/index.php\/les-bonnes-adresses-proches-de-la-girardiere\/","name":"Nos bonnes adresses | Domaine de La Girardi\u00e8re","isPartOf":{"@id":"https:\/\/lagirardiere-vendee.fr\/#website"},"primaryImageOfPage":{"@id":"https:\/\/lagirardiere-vendee.fr\/index.php\/les-bonnes-adresses-proches-de-la-girardiere\/#primaryimage"},"image":{"@id":"https:\/\/lagirardiere-vendee.fr\/index.php\/les-bonnes-adresses-proches-de-la-girardiere\/#primaryimage"},"thumbnailUrl":"https:\/\/lagirardiere-vendee.fr\/wp-content\/uploads\/2022\/02\/Image5-scaled.jpg","datePublished":"2022-02-04T15:02:18+00:00","dateModified":"2026-04-15T13:48:46+00:00","description":"Voici nos bonnes adresses de commerces et restaurants autour de La Girardi\u00e8re, pour un s\u00e9jour des plus agr\u00e9ables !","breadcrumb":{"@id":"https:\/\/lagirardiere-vendee.fr\/index.php\/les-bonnes-adresses-proches-de-la-girardiere\/#breadcrumb"},"inLanguage":"fr-FR","potentialAction":[{"@type":"ReadAction","target":["https:\/\/lagirardiere-vendee.fr\/index.php\/les-bonnes-adresses-proches-de-la-girardiere\/"]}]},{"@type":"ImageObject","inLanguage":"fr-FR","@id":"https:\/\/lagirardiere-vendee.fr\/index.php\/les-bonnes-adresses-proches-de-la-girardiere\/#primaryimage","url":"https:\/\/lagirardiere-vendee.fr\/wp-content\/uploads\/2022\/02\/Image5-scaled.jpg","contentUrl":"https:\/\/lagirardiere-vendee.fr\/wp-content\/uploads\/2022\/02\/Image5-scaled.jpg","width":2560,"height":1542},{"@type":"BreadcrumbList","@id":"https:\/\/lagirardiere-vendee.fr\/index.php\/les-bonnes-adresses-proches-de-la-girardiere\/#breadcrumb","itemListElement":[{"@type":"ListItem","position":1,"name":"Accueil","item":"https:\/\/lagirardiere-vendee.fr\/"},{"@type":"ListItem","position":2,"name":"Nos bonnes adresses"}]},{"@type":"WebSite","@id":"https:\/\/lagirardiere-vendee.fr\/#website","url":"https:\/\/lagirardiere-vendee.fr\/","name":"Domaine de La Girardi\u00e8re","description":"Location de g\u00eetes de caract\u00e8re en Vend\u00e9e","publisher":{"@id":"https:\/\/lagirardiere-vendee.fr\/#organization"},"potentialAction":[{"@type":"SearchAction","target":{"@type":"EntryPoint","urlTemplate":"https:\/\/lagirardiere-vendee.fr\/?s={search_term_string}"},"query-input":{"@type":"PropertyValueSpecification","valueRequired":true,"valueName":"search_term_string"}}],"inLanguage":"fr-FR"},{"@type":"Organization","@id":"https:\/\/lagirardiere-vendee.fr\/#organization","name":"SAS Domaine de La Girardi\u00e8re","url":"https:\/\/lagirardiere-vendee.fr\/","logo":{"@type":"ImageObject","inLanguage":"fr-FR","@id":"https:\/\/lagirardiere-vendee.fr\/#\/schema\/logo\/image\/","url":"http:\/\/lagirardiere-vendee.fr\/wp-content\/uploads\/2020\/01\/Image2-1.png","contentUrl":"http:\/\/lagirardiere-vendee.fr\/wp-content\/uploads\/2020\/01\/Image2-1.png","width":159,"height":160,"caption":"SAS Domaine de La Girardi\u00e8re"},"image":{"@id":"https:\/\/lagirardiere-vendee.fr\/#\/schema\/logo\/image\/"},"sameAs":["https:\/\/www.facebook.com\/domainedelagirardiereenvendee"]}]}},"jetpack_sharing_enabled":true,"jetpack_shortlink":"https:\/\/wp.me\/PaEc2P-vU","_links":{"self":[{"href":"https:\/\/lagirardiere-vendee.fr\/index.php\/wp-json\/wp\/v2\/pages\/1978","targetHints":{"allow":["GET"]}}],"collection":[{"href":"https:\/\/lagirardiere-vendee.fr\/index.php\/wp-json\/wp\/v2\/pages"}],"about":[{"href":"https:\/\/lagirardiere-vendee.fr\/index.php\/wp-json\/wp\/v2\/types\/page"}],"author":[{"embeddable":true,"href":"https:\/\/lagirardiere-vendee.fr\/index.php\/wp-json\/wp\/v2\/users\/1"}],"replies":[{"embeddable":true,"href":"https:\/\/lagirardiere-vendee.fr\/index.php\/wp-json\/wp\/v2\/comments?post=1978"}],"version-history":[{"count":28,"href":"https:\/\/lagirardiere-vendee.fr\/index.php\/wp-json\/wp\/v2\/pages\/1978\/revisions"}],"predecessor-version":[{"id":2749,"href":"https:\/\/lagirardiere-vendee.fr\/index.php\/wp-json\/wp\/v2\/pages\/1978\/revisions\/2749"}],"wp:featuredmedia":[{"embeddable":true,"href":"https:\/\/lagirardiere-vendee.fr\/index.php\/wp-json\/wp\/v2\/media\/1985"}],"wp:attachment":[{"href":"https:\/\/lagirardiere-vendee.fr\/index.php\/wp-json\/wp\/v2\/media?parent=1978"}],"curies":[{"name":"wp","href":"https:\/\/api.w.org\/{rel}","templated":true}]}}