{"id":1850,"date":"2021-11-08T09:58:16","date_gmt":"2021-11-08T08:58:16","guid":{"rendered":"http:\/\/lagirardiere-vendee.fr\/?page_id=1850"},"modified":"2026-01-27T12:54:43","modified_gmt":"2026-01-27T11:54:43","slug":"vendee-gite-grand-groupe-avec-piscine","status":"publish","type":"page","link":"https:\/\/lagirardiere-vendee.fr\/index.php\/vendee-gite-grand-groupe-avec-piscine\/","title":{"rendered":"Grand groupe"},"content":{"rendered":"<p>Un week-end tout confort en famille ou entre amis: nature, charme, authenticit\u00e9 et calme garantis !<\/p>\n<p>Avec la formule \u00ab\u00a0Grand groupe\u00a0\u00bb du domaine de La Girardi\u00e8re, nous am\u00e9nageons nos g\u00eetes pour les adapter \u00e0 l&rsquo;accueil d&rsquo;un grand groupe. Cette possibilit\u00e9 est offerte tous les WE, de Septembre \u00e0 mi Juillet. La formule \u00ab\u00a0Grand groupe\u00a0\u00bb n&rsquo;est pas disponible du 15 juillet au 28 ao\u00fbt.<\/p>\n<p><strong><span style=\"color: #00ccff;\">L&rsquo;ensemble Ponnes + Ecuyer + Orangerie peut accueillir jusqu&rsquo;\u00e0 20 personnes.<\/span><\/strong> L&rsquo;ensemble de nos trois maisons offre une surface de 340 m2, avec 9 chambres, 5 salles de bain\/douche et 5 WC (6 chambres avec un grand lit, dont 1 chambre en mezzanine, 2 chambres avec 2 petits lits et 1 chambre avec 4 petits lits).<\/p>\n<p>Le Logis des Ponnes a la capacit\u00e9 d&rsquo;accueillir tout le groupe pour les repas, avec sa grande salle \u00e0 manger, sa grande cuisine et sa grande tonnelle \u00e0 l&rsquo;ext\u00e9rieur. Deux tables d&rsquo;appoint et des chaises suppl\u00e9mentaires sont \u00e0 disposition pour allonger la grande table en ch\u00eane et accueillir l&rsquo;ensemble des 20 participants au s\u00e9jour lors des repas. La vaisselle et la batterie de cuisine sont \u00e9galement dimensionn\u00e9es pour 20 personnes.<\/p>\n<p>Les f\u00eates sans invit\u00e9s ext\u00e9rieurs sont autoris\u00e9es. Nous accueillons r\u00e9guli\u00e8rement des EVG, EVJF, anniversaires, mariages, anniversaires de mariage, etc.<\/p>\n<p style=\"text-align: center;\"><a href=\"https:\/\/lagirardiere-vendee.fr\/index.php\/la-girardiere-vendee-meilleurs-tarifs-garantis\/\" target=\"_blank\" rel=\"noopener\"><span style=\"font-size: 14pt;\"><strong><span style=\"color: #00ccff;\">Consulter les tarifs<\/span><\/strong><\/span><\/a><\/p>\n<p style=\"text-align: center;\"><span style=\"font-size: 14pt;\"><strong>Consulter les <a href=\"https:\/\/lagirardiere-vendee.fr\/index.php\/avis-clients-la-girardiere\/\" target=\"_blank\" rel=\"noopener\">avis de nos clients<\/a><\/strong><\/span><\/p>\n<p style=\"text-align: center;\"><span style=\"font-size: 14pt;\"><strong><a href=\"https:\/\/lagirardiere-vendee.fr\/index.php\/reserver\/\" target=\"_blank\" rel=\"noopener\"><span style=\"color: #00ccff;\">\u00a0<i class=\"wpvigen wpvigen-fastforward\"><span style=\"color: transparent; display: none;\">icon-fastforward<\/span><\/i>\u00a0R\u00e9server<\/span><\/a><\/strong><\/span><\/p>\n<div id=\"metaslider-id-1855\" style=\"width: 100%; margin: 0 auto;\" class=\"ml-slider-3-108-0 metaslider metaslider-nivo metaslider-1855 ml-slider has-dots-nav ms-theme-default\" role=\"region\" aria-label=\"Grand groupe\" data-height=\"487\" data-width=\"794\">\n    <div id=\"metaslider_container_1855\">\n        <div class='slider-wrapper theme-default'><div class='ribbon'><\/div><div id='metaslider_1855' class='nivoSlider'><img loading=\"lazy\" decoding=\"async\" src=\"https:\/\/lagirardiere-vendee.fr\/wp-content\/uploads\/2025\/05\/Tonnelle-grand-groupe-1-scaled-794x487.jpg\" height=\"487\" width=\"794\" title=\"Tonnelle grand groupe 1\" alt=\"\" class=\"slider-1855 slide-2535 msDefaultImage\" \/><img loading=\"lazy\" decoding=\"async\" src=\"https:\/\/lagirardiere-vendee.fr\/wp-content\/uploads\/2025\/05\/Tonnelle-grand-groupe-2-scaled-794x487.jpg\" height=\"487\" width=\"794\" title=\"Tonnelle grand groupe 2\" alt=\"\" class=\"slider-1855 slide-2531 msDefaultImage\" \/><img loading=\"lazy\" decoding=\"async\" src=\"https:\/\/lagirardiere-vendee.fr\/wp-content\/uploads\/2025\/05\/Tonnelle-grand-groupe-de-nuit-scaled-794x487.jpg\" height=\"487\" width=\"794\" title=\"Tonnelle grand groupe de nuit\" alt=\"\" class=\"slider-1855 slide-2533 msDefaultImage\" \/><img loading=\"lazy\" decoding=\"async\" src=\"https:\/\/lagirardiere-vendee.fr\/wp-content\/uploads\/2025\/05\/IMG_7141-scaled-794x487.jpg\" height=\"487\" width=\"794\" title=\"IMG_7141\" alt=\"\" class=\"slider-1855 slide-2562 msDefaultImage\" \/><img loading=\"lazy\" decoding=\"async\" src=\"https:\/\/lagirardiere-vendee.fr\/wp-content\/uploads\/2021\/11\/Salle-a-manger-des-Ponnes-scaled-794x487.jpg\" height=\"487\" width=\"794\" title=\"Salle \u00e0 manger des Ponnes\" alt=\"\" class=\"slider-1855 slide-1864 msDefaultImage\" \/><img loading=\"lazy\" decoding=\"async\" src=\"https:\/\/lagirardiere-vendee.fr\/wp-content\/uploads\/2023\/10\/IMG_71401-scaled-794x487.jpg\" height=\"487\" width=\"794\" title=\"IMG_7140[1]\" alt=\"\" class=\"slider-1855 slide-2275 msDefaultImage\" \/><img loading=\"lazy\" decoding=\"async\" src=\"https:\/\/lagirardiere-vendee.fr\/wp-content\/uploads\/2025\/05\/IMG_7139-scaled-794x487.jpg\" height=\"487\" width=\"794\" title=\"IMG_7139\" alt=\"\" class=\"slider-1855 slide-2561 msDefaultImage\" \/><img loading=\"lazy\" decoding=\"async\" src=\"https:\/\/lagirardiere-vendee.fr\/wp-content\/uploads\/2025\/06\/IMG_8692-scaled-794x487.jpg\" height=\"487\" width=\"794\" title=\"IMG_8692\" alt=\"\" class=\"slider-1855 slide-2579 msDefaultImage\" \/><\/div><\/div>\n        \n    <\/div>\n<\/div>\n<div id=\"metaslider-id-2537\" style=\"width: 100%;\" class=\"ml-slider-3-108-0 metaslider metaslider-nivo metaslider-2537 ml-slider has-dots-nav ms-theme-default-base\" role=\"region\" aria-label=\"Chambres en configuration &quot;Grand groupe&quot;\" data-height=\"487\" data-width=\"794\">\n    <div id=\"metaslider_container_2537\">\n        <div class='slider-wrapper theme-default'><div class='ribbon'><\/div><div id='metaslider_2537' class='nivoSlider'><img loading=\"lazy\" decoding=\"async\" src=\"https:\/\/lagirardiere-vendee.fr\/wp-content\/uploads\/2025\/06\/IMG_8689-scaled-794x487.jpg\" height=\"487\" width=\"794\" data-caption=\"&lt;div&gt;Chambre avec un lit de 160&lt;\/div&gt;\" title=\"IMG_8689\" alt=\"\" class=\"slider-2537 slide-2582 msDefaultImage\" \/><img loading=\"lazy\" decoding=\"async\" src=\"https:\/\/lagirardiere-vendee.fr\/wp-content\/uploads\/2021\/11\/Ponnes-Ch-2-pers-scaled-794x487.jpg\" height=\"487\" width=\"794\" data-caption=\"Chambre avec un lit de 140\" title=\"Ponnes-Ch 2 pers\" alt=\"\" class=\"slider-2537 slide-2539 msDefaultImage\" \/><img loading=\"lazy\" decoding=\"async\" src=\"https:\/\/lagirardiere-vendee.fr\/wp-content\/uploads\/2025\/06\/IMG_8693-scaled-794x487.jpg\" height=\"487\" width=\"794\" data-caption=\"&lt;div&gt;Chambre avec un lit de 140&lt;\/div&gt;\" title=\"IMG_8693\" alt=\"\" class=\"slider-2537 slide-2581 msDefaultImage\" \/><img loading=\"lazy\" decoding=\"async\" src=\"https:\/\/lagirardiere-vendee.fr\/wp-content\/uploads\/2025\/05\/IMG_8639-scaled-794x487.jpg\" height=\"487\" width=\"794\" data-caption=\"Chambre avec un lit de 140\" title=\"IMG_8639\" alt=\"\" class=\"slider-2537 slide-2551 msDefaultImage\" \/><img loading=\"lazy\" decoding=\"async\" src=\"https:\/\/lagirardiere-vendee.fr\/wp-content\/uploads\/2025\/05\/P1050960-794x487.jpg\" height=\"487\" width=\"794\" data-caption=\"Chambre avec un lit de 140\" title=\"P1050960\" alt=\"\" class=\"slider-2537 slide-2557 msDefaultImage\" \/><img loading=\"lazy\" decoding=\"async\" src=\"https:\/\/lagirardiere-vendee.fr\/wp-content\/uploads\/2025\/05\/IMG_7071-scaled-794x487.jpg\" height=\"487\" width=\"794\" data-caption=\"Chambre en mezzanine avec un canap&eacute;-lit de 140\" title=\"IMG_7071\" alt=\"\" class=\"slider-2537 slide-2552 msDefaultImage\" \/><img loading=\"lazy\" decoding=\"async\" src=\"https:\/\/lagirardiere-vendee.fr\/wp-content\/uploads\/2025\/06\/IMG_8694-scaled-794x487.jpg\" height=\"487\" width=\"794\" data-caption=\"&lt;div&gt;Chambre avec 4 lits de 90&lt;\/div&gt;\" title=\"IMG_8694\" alt=\"\" class=\"slider-2537 slide-2580 msDefaultImage\" \/><img loading=\"lazy\" decoding=\"async\" src=\"https:\/\/lagirardiere-vendee.fr\/wp-content\/uploads\/2025\/06\/IMG_8688-scaled-794x487.jpg\" height=\"487\" width=\"794\" data-caption=\"&lt;div&gt;Chambre avec 2 lits de 90&lt;\/div&gt;\" title=\"IMG_8688\" alt=\"\" class=\"slider-2537 slide-2583 msDefaultImage\" \/><img loading=\"lazy\" decoding=\"async\" src=\"https:\/\/lagirardiere-vendee.fr\/wp-content\/uploads\/2025\/06\/IMG_8687-scaled-794x487.jpg\" height=\"487\" width=\"794\" data-caption=\"&lt;div&gt;Chambre avec 2 lits de 90&lt;\/div&gt;\" title=\"IMG_8687\" alt=\"\" class=\"slider-2537 slide-2584 msDefaultImage\" \/><\/div><\/div>\n        \n    <\/div>\n<\/div>\n<p>&nbsp;<\/p>\n","protected":false},"excerpt":{"rendered":"<p>Un week-end tout confort en famille ou entre amis: nature, charme, authenticit\u00e9 et calme garantis ! Avec la formule \u00ab\u00a0Grand groupe\u00a0\u00bb du domaine de La Girardi\u00e8re, nous am\u00e9nageons nos g\u00eetes pour les adapter \u00e0 l&rsquo;accueil d&rsquo;un grand groupe&#8230;.<\/p>\n","protected":false},"author":1,"featured_media":0,"parent":0,"menu_order":0,"comment_status":"closed","ping_status":"open","template":"","meta":{"jetpack_post_was_ever_published":false,"footnotes":""},"class_list":["post-1850","page","type-page","status-publish","hentry"],"yoast_head":"<!-- This site is optimized with the Yoast SEO plugin v27.4 - https:\/\/yoast.com\/product\/yoast-seo-wordpress\/ -->\n<title>Grand groupe | Domaine de La Girardi\u00e8re % %<\/title>\n<meta name=\"description\" content=\"Le Domaine de La Girardi\u00e8re peut accueillir un grand groupe, jusqu&#039;\u00e0 20 personnes, pour vos week-end en famille ou entre amis\" \/>\n<meta name=\"robots\" content=\"index, follow, max-snippet:-1, max-image-preview:large, max-video-preview:-1\" \/>\n<link rel=\"canonical\" href=\"https:\/\/lagirardiere-vendee.fr\/index.php\/vendee-gite-grand-groupe-avec-piscine\/\" \/>\n<meta property=\"og:locale\" content=\"fr_FR\" \/>\n<meta property=\"og:type\" content=\"article\" \/>\n<meta property=\"og:title\" content=\"Grand groupe | Domaine de La Girardi\u00e8re % %\" \/>\n<meta property=\"og:description\" content=\"Le Domaine de La Girardi\u00e8re peut accueillir un grand groupe, jusqu&#039;\u00e0 20 personnes, pour vos week-end en famille ou entre amis\" \/>\n<meta property=\"og:url\" content=\"https:\/\/lagirardiere-vendee.fr\/index.php\/vendee-gite-grand-groupe-avec-piscine\/\" \/>\n<meta property=\"og:site_name\" content=\"Domaine de La Girardi\u00e8re\" \/>\n<meta property=\"article:publisher\" content=\"https:\/\/www.facebook.com\/domainedelagirardiereenvendee\" \/>\n<meta property=\"article:modified_time\" content=\"2026-01-27T11:54:43+00:00\" \/>\n<meta property=\"og:image\" content=\"https:\/\/lagirardiere-vendee.fr\/wp-content\/uploads\/2020\/01\/Image2-1.png\" \/>\n\t<meta property=\"og:image:width\" content=\"159\" \/>\n\t<meta property=\"og:image:height\" content=\"160\" \/>\n\t<meta property=\"og:image:type\" content=\"image\/png\" \/>\n<meta name=\"twitter:card\" content=\"summary_large_image\" \/>\n<meta name=\"twitter:label1\" content=\"Dur\u00e9e de lecture estim\u00e9e\" \/>\n\t<meta name=\"twitter:data1\" content=\"2 minutes\" \/>\n<script type=\"application\/ld+json\" class=\"yoast-schema-graph\">{\"@context\":\"https:\\\/\\\/schema.org\",\"@graph\":[{\"@type\":\"WebPage\",\"@id\":\"https:\\\/\\\/lagirardiere-vendee.fr\\\/index.php\\\/vendee-gite-grand-groupe-avec-piscine\\\/\",\"url\":\"https:\\\/\\\/lagirardiere-vendee.fr\\\/index.php\\\/vendee-gite-grand-groupe-avec-piscine\\\/\",\"name\":\"Grand groupe | Domaine de La Girardi\u00e8re % %\",\"isPartOf\":{\"@id\":\"https:\\\/\\\/lagirardiere-vendee.fr\\\/#website\"},\"datePublished\":\"2021-11-08T08:58:16+00:00\",\"dateModified\":\"2026-01-27T11:54:43+00:00\",\"description\":\"Le Domaine de La Girardi\u00e8re peut accueillir un grand groupe, jusqu'\u00e0 20 personnes, pour vos week-end en famille ou entre amis\",\"breadcrumb\":{\"@id\":\"https:\\\/\\\/lagirardiere-vendee.fr\\\/index.php\\\/vendee-gite-grand-groupe-avec-piscine\\\/#breadcrumb\"},\"inLanguage\":\"fr-FR\",\"potentialAction\":[{\"@type\":\"ReadAction\",\"target\":[\"https:\\\/\\\/lagirardiere-vendee.fr\\\/index.php\\\/vendee-gite-grand-groupe-avec-piscine\\\/\"]}]},{\"@type\":\"BreadcrumbList\",\"@id\":\"https:\\\/\\\/lagirardiere-vendee.fr\\\/index.php\\\/vendee-gite-grand-groupe-avec-piscine\\\/#breadcrumb\",\"itemListElement\":[{\"@type\":\"ListItem\",\"position\":1,\"name\":\"Accueil\",\"item\":\"https:\\\/\\\/lagirardiere-vendee.fr\\\/\"},{\"@type\":\"ListItem\",\"position\":2,\"name\":\"Grand groupe\"}]},{\"@type\":\"WebSite\",\"@id\":\"https:\\\/\\\/lagirardiere-vendee.fr\\\/#website\",\"url\":\"https:\\\/\\\/lagirardiere-vendee.fr\\\/\",\"name\":\"Domaine de La Girardi\u00e8re\",\"description\":\"Location de g\u00eetes de caract\u00e8re en Vend\u00e9e\",\"publisher\":{\"@id\":\"https:\\\/\\\/lagirardiere-vendee.fr\\\/#organization\"},\"potentialAction\":[{\"@type\":\"SearchAction\",\"target\":{\"@type\":\"EntryPoint\",\"urlTemplate\":\"https:\\\/\\\/lagirardiere-vendee.fr\\\/?s={search_term_string}\"},\"query-input\":{\"@type\":\"PropertyValueSpecification\",\"valueRequired\":true,\"valueName\":\"search_term_string\"}}],\"inLanguage\":\"fr-FR\"},{\"@type\":\"Organization\",\"@id\":\"https:\\\/\\\/lagirardiere-vendee.fr\\\/#organization\",\"name\":\"SAS Domaine de La Girardi\u00e8re\",\"url\":\"https:\\\/\\\/lagirardiere-vendee.fr\\\/\",\"logo\":{\"@type\":\"ImageObject\",\"inLanguage\":\"fr-FR\",\"@id\":\"https:\\\/\\\/lagirardiere-vendee.fr\\\/#\\\/schema\\\/logo\\\/image\\\/\",\"url\":\"http:\\\/\\\/lagirardiere-vendee.fr\\\/wp-content\\\/uploads\\\/2020\\\/01\\\/Image2-1.png\",\"contentUrl\":\"http:\\\/\\\/lagirardiere-vendee.fr\\\/wp-content\\\/uploads\\\/2020\\\/01\\\/Image2-1.png\",\"width\":159,\"height\":160,\"caption\":\"SAS Domaine de La Girardi\u00e8re\"},\"image\":{\"@id\":\"https:\\\/\\\/lagirardiere-vendee.fr\\\/#\\\/schema\\\/logo\\\/image\\\/\"},\"sameAs\":[\"https:\\\/\\\/www.facebook.com\\\/domainedelagirardiereenvendee\"]}]}<\/script>\n<!-- \/ Yoast SEO plugin. -->","yoast_head_json":{"title":"Grand groupe | Domaine de La Girardi\u00e8re % %","description":"Le Domaine de La Girardi\u00e8re peut accueillir un grand groupe, jusqu'\u00e0 20 personnes, pour vos week-end en famille ou entre amis","robots":{"index":"index","follow":"follow","max-snippet":"max-snippet:-1","max-image-preview":"max-image-preview:large","max-video-preview":"max-video-preview:-1"},"canonical":"https:\/\/lagirardiere-vendee.fr\/index.php\/vendee-gite-grand-groupe-avec-piscine\/","og_locale":"fr_FR","og_type":"article","og_title":"Grand groupe | Domaine de La Girardi\u00e8re % %","og_description":"Le Domaine de La Girardi\u00e8re peut accueillir un grand groupe, jusqu'\u00e0 20 personnes, pour vos week-end en famille ou entre amis","og_url":"https:\/\/lagirardiere-vendee.fr\/index.php\/vendee-gite-grand-groupe-avec-piscine\/","og_site_name":"Domaine de La Girardi\u00e8re","article_publisher":"https:\/\/www.facebook.com\/domainedelagirardiereenvendee","article_modified_time":"2026-01-27T11:54:43+00:00","og_image":[{"width":159,"height":160,"url":"https:\/\/lagirardiere-vendee.fr\/wp-content\/uploads\/2020\/01\/Image2-1.png","type":"image\/png"}],"twitter_card":"summary_large_image","twitter_misc":{"Dur\u00e9e de lecture estim\u00e9e":"2 minutes"},"schema":{"@context":"https:\/\/schema.org","@graph":[{"@type":"WebPage","@id":"https:\/\/lagirardiere-vendee.fr\/index.php\/vendee-gite-grand-groupe-avec-piscine\/","url":"https:\/\/lagirardiere-vendee.fr\/index.php\/vendee-gite-grand-groupe-avec-piscine\/","name":"Grand groupe | Domaine de La Girardi\u00e8re % %","isPartOf":{"@id":"https:\/\/lagirardiere-vendee.fr\/#website"},"datePublished":"2021-11-08T08:58:16+00:00","dateModified":"2026-01-27T11:54:43+00:00","description":"Le Domaine de La Girardi\u00e8re peut accueillir un grand groupe, jusqu'\u00e0 20 personnes, pour vos week-end en famille ou entre amis","breadcrumb":{"@id":"https:\/\/lagirardiere-vendee.fr\/index.php\/vendee-gite-grand-groupe-avec-piscine\/#breadcrumb"},"inLanguage":"fr-FR","potentialAction":[{"@type":"ReadAction","target":["https:\/\/lagirardiere-vendee.fr\/index.php\/vendee-gite-grand-groupe-avec-piscine\/"]}]},{"@type":"BreadcrumbList","@id":"https:\/\/lagirardiere-vendee.fr\/index.php\/vendee-gite-grand-groupe-avec-piscine\/#breadcrumb","itemListElement":[{"@type":"ListItem","position":1,"name":"Accueil","item":"https:\/\/lagirardiere-vendee.fr\/"},{"@type":"ListItem","position":2,"name":"Grand groupe"}]},{"@type":"WebSite","@id":"https:\/\/lagirardiere-vendee.fr\/#website","url":"https:\/\/lagirardiere-vendee.fr\/","name":"Domaine de La Girardi\u00e8re","description":"Location de g\u00eetes de caract\u00e8re en Vend\u00e9e","publisher":{"@id":"https:\/\/lagirardiere-vendee.fr\/#organization"},"potentialAction":[{"@type":"SearchAction","target":{"@type":"EntryPoint","urlTemplate":"https:\/\/lagirardiere-vendee.fr\/?s={search_term_string}"},"query-input":{"@type":"PropertyValueSpecification","valueRequired":true,"valueName":"search_term_string"}}],"inLanguage":"fr-FR"},{"@type":"Organization","@id":"https:\/\/lagirardiere-vendee.fr\/#organization","name":"SAS Domaine de La Girardi\u00e8re","url":"https:\/\/lagirardiere-vendee.fr\/","logo":{"@type":"ImageObject","inLanguage":"fr-FR","@id":"https:\/\/lagirardiere-vendee.fr\/#\/schema\/logo\/image\/","url":"http:\/\/lagirardiere-vendee.fr\/wp-content\/uploads\/2020\/01\/Image2-1.png","contentUrl":"http:\/\/lagirardiere-vendee.fr\/wp-content\/uploads\/2020\/01\/Image2-1.png","width":159,"height":160,"caption":"SAS Domaine de La Girardi\u00e8re"},"image":{"@id":"https:\/\/lagirardiere-vendee.fr\/#\/schema\/logo\/image\/"},"sameAs":["https:\/\/www.facebook.com\/domainedelagirardiereenvendee"]}]}},"jetpack_sharing_enabled":true,"jetpack_shortlink":"https:\/\/wp.me\/PaEc2P-tQ","_links":{"self":[{"href":"https:\/\/lagirardiere-vendee.fr\/index.php\/wp-json\/wp\/v2\/pages\/1850","targetHints":{"allow":["GET"]}}],"collection":[{"href":"https:\/\/lagirardiere-vendee.fr\/index.php\/wp-json\/wp\/v2\/pages"}],"about":[{"href":"https:\/\/lagirardiere-vendee.fr\/index.php\/wp-json\/wp\/v2\/types\/page"}],"author":[{"embeddable":true,"href":"https:\/\/lagirardiere-vendee.fr\/index.php\/wp-json\/wp\/v2\/users\/1"}],"replies":[{"embeddable":true,"href":"https:\/\/lagirardiere-vendee.fr\/index.php\/wp-json\/wp\/v2\/comments?post=1850"}],"version-history":[{"count":26,"href":"https:\/\/lagirardiere-vendee.fr\/index.php\/wp-json\/wp\/v2\/pages\/1850\/revisions"}],"predecessor-version":[{"id":2744,"href":"https:\/\/lagirardiere-vendee.fr\/index.php\/wp-json\/wp\/v2\/pages\/1850\/revisions\/2744"}],"wp:attachment":[{"href":"https:\/\/lagirardiere-vendee.fr\/index.php\/wp-json\/wp\/v2\/media?parent=1850"}],"curies":[{"name":"wp","href":"https:\/\/api.w.org\/{rel}","templated":true}]}}