{"id":161,"date":"2016-12-08T09:35:03","date_gmt":"2016-12-08T09:35:03","guid":{"rendered":"http:\/\/demo.precisethemes.com\/courtyard\/?page_id=161"},"modified":"2022-08-26T17:16:24","modified_gmt":"2022-08-26T15:16:24","slug":"la-girardiere-qui-sommes-nous","status":"publish","type":"page","link":"https:\/\/lagirardiere-vendee.fr\/index.php\/la-girardiere-qui-sommes-nous\/","title":{"rendered":"Qui sommes-nous ?"},"content":{"rendered":"<p><img loading=\"lazy\" decoding=\"async\" class=\"wp-image-1618 aligncenter\" src=\"https:\/\/lagirardiere-vendee.fr\/wp-content\/uploads\/2020\/12\/Celine-et-Renaud-1.jpg\" alt=\"\" width=\"571\" height=\"133\" srcset=\"https:\/\/lagirardiere-vendee.fr\/wp-content\/uploads\/2020\/12\/Celine-et-Renaud-1.jpg 1233w, https:\/\/lagirardiere-vendee.fr\/wp-content\/uploads\/2020\/12\/Celine-et-Renaud-1-300x70.jpg 300w, https:\/\/lagirardiere-vendee.fr\/wp-content\/uploads\/2020\/12\/Celine-et-Renaud-1-1024x238.jpg 1024w, https:\/\/lagirardiere-vendee.fr\/wp-content\/uploads\/2020\/12\/Celine-et-Renaud-1-768x179.jpg 768w\" sizes=\"auto, (max-width: 571px) 100vw, 571px\" \/><\/p>\n<p>Nous sommes parents de quatre enfants et nous sommes tous les deux ing\u00e9nieurs. C\u00e9line a travaill\u00e9 pendant 23 ans chez Naval Group, notamment comme architecte naval de fr\u00e9gates innovantes. Renaud a choisi les collectivit\u00e9s territoriales et a dirig\u00e9 l&rsquo;action \u00e9conomique de la r\u00e9gion Pays de la Loire pendant 7 ans.<\/p>\n<p>Nous avons fait l&rsquo;acquisition de La Girardi\u00e8re en f\u00e9vrier 2016, suite \u00e0 un v\u00e9ritable coup de foudre pour le lieu, l&rsquo;espace, le charme et l&rsquo;authenticit\u00e9 des b\u00e2tisses, les grands arbres, la lumi\u00e8re, &#8230; Nous habitions alors dans le centre de Nantes et nous avons consacr\u00e9 tous nos week-end et toutes nos vacances \u00e0 la r\u00e9novation du site, en logeant dans un premier temps \u00e0 L&rsquo;Orangerie, puis au Logis des Ponnes, une fois la cuisine install\u00e9e. Fin octobre 2017, nous avons compl\u00e8tement chang\u00e9 de vie et avons emm\u00e9nag\u00e9 au ch\u00e2teau de La Girardi\u00e8re, devenu habitable, apr\u00e8s 21 mois de travaux. Renaud enseigne maintenant les math\u00e9matiques au lyc\u00e9e et C\u00e9line se consacre \u00e0 La Girardi\u00e8re et \u00e0 ses chevaux.<\/p>\n<p>Nos travaux de r\u00e9novation nous ont permis de louer Le Logis des Ponnes et l&rsquo;Orangerie pour la premi\u00e8re fois \u00e0 l&rsquo;\u00e9t\u00e9 2018, au moment de l&rsquo;ach\u00e8vement de la piscine.\u00a0 Nous proposons Le Logis de l&rsquo;Ecuyer \u00e0 la location depuis d\u00e9cembre 2020. Le Vieux Logis du 15i\u00e8me si\u00e8cle a \u00e9t\u00e9 raval\u00e9 \u00e0 l&rsquo;automne 2020 et sa r\u00e9novation int\u00e9rieure permettra de proposer deux chambres d&rsquo;h\u00f4tes, \u00e0 l&rsquo;horizon 2024.<\/p>\n<p>Tous les s\u00e9jours r\u00e9alis\u00e9s \u00e0 La Girardi\u00e8re contribuent \u00e0 la r\u00e9novation de ce lieu magique !<\/p>\n<p style=\"text-align: center;\">\u00a0 \u00a0 \u00a0 \u00a0 \u00a0 \u00a0 \u00a0 \u00a0 \u00a0 \u00a0 \u00a0 \u00a0 \u00a0 \u00a0 \u00a0 \u00a0 \u00a0 \u00a0 \u00a0 \u00a0 \u00a0 \u00a0 \u00a0 \u00a0 \u00a0 \u00a0 \u00a0 \u00a0 \u00a0 \u00a0 \u00a0 \u00a0 \u00a0 \u00a0 \u00a0 \u00a0 \u00a0 \u00a0 \u00a0 \u00a0 \u00a0 \u00a0 \u00a0 \u00a0 \u00a0 \u00a0 \u00a0 \u00a0 \u00a0 \u00a0 \u00a0 \u00a0 \u00a0 \u00a0 \u00a0 \u00a0C\u00e9line Dalbera-Landoas et Renaud Dalbera<\/p>\n<p>&nbsp;<\/p>\n<p>&nbsp;<\/p>\n","protected":false},"excerpt":{"rendered":"<p>Nous sommes parents de quatre enfants et nous sommes tous les deux ing\u00e9nieurs. C\u00e9line a travaill\u00e9 pendant 23 ans chez Naval Group, notamment comme architecte naval de fr\u00e9gates innovantes. Renaud a choisi les collectivit\u00e9s territoriales et a dirig\u00e9&#8230;<\/p>\n","protected":false},"author":1,"featured_media":0,"parent":0,"menu_order":0,"comment_status":"closed","ping_status":"closed","template":"","meta":{"jetpack_post_was_ever_published":false,"footnotes":""},"class_list":["post-161","page","type-page","status-publish","hentry"],"yoast_head":"<!-- This site is optimized with the Yoast SEO plugin v27.4 - https:\/\/yoast.com\/product\/yoast-seo-wordpress\/ -->\n<title>Qui sommes-nous ? | Domaine de La Girardi\u00e8re<\/title>\n<meta name=\"description\" content=\"C\u00e9line Dalbera-Landoas et Renaud Dalbera sont propri\u00e9taires de La Girardi\u00e8re depuis 2016 et proposent \u00e0 la location trois g\u00eetes de charme\" \/>\n<meta name=\"robots\" content=\"index, follow, max-snippet:-1, max-image-preview:large, max-video-preview:-1\" \/>\n<link rel=\"canonical\" href=\"https:\/\/lagirardiere-vendee.fr\/index.php\/la-girardiere-qui-sommes-nous\/\" \/>\n<meta property=\"og:locale\" content=\"fr_FR\" \/>\n<meta property=\"og:type\" content=\"article\" \/>\n<meta property=\"og:title\" content=\"Qui sommes-nous ? | Domaine de La Girardi\u00e8re\" \/>\n<meta property=\"og:description\" content=\"C\u00e9line Dalbera-Landoas et Renaud Dalbera sont propri\u00e9taires de La Girardi\u00e8re depuis 2016 et proposent \u00e0 la location trois g\u00eetes de charme\" \/>\n<meta property=\"og:url\" content=\"https:\/\/lagirardiere-vendee.fr\/index.php\/la-girardiere-qui-sommes-nous\/\" \/>\n<meta property=\"og:site_name\" content=\"Domaine de La Girardi\u00e8re\" \/>\n<meta property=\"article:publisher\" content=\"https:\/\/www.facebook.com\/domainedelagirardiereenvendee\" \/>\n<meta property=\"article:modified_time\" content=\"2022-08-26T15:16:24+00:00\" \/>\n<meta property=\"og:image\" content=\"http:\/\/lagirardiere-vendee.fr\/wp-content\/uploads\/2020\/12\/Celine-et-Renaud-1.jpg\" \/>\n<meta name=\"twitter:card\" content=\"summary_large_image\" \/>\n<meta name=\"twitter:label1\" content=\"Dur\u00e9e de lecture estim\u00e9e\" \/>\n\t<meta name=\"twitter:data1\" content=\"2 minutes\" \/>\n<script type=\"application\/ld+json\" class=\"yoast-schema-graph\">{\"@context\":\"https:\\\/\\\/schema.org\",\"@graph\":[{\"@type\":\"WebPage\",\"@id\":\"https:\\\/\\\/lagirardiere-vendee.fr\\\/index.php\\\/la-girardiere-qui-sommes-nous\\\/\",\"url\":\"https:\\\/\\\/lagirardiere-vendee.fr\\\/index.php\\\/la-girardiere-qui-sommes-nous\\\/\",\"name\":\"Qui sommes-nous ? | Domaine de La Girardi\u00e8re\",\"isPartOf\":{\"@id\":\"https:\\\/\\\/lagirardiere-vendee.fr\\\/#website\"},\"primaryImageOfPage\":{\"@id\":\"https:\\\/\\\/lagirardiere-vendee.fr\\\/index.php\\\/la-girardiere-qui-sommes-nous\\\/#primaryimage\"},\"image\":{\"@id\":\"https:\\\/\\\/lagirardiere-vendee.fr\\\/index.php\\\/la-girardiere-qui-sommes-nous\\\/#primaryimage\"},\"thumbnailUrl\":\"http:\\\/\\\/lagirardiere-vendee.fr\\\/wp-content\\\/uploads\\\/2020\\\/12\\\/Celine-et-Renaud-1.jpg\",\"datePublished\":\"2016-12-08T09:35:03+00:00\",\"dateModified\":\"2022-08-26T15:16:24+00:00\",\"description\":\"C\u00e9line Dalbera-Landoas et Renaud Dalbera sont propri\u00e9taires de La Girardi\u00e8re depuis 2016 et proposent \u00e0 la location trois g\u00eetes de charme\",\"breadcrumb\":{\"@id\":\"https:\\\/\\\/lagirardiere-vendee.fr\\\/index.php\\\/la-girardiere-qui-sommes-nous\\\/#breadcrumb\"},\"inLanguage\":\"fr-FR\",\"potentialAction\":[{\"@type\":\"ReadAction\",\"target\":[\"https:\\\/\\\/lagirardiere-vendee.fr\\\/index.php\\\/la-girardiere-qui-sommes-nous\\\/\"]}]},{\"@type\":\"ImageObject\",\"inLanguage\":\"fr-FR\",\"@id\":\"https:\\\/\\\/lagirardiere-vendee.fr\\\/index.php\\\/la-girardiere-qui-sommes-nous\\\/#primaryimage\",\"url\":\"https:\\\/\\\/lagirardiere-vendee.fr\\\/wp-content\\\/uploads\\\/2020\\\/12\\\/Celine-et-Renaud-1.jpg\",\"contentUrl\":\"https:\\\/\\\/lagirardiere-vendee.fr\\\/wp-content\\\/uploads\\\/2020\\\/12\\\/Celine-et-Renaud-1.jpg\",\"width\":1233,\"height\":287},{\"@type\":\"BreadcrumbList\",\"@id\":\"https:\\\/\\\/lagirardiere-vendee.fr\\\/index.php\\\/la-girardiere-qui-sommes-nous\\\/#breadcrumb\",\"itemListElement\":[{\"@type\":\"ListItem\",\"position\":1,\"name\":\"Accueil\",\"item\":\"https:\\\/\\\/lagirardiere-vendee.fr\\\/\"},{\"@type\":\"ListItem\",\"position\":2,\"name\":\"Qui sommes-nous ?\"}]},{\"@type\":\"WebSite\",\"@id\":\"https:\\\/\\\/lagirardiere-vendee.fr\\\/#website\",\"url\":\"https:\\\/\\\/lagirardiere-vendee.fr\\\/\",\"name\":\"Domaine de La Girardi\u00e8re\",\"description\":\"Location de g\u00eetes de caract\u00e8re en Vend\u00e9e\",\"publisher\":{\"@id\":\"https:\\\/\\\/lagirardiere-vendee.fr\\\/#organization\"},\"potentialAction\":[{\"@type\":\"SearchAction\",\"target\":{\"@type\":\"EntryPoint\",\"urlTemplate\":\"https:\\\/\\\/lagirardiere-vendee.fr\\\/?s={search_term_string}\"},\"query-input\":{\"@type\":\"PropertyValueSpecification\",\"valueRequired\":true,\"valueName\":\"search_term_string\"}}],\"inLanguage\":\"fr-FR\"},{\"@type\":\"Organization\",\"@id\":\"https:\\\/\\\/lagirardiere-vendee.fr\\\/#organization\",\"name\":\"SAS Domaine de La Girardi\u00e8re\",\"url\":\"https:\\\/\\\/lagirardiere-vendee.fr\\\/\",\"logo\":{\"@type\":\"ImageObject\",\"inLanguage\":\"fr-FR\",\"@id\":\"https:\\\/\\\/lagirardiere-vendee.fr\\\/#\\\/schema\\\/logo\\\/image\\\/\",\"url\":\"http:\\\/\\\/lagirardiere-vendee.fr\\\/wp-content\\\/uploads\\\/2020\\\/01\\\/Image2-1.png\",\"contentUrl\":\"http:\\\/\\\/lagirardiere-vendee.fr\\\/wp-content\\\/uploads\\\/2020\\\/01\\\/Image2-1.png\",\"width\":159,\"height\":160,\"caption\":\"SAS Domaine de La Girardi\u00e8re\"},\"image\":{\"@id\":\"https:\\\/\\\/lagirardiere-vendee.fr\\\/#\\\/schema\\\/logo\\\/image\\\/\"},\"sameAs\":[\"https:\\\/\\\/www.facebook.com\\\/domainedelagirardiereenvendee\"]}]}<\/script>\n<!-- \/ Yoast SEO plugin. -->","yoast_head_json":{"title":"Qui sommes-nous ? | Domaine de La Girardi\u00e8re","description":"C\u00e9line Dalbera-Landoas et Renaud Dalbera sont propri\u00e9taires de La Girardi\u00e8re depuis 2016 et proposent \u00e0 la location trois g\u00eetes de charme","robots":{"index":"index","follow":"follow","max-snippet":"max-snippet:-1","max-image-preview":"max-image-preview:large","max-video-preview":"max-video-preview:-1"},"canonical":"https:\/\/lagirardiere-vendee.fr\/index.php\/la-girardiere-qui-sommes-nous\/","og_locale":"fr_FR","og_type":"article","og_title":"Qui sommes-nous ? | Domaine de La Girardi\u00e8re","og_description":"C\u00e9line Dalbera-Landoas et Renaud Dalbera sont propri\u00e9taires de La Girardi\u00e8re depuis 2016 et proposent \u00e0 la location trois g\u00eetes de charme","og_url":"https:\/\/lagirardiere-vendee.fr\/index.php\/la-girardiere-qui-sommes-nous\/","og_site_name":"Domaine de La Girardi\u00e8re","article_publisher":"https:\/\/www.facebook.com\/domainedelagirardiereenvendee","article_modified_time":"2022-08-26T15:16:24+00:00","og_image":[{"url":"http:\/\/lagirardiere-vendee.fr\/wp-content\/uploads\/2020\/12\/Celine-et-Renaud-1.jpg","type":"","width":"","height":""}],"twitter_card":"summary_large_image","twitter_misc":{"Dur\u00e9e de lecture estim\u00e9e":"2 minutes"},"schema":{"@context":"https:\/\/schema.org","@graph":[{"@type":"WebPage","@id":"https:\/\/lagirardiere-vendee.fr\/index.php\/la-girardiere-qui-sommes-nous\/","url":"https:\/\/lagirardiere-vendee.fr\/index.php\/la-girardiere-qui-sommes-nous\/","name":"Qui sommes-nous ? | Domaine de La Girardi\u00e8re","isPartOf":{"@id":"https:\/\/lagirardiere-vendee.fr\/#website"},"primaryImageOfPage":{"@id":"https:\/\/lagirardiere-vendee.fr\/index.php\/la-girardiere-qui-sommes-nous\/#primaryimage"},"image":{"@id":"https:\/\/lagirardiere-vendee.fr\/index.php\/la-girardiere-qui-sommes-nous\/#primaryimage"},"thumbnailUrl":"http:\/\/lagirardiere-vendee.fr\/wp-content\/uploads\/2020\/12\/Celine-et-Renaud-1.jpg","datePublished":"2016-12-08T09:35:03+00:00","dateModified":"2022-08-26T15:16:24+00:00","description":"C\u00e9line Dalbera-Landoas et Renaud Dalbera sont propri\u00e9taires de La Girardi\u00e8re depuis 2016 et proposent \u00e0 la location trois g\u00eetes de charme","breadcrumb":{"@id":"https:\/\/lagirardiere-vendee.fr\/index.php\/la-girardiere-qui-sommes-nous\/#breadcrumb"},"inLanguage":"fr-FR","potentialAction":[{"@type":"ReadAction","target":["https:\/\/lagirardiere-vendee.fr\/index.php\/la-girardiere-qui-sommes-nous\/"]}]},{"@type":"ImageObject","inLanguage":"fr-FR","@id":"https:\/\/lagirardiere-vendee.fr\/index.php\/la-girardiere-qui-sommes-nous\/#primaryimage","url":"https:\/\/lagirardiere-vendee.fr\/wp-content\/uploads\/2020\/12\/Celine-et-Renaud-1.jpg","contentUrl":"https:\/\/lagirardiere-vendee.fr\/wp-content\/uploads\/2020\/12\/Celine-et-Renaud-1.jpg","width":1233,"height":287},{"@type":"BreadcrumbList","@id":"https:\/\/lagirardiere-vendee.fr\/index.php\/la-girardiere-qui-sommes-nous\/#breadcrumb","itemListElement":[{"@type":"ListItem","position":1,"name":"Accueil","item":"https:\/\/lagirardiere-vendee.fr\/"},{"@type":"ListItem","position":2,"name":"Qui sommes-nous ?"}]},{"@type":"WebSite","@id":"https:\/\/lagirardiere-vendee.fr\/#website","url":"https:\/\/lagirardiere-vendee.fr\/","name":"Domaine de La Girardi\u00e8re","description":"Location de g\u00eetes de caract\u00e8re en Vend\u00e9e","publisher":{"@id":"https:\/\/lagirardiere-vendee.fr\/#organization"},"potentialAction":[{"@type":"SearchAction","target":{"@type":"EntryPoint","urlTemplate":"https:\/\/lagirardiere-vendee.fr\/?s={search_term_string}"},"query-input":{"@type":"PropertyValueSpecification","valueRequired":true,"valueName":"search_term_string"}}],"inLanguage":"fr-FR"},{"@type":"Organization","@id":"https:\/\/lagirardiere-vendee.fr\/#organization","name":"SAS Domaine de La Girardi\u00e8re","url":"https:\/\/lagirardiere-vendee.fr\/","logo":{"@type":"ImageObject","inLanguage":"fr-FR","@id":"https:\/\/lagirardiere-vendee.fr\/#\/schema\/logo\/image\/","url":"http:\/\/lagirardiere-vendee.fr\/wp-content\/uploads\/2020\/01\/Image2-1.png","contentUrl":"http:\/\/lagirardiere-vendee.fr\/wp-content\/uploads\/2020\/01\/Image2-1.png","width":159,"height":160,"caption":"SAS Domaine de La Girardi\u00e8re"},"image":{"@id":"https:\/\/lagirardiere-vendee.fr\/#\/schema\/logo\/image\/"},"sameAs":["https:\/\/www.facebook.com\/domainedelagirardiereenvendee"]}]}},"jetpack_sharing_enabled":true,"jetpack_shortlink":"https:\/\/wp.me\/PaEc2P-2B","_links":{"self":[{"href":"https:\/\/lagirardiere-vendee.fr\/index.php\/wp-json\/wp\/v2\/pages\/161","targetHints":{"allow":["GET"]}}],"collection":[{"href":"https:\/\/lagirardiere-vendee.fr\/index.php\/wp-json\/wp\/v2\/pages"}],"about":[{"href":"https:\/\/lagirardiere-vendee.fr\/index.php\/wp-json\/wp\/v2\/types\/page"}],"author":[{"embeddable":true,"href":"https:\/\/lagirardiere-vendee.fr\/index.php\/wp-json\/wp\/v2\/users\/1"}],"replies":[{"embeddable":true,"href":"https:\/\/lagirardiere-vendee.fr\/index.php\/wp-json\/wp\/v2\/comments?post=161"}],"version-history":[{"count":5,"href":"https:\/\/lagirardiere-vendee.fr\/index.php\/wp-json\/wp\/v2\/pages\/161\/revisions"}],"predecessor-version":[{"id":2097,"href":"https:\/\/lagirardiere-vendee.fr\/index.php\/wp-json\/wp\/v2\/pages\/161\/revisions\/2097"}],"wp:attachment":[{"href":"https:\/\/lagirardiere-vendee.fr\/index.php\/wp-json\/wp\/v2\/media?parent=161"}],"curies":[{"name":"wp","href":"https:\/\/api.w.org\/{rel}","templated":true}]}}