{"id":1087,"date":"2019-04-16T17:13:57","date_gmt":"2019-04-16T15:13:57","guid":{"rendered":"http:\/\/lagirardiere-vendee.fr\/?page_id=1087"},"modified":"2024-07-30T17:58:19","modified_gmt":"2024-07-30T15:58:19","slug":"plage-a-30-mn-de-la-girardiere","status":"publish","type":"page","link":"https:\/\/lagirardiere-vendee.fr\/index.php\/plage-a-30-mn-de-la-girardiere\/","title":{"rendered":"Plages"},"content":{"rendered":"<p>La Vend\u00e9e est r\u00e9put\u00e9e pour ses belles grandes plages de sable fin.<\/p>\n<p><a href=\"https:\/\/www.mairie-longevillesurmer.fr\/listes\/les-plages\/\" target=\"_blank\" rel=\"noopener\">Les plages de Longeville-sur-mer<\/a> sont \u00e0 environ 30 mn de La Girardi\u00e8re: bord\u00e9es d&rsquo;une magnifique for\u00eat domaniale compos\u00e9e de pins et de ch\u00eanes verts, elles offrent de vastes espaces de baignade et de d\u00e9tente. Entre la plage du Bouil, la plage des Rochers et la plage des Conches, vous aurez l&#8217;embarras du choix !<\/p>\n<p>La <a href=\"https:\/\/www.vendee-tourisme.com\/plage-du-veillon\/talmont-saint-hilaire\/loipdl085v5036kw\" target=\"_blank\" rel=\"noopener\">plage du Veillon<\/a>, \u00e0 Talmont-Saint-Hilaire est \u00e0 environ 40 mn de La Girardi\u00e8re. Elle est situ\u00e9e dans l&rsquo;estuaire du Payr\u00e9, class\u00e9 \u00ab\u00a0Grand ensemble naturel\u00a0\u00bb et en lice pour la labellisation \u00ab\u00a0Grand site de France\u00a0\u00bb.<\/p>\n<p>Si vous avez envie de faire profiter votre chien des bienfaits de la mer, consultez la <a href=\"https:\/\/www.vendee-tourisme.com\/plages-accessibles-aux-chiens-en-vendee\" target=\"_blank\" rel=\"noopener\">liste des plages accessibles aux chiens<\/a>.<\/p>\n<p>Profitez des plages de Vend\u00e9e sans mod\u00e9ration toute l&rsquo;ann\u00e9e !<\/p>\n","protected":false},"excerpt":{"rendered":"<p>La Vend\u00e9e est r\u00e9put\u00e9e pour ses belles grandes plages de sable fin. Les plages de Longeville-sur-mer sont \u00e0 environ 30 mn de La Girardi\u00e8re: bord\u00e9es d&rsquo;une magnifique for\u00eat domaniale compos\u00e9e de pins et de ch\u00eanes verts, elles offrent&#8230;<\/p>\n","protected":false},"author":1,"featured_media":1088,"parent":0,"menu_order":2,"comment_status":"closed","ping_status":"closed","template":"page-templates\/template-services.php","meta":{"jetpack_post_was_ever_published":false,"footnotes":""},"class_list":["post-1087","page","type-page","status-publish","has-post-thumbnail","hentry"],"yoast_head":"<!-- This site is optimized with the Yoast SEO plugin v27.4 - https:\/\/yoast.com\/product\/yoast-seo-wordpress\/ -->\n<title>Plages | Domaine de La Girardi\u00e8re<\/title>\n<meta name=\"description\" content=\"magnifiques plages de sable fin et balades en for\u00eat \u00e0 30 mn de La Girardi\u00e8re\" \/>\n<meta name=\"robots\" content=\"index, follow, max-snippet:-1, max-image-preview:large, max-video-preview:-1\" \/>\n<link rel=\"canonical\" href=\"https:\/\/lagirardiere-vendee.fr\/index.php\/plage-a-30-mn-de-la-girardiere\/\" \/>\n<meta property=\"og:locale\" content=\"fr_FR\" \/>\n<meta property=\"og:type\" content=\"article\" \/>\n<meta property=\"og:title\" content=\"Plages | Domaine de La Girardi\u00e8re\" \/>\n<meta property=\"og:description\" content=\"magnifiques plages de sable fin et balades en for\u00eat \u00e0 30 mn de La Girardi\u00e8re\" \/>\n<meta property=\"og:url\" content=\"https:\/\/lagirardiere-vendee.fr\/index.php\/plage-a-30-mn-de-la-girardiere\/\" \/>\n<meta property=\"og:site_name\" content=\"Domaine de La Girardi\u00e8re\" \/>\n<meta property=\"article:publisher\" content=\"https:\/\/www.facebook.com\/domainedelagirardiereenvendee\" \/>\n<meta property=\"article:modified_time\" content=\"2024-07-30T15:58:19+00:00\" \/>\n<meta property=\"og:image\" content=\"https:\/\/lagirardiere-vendee.fr\/wp-content\/uploads\/2019\/04\/P1050910-1024x680.jpg\" \/>\n\t<meta property=\"og:image:width\" content=\"1024\" \/>\n\t<meta property=\"og:image:height\" content=\"680\" \/>\n\t<meta property=\"og:image:type\" content=\"image\/jpeg\" \/>\n<meta name=\"twitter:card\" content=\"summary_large_image\" \/>\n<meta name=\"twitter:label1\" content=\"Dur\u00e9e de lecture estim\u00e9e\" \/>\n\t<meta name=\"twitter:data1\" content=\"1 minute\" \/>\n<script type=\"application\/ld+json\" class=\"yoast-schema-graph\">{\"@context\":\"https:\\\/\\\/schema.org\",\"@graph\":[{\"@type\":\"WebPage\",\"@id\":\"https:\\\/\\\/lagirardiere-vendee.fr\\\/index.php\\\/plage-a-30-mn-de-la-girardiere\\\/\",\"url\":\"https:\\\/\\\/lagirardiere-vendee.fr\\\/index.php\\\/plage-a-30-mn-de-la-girardiere\\\/\",\"name\":\"Plages | Domaine de La Girardi\u00e8re\",\"isPartOf\":{\"@id\":\"https:\\\/\\\/lagirardiere-vendee.fr\\\/#website\"},\"primaryImageOfPage\":{\"@id\":\"https:\\\/\\\/lagirardiere-vendee.fr\\\/index.php\\\/plage-a-30-mn-de-la-girardiere\\\/#primaryimage\"},\"image\":{\"@id\":\"https:\\\/\\\/lagirardiere-vendee.fr\\\/index.php\\\/plage-a-30-mn-de-la-girardiere\\\/#primaryimage\"},\"thumbnailUrl\":\"https:\\\/\\\/lagirardiere-vendee.fr\\\/wp-content\\\/uploads\\\/2019\\\/04\\\/P1050910.jpg\",\"datePublished\":\"2019-04-16T15:13:57+00:00\",\"dateModified\":\"2024-07-30T15:58:19+00:00\",\"description\":\"magnifiques plages de sable fin et balades en for\u00eat \u00e0 30 mn de La Girardi\u00e8re\",\"breadcrumb\":{\"@id\":\"https:\\\/\\\/lagirardiere-vendee.fr\\\/index.php\\\/plage-a-30-mn-de-la-girardiere\\\/#breadcrumb\"},\"inLanguage\":\"fr-FR\",\"potentialAction\":[{\"@type\":\"ReadAction\",\"target\":[\"https:\\\/\\\/lagirardiere-vendee.fr\\\/index.php\\\/plage-a-30-mn-de-la-girardiere\\\/\"]}]},{\"@type\":\"ImageObject\",\"inLanguage\":\"fr-FR\",\"@id\":\"https:\\\/\\\/lagirardiere-vendee.fr\\\/index.php\\\/plage-a-30-mn-de-la-girardiere\\\/#primaryimage\",\"url\":\"https:\\\/\\\/lagirardiere-vendee.fr\\\/wp-content\\\/uploads\\\/2019\\\/04\\\/P1050910.jpg\",\"contentUrl\":\"https:\\\/\\\/lagirardiere-vendee.fr\\\/wp-content\\\/uploads\\\/2019\\\/04\\\/P1050910.jpg\",\"width\":2048,\"height\":1360,\"caption\":\"Plage de Longeville-sur-mer\"},{\"@type\":\"BreadcrumbList\",\"@id\":\"https:\\\/\\\/lagirardiere-vendee.fr\\\/index.php\\\/plage-a-30-mn-de-la-girardiere\\\/#breadcrumb\",\"itemListElement\":[{\"@type\":\"ListItem\",\"position\":1,\"name\":\"Accueil\",\"item\":\"https:\\\/\\\/lagirardiere-vendee.fr\\\/\"},{\"@type\":\"ListItem\",\"position\":2,\"name\":\"Plages\"}]},{\"@type\":\"WebSite\",\"@id\":\"https:\\\/\\\/lagirardiere-vendee.fr\\\/#website\",\"url\":\"https:\\\/\\\/lagirardiere-vendee.fr\\\/\",\"name\":\"Domaine de La Girardi\u00e8re\",\"description\":\"Location de g\u00eetes de caract\u00e8re en Vend\u00e9e\",\"publisher\":{\"@id\":\"https:\\\/\\\/lagirardiere-vendee.fr\\\/#organization\"},\"potentialAction\":[{\"@type\":\"SearchAction\",\"target\":{\"@type\":\"EntryPoint\",\"urlTemplate\":\"https:\\\/\\\/lagirardiere-vendee.fr\\\/?s={search_term_string}\"},\"query-input\":{\"@type\":\"PropertyValueSpecification\",\"valueRequired\":true,\"valueName\":\"search_term_string\"}}],\"inLanguage\":\"fr-FR\"},{\"@type\":\"Organization\",\"@id\":\"https:\\\/\\\/lagirardiere-vendee.fr\\\/#organization\",\"name\":\"SAS Domaine de La Girardi\u00e8re\",\"url\":\"https:\\\/\\\/lagirardiere-vendee.fr\\\/\",\"logo\":{\"@type\":\"ImageObject\",\"inLanguage\":\"fr-FR\",\"@id\":\"https:\\\/\\\/lagirardiere-vendee.fr\\\/#\\\/schema\\\/logo\\\/image\\\/\",\"url\":\"http:\\\/\\\/lagirardiere-vendee.fr\\\/wp-content\\\/uploads\\\/2020\\\/01\\\/Image2-1.png\",\"contentUrl\":\"http:\\\/\\\/lagirardiere-vendee.fr\\\/wp-content\\\/uploads\\\/2020\\\/01\\\/Image2-1.png\",\"width\":159,\"height\":160,\"caption\":\"SAS Domaine de La Girardi\u00e8re\"},\"image\":{\"@id\":\"https:\\\/\\\/lagirardiere-vendee.fr\\\/#\\\/schema\\\/logo\\\/image\\\/\"},\"sameAs\":[\"https:\\\/\\\/www.facebook.com\\\/domainedelagirardiereenvendee\"]}]}<\/script>\n<!-- \/ Yoast SEO plugin. -->","yoast_head_json":{"title":"Plages | Domaine de La Girardi\u00e8re","description":"magnifiques plages de sable fin et balades en for\u00eat \u00e0 30 mn de La Girardi\u00e8re","robots":{"index":"index","follow":"follow","max-snippet":"max-snippet:-1","max-image-preview":"max-image-preview:large","max-video-preview":"max-video-preview:-1"},"canonical":"https:\/\/lagirardiere-vendee.fr\/index.php\/plage-a-30-mn-de-la-girardiere\/","og_locale":"fr_FR","og_type":"article","og_title":"Plages | Domaine de La Girardi\u00e8re","og_description":"magnifiques plages de sable fin et balades en for\u00eat \u00e0 30 mn de La Girardi\u00e8re","og_url":"https:\/\/lagirardiere-vendee.fr\/index.php\/plage-a-30-mn-de-la-girardiere\/","og_site_name":"Domaine de La Girardi\u00e8re","article_publisher":"https:\/\/www.facebook.com\/domainedelagirardiereenvendee","article_modified_time":"2024-07-30T15:58:19+00:00","og_image":[{"width":1024,"height":680,"url":"https:\/\/lagirardiere-vendee.fr\/wp-content\/uploads\/2019\/04\/P1050910-1024x680.jpg","type":"image\/jpeg"}],"twitter_card":"summary_large_image","twitter_misc":{"Dur\u00e9e de lecture estim\u00e9e":"1 minute"},"schema":{"@context":"https:\/\/schema.org","@graph":[{"@type":"WebPage","@id":"https:\/\/lagirardiere-vendee.fr\/index.php\/plage-a-30-mn-de-la-girardiere\/","url":"https:\/\/lagirardiere-vendee.fr\/index.php\/plage-a-30-mn-de-la-girardiere\/","name":"Plages | Domaine de La Girardi\u00e8re","isPartOf":{"@id":"https:\/\/lagirardiere-vendee.fr\/#website"},"primaryImageOfPage":{"@id":"https:\/\/lagirardiere-vendee.fr\/index.php\/plage-a-30-mn-de-la-girardiere\/#primaryimage"},"image":{"@id":"https:\/\/lagirardiere-vendee.fr\/index.php\/plage-a-30-mn-de-la-girardiere\/#primaryimage"},"thumbnailUrl":"https:\/\/lagirardiere-vendee.fr\/wp-content\/uploads\/2019\/04\/P1050910.jpg","datePublished":"2019-04-16T15:13:57+00:00","dateModified":"2024-07-30T15:58:19+00:00","description":"magnifiques plages de sable fin et balades en for\u00eat \u00e0 30 mn de La Girardi\u00e8re","breadcrumb":{"@id":"https:\/\/lagirardiere-vendee.fr\/index.php\/plage-a-30-mn-de-la-girardiere\/#breadcrumb"},"inLanguage":"fr-FR","potentialAction":[{"@type":"ReadAction","target":["https:\/\/lagirardiere-vendee.fr\/index.php\/plage-a-30-mn-de-la-girardiere\/"]}]},{"@type":"ImageObject","inLanguage":"fr-FR","@id":"https:\/\/lagirardiere-vendee.fr\/index.php\/plage-a-30-mn-de-la-girardiere\/#primaryimage","url":"https:\/\/lagirardiere-vendee.fr\/wp-content\/uploads\/2019\/04\/P1050910.jpg","contentUrl":"https:\/\/lagirardiere-vendee.fr\/wp-content\/uploads\/2019\/04\/P1050910.jpg","width":2048,"height":1360,"caption":"Plage de Longeville-sur-mer"},{"@type":"BreadcrumbList","@id":"https:\/\/lagirardiere-vendee.fr\/index.php\/plage-a-30-mn-de-la-girardiere\/#breadcrumb","itemListElement":[{"@type":"ListItem","position":1,"name":"Accueil","item":"https:\/\/lagirardiere-vendee.fr\/"},{"@type":"ListItem","position":2,"name":"Plages"}]},{"@type":"WebSite","@id":"https:\/\/lagirardiere-vendee.fr\/#website","url":"https:\/\/lagirardiere-vendee.fr\/","name":"Domaine de La Girardi\u00e8re","description":"Location de g\u00eetes de caract\u00e8re en Vend\u00e9e","publisher":{"@id":"https:\/\/lagirardiere-vendee.fr\/#organization"},"potentialAction":[{"@type":"SearchAction","target":{"@type":"EntryPoint","urlTemplate":"https:\/\/lagirardiere-vendee.fr\/?s={search_term_string}"},"query-input":{"@type":"PropertyValueSpecification","valueRequired":true,"valueName":"search_term_string"}}],"inLanguage":"fr-FR"},{"@type":"Organization","@id":"https:\/\/lagirardiere-vendee.fr\/#organization","name":"SAS Domaine de La Girardi\u00e8re","url":"https:\/\/lagirardiere-vendee.fr\/","logo":{"@type":"ImageObject","inLanguage":"fr-FR","@id":"https:\/\/lagirardiere-vendee.fr\/#\/schema\/logo\/image\/","url":"http:\/\/lagirardiere-vendee.fr\/wp-content\/uploads\/2020\/01\/Image2-1.png","contentUrl":"http:\/\/lagirardiere-vendee.fr\/wp-content\/uploads\/2020\/01\/Image2-1.png","width":159,"height":160,"caption":"SAS Domaine de La Girardi\u00e8re"},"image":{"@id":"https:\/\/lagirardiere-vendee.fr\/#\/schema\/logo\/image\/"},"sameAs":["https:\/\/www.facebook.com\/domainedelagirardiereenvendee"]}]}},"jetpack_sharing_enabled":true,"jetpack_shortlink":"https:\/\/wp.me\/PaEc2P-hx","_links":{"self":[{"href":"https:\/\/lagirardiere-vendee.fr\/index.php\/wp-json\/wp\/v2\/pages\/1087","targetHints":{"allow":["GET"]}}],"collection":[{"href":"https:\/\/lagirardiere-vendee.fr\/index.php\/wp-json\/wp\/v2\/pages"}],"about":[{"href":"https:\/\/lagirardiere-vendee.fr\/index.php\/wp-json\/wp\/v2\/types\/page"}],"author":[{"embeddable":true,"href":"https:\/\/lagirardiere-vendee.fr\/index.php\/wp-json\/wp\/v2\/users\/1"}],"replies":[{"embeddable":true,"href":"https:\/\/lagirardiere-vendee.fr\/index.php\/wp-json\/wp\/v2\/comments?post=1087"}],"version-history":[{"count":4,"href":"https:\/\/lagirardiere-vendee.fr\/index.php\/wp-json\/wp\/v2\/pages\/1087\/revisions"}],"predecessor-version":[{"id":2453,"href":"https:\/\/lagirardiere-vendee.fr\/index.php\/wp-json\/wp\/v2\/pages\/1087\/revisions\/2453"}],"wp:featuredmedia":[{"embeddable":true,"href":"https:\/\/lagirardiere-vendee.fr\/index.php\/wp-json\/wp\/v2\/media\/1088"}],"wp:attachment":[{"href":"https:\/\/lagirardiere-vendee.fr\/index.php\/wp-json\/wp\/v2\/media?parent=1087"}],"curies":[{"name":"wp","href":"https:\/\/api.w.org\/{rel}","templated":true}]}}